{"id":1905,"date":"2019-08-21T11:00:49","date_gmt":"2019-08-21T11:00:49","guid":{"rendered":"http:\/\/test.vigilant.es\/?page_id=1905"},"modified":"2019-08-21T11:00:49","modified_gmt":"2019-08-21T11:00:49","slug":"eigentum-an-der-website","status":"publish","type":"page","link":"https:\/\/vigilant.es\/de\/eigentum-an-der-website\/","title":{"rendered":"EIGENTUM AN DER WEBSITE"},"content":{"rendered":"<p>Dieser rechtliche Hinweis regelt die allgemeinen Bedingungen f\u00fcr den Zugang und die Nutzung der unter der URL https:\/\/vigilant.es (im Folgenden die Website) zug\u00e4nglichen Website, die Vigilant den Internetnutzern zur Verf\u00fcgung stellt.<br \/>\nDie Nutzung der Website setzt die uneingeschr\u00e4nkte Zustimmung zu jeder einzelnen der in diesem rechtlichen Hinweis enthaltenen Bestimmungen voraus. Folglich muss der Benutzer der Website diesen rechtlichen Hinweis jedes Mal sorgf\u00e4ltig lesen, wenn er die Website nutzen m\u00f6chte, da der Text nach Ermessen des Eigent\u00fcmers der Website oder aufgrund einer \u00c4nderung der Gesetzgebung, der Rechtsprechung oder der Gesch\u00e4ftspraxis ge\u00e4ndert werden kann.<\/p>\n<h2>1. EIGENTUM AN DER WEBSITE<\/h2>\n<p>Firmenname: RADIOOBIT SISTEMAS SL<br \/>\nName des Inhabers: RADIOOBIT SISTEMAS SL<br \/>\nEingetragener Firmensitz: C\/ Relleu, 4 Edif. R\u00f6mer 2 Escalera 3, Lokal 3<br \/>\nStadt: Benidorm<br \/>\nProvinz: Alacant<br \/>\nPostleitzahl: 03502<br \/>\nUmsatzsteuer-Identifikationsnummer: B03961554<br \/>\nKontakt Telefon: 965856457<br \/>\nE-Mail: info@vigilant.es<br \/>\nDetails zur Registrierung:<\/p>\n<h2>2. ZWECK<\/h2>\n<p>Die Website bietet den Nutzern Zugang zu Informationen und Dienstleistungen, die von Vigilant f\u00fcr die an ihnen interessierten Personen oder Organisationen bereitgestellt werden.<\/p>\n<h2>3. ZUGANG UND NUTZUNG DES INTERNETS<\/h2>\n<p>3.1.- Freier Zugang und Nutzung der Website.<br \/>\nDer Zugang zur Website ist f\u00fcr die Nutzer der Website kostenlos.<br \/>\n3.2.- Registrierung der Nutzer.<br \/>\nIm Allgemeinen erfordert der Zugang zu und die Nutzung der Website keine vorherige Anmeldung oder Registrierung der Benutzer der Website.<\/p>\n<h2>4. WEB INHALT<\/h2>\n<p>Die vom Eigent\u00fcmer der Website verwendete Sprache ist Spanisch. Vigilant ist nicht verantwortlich f\u00fcr das Nicht-Verstehen oder Verstehen der Sprache der Website durch den Benutzer oder deren Folgen.<br \/>\nVigilant kann die Inhalte ohne vorherige Ank\u00fcndigung \u00e4ndern, l\u00f6schen und \u00e4ndern, sowie die Art und Weise, wie auf sie zugegriffen wird, ohne jegliche Rechtfertigung und freiwillig, und ist nicht verantwortlich f\u00fcr die Folgen, die sie f\u00fcr die Benutzer mit sich bringen k\u00f6nnen.<br \/>\nEs ist verboten, den Inhalt der Website zu nutzen, um ohne die Erlaubnis von Vigilant Werbung oder Informationen selbst oder Dritte zu bewerben, zu vermarkten oder zu verbreiten oder Werbung oder Informationen \u00fcber die den Nutzern zur Verf\u00fcgung gestellten Dienste oder Informationen zu versenden, unabh\u00e4ngig davon, ob die Nutzung kostenlos ist oder nicht.<br \/>\nDie Links oder Hyperlinks, die Dritte in ihre Webseiten einbinden, die auf diese Webseite verweisen, dienen der \u00d6ffnung der gesamten Webseite und sind nicht in der Lage, direkt oder indirekt falsche, ungenaue oder verwirrte Angaben zu machen oder unlautere oder rechtswidrige Handlungen gegen Vigilant vorzunehmen.<\/p>\n<h2>5.- HAFTUNGSBESCHR\u00c4NKUNG<\/h2>\n<p>Sowohl der Zugriff auf die Website als auch die nicht genehmigte Nutzung der darin enthaltenen Informationen liegt in der alleinigen Verantwortung des Benutzers. Vigilant haftet nicht f\u00fcr Folgen, Sch\u00e4den oder Verluste, die sich aus diesem Zugang oder dieser Nutzung ergeben k\u00f6nnen. Vigilant ist nicht verantwortlich f\u00fcr Sicherheitsfehler, die auftreten k\u00f6nnen, oder f\u00fcr Sch\u00e4den, die am Computersystem des Benutzers (Hard- und Software) oder an Dateien oder Dokumenten, die darin gespeichert sind, infolge von:<br \/>\n&#8211; das Vorhandensein eines Virus auf dem Computer des Benutzers, der zur Verbindung mit den Diensten und Inhalten der Website verwendet wird,<br \/>\n&#8211; eine Fehlfunktion des Browsers,<br \/>\n&#8211; und\/oder die Verwendung von nicht aktualisierten Versionen davon.<br \/>\nVigilant ist nicht verantwortlich f\u00fcr die Zuverl\u00e4ssigkeit und Schnelligkeit der im Internet eingebauten Hyperlinks zum \u00d6ffnen durch Dritte. Vigilant garantiert nicht die N\u00fctzlichkeit dieser Links und ist auch nicht verantwortlich f\u00fcr die Inhalte oder Dienstleistungen, auf die der Benutzer \u00fcber diese Links zugreifen kann, sowie f\u00fcr das ordnungsgem\u00e4\u00dfe Funktionieren dieser Websites.<br \/>\nVigilant ist nicht verantwortlich f\u00fcr Viren oder andere Computerprogramme, die die Computersysteme oder -ausr\u00fcstung der Benutzer beim Zugriff auf seine Website oder andere Websites, auf die \u00fcber Links von dieser Website aus zugegriffen wurde, beeintr\u00e4chtigen oder beeintr\u00e4chtigen k\u00f6nnen.<\/p>\n<h2>6. VERWENDUNG DER &#8222;COOKIE&#8220;-TECHNOLOGIE<\/h2>\n<p>Die Website verwendet keine Cookies oder andere unsichtbare Verfahren zur Sammlung von Informationen, wenn der Benutzer durch sie navigiert, wobei die Vertraulichkeit und Privatsph\u00e4re derselben jederzeit gewahrt bleibt.<br \/>\n*BEIM EINSATZ VON COOKIES, SOLLTEN SIE DEN ABSCHNITT \u00dcBER DIE VERWENDUNG VON COOKIES BEACHTEN.\u00a0 Die Website verwendet Cookies, Sie k\u00f6nnen unsere Cookie-Richtlinie einsehen, die jederzeit die Vertraulichkeit und Privatsph\u00e4re derselben respektiert.<\/p>\n<h2>7. GEISTIGES UND GEWERBLICHES EIGENTUM<\/h2>\n<p>Alle gewerblichen und geistigen Eigentumsrechte der Website sowie der darin enthaltenen Inhalte sind Eigentum von Vigilant. Jede Nutzung der Website oder ihrer Inhalte darf ausschlie\u00dflich privat erfolgen. Es ist ausschlie\u00dflich f\u00fcr&#8230;, jede andere Verwendung, die das Kopieren, Vervielf\u00e4ltigen, Verbreiten, Verteilen, Ver\u00e4ndern, \u00f6ffentliche Kommunikation oder eine andere \u00e4hnliche Aktion des gesamten oder eines Teils des Inhalts der Website beinhaltet, so dass kein Benutzer diese Aktionen ohne die vorherige schriftliche Genehmigung von Vigilant durchf\u00fchren darf.<\/p>\n<h2>8. DATENSCHUTZERKL\u00c4RUNG<\/h2>\n<p>Vigilant garantiert den Schutz und die Vertraulichkeit von personenbezogenen Daten jeglicher Art, die von unseren Kundenunternehmen in \u00dcbereinstimmung mit den Bestimmungen des Gesetzes 15\/1999 vom 13. Dezember \u00fcber den Schutz personenbezogener Daten bereitgestellt werden.<\/p>\n<p>Alle Daten, die unsere Kundenunternehmen Vigilant oder seinen Mitarbeitern zur Verf\u00fcgung stellen, werden in eine automatisierte Datei mit personenbezogenen Daten aufgenommen, die unter der Verantwortung von Vigilant erstellt und verwaltet wird und f\u00fcr die Erbringung der von den Benutzern angeforderten Dienstleistungen unerl\u00e4sslich ist.<\/p>\n<p>Die angegebenen Daten werden gem\u00e4\u00df der Verordnung \u00fcber Sicherheitsma\u00dfnahmen (K\u00f6niglicher Erlass 1720\/2007 vom 21. Dezember) behandelt, in diesem Sinne hat Vigilant die gesetzlich vorgeschriebenen Sicherheitsma\u00dfnahmen eingerichtet und alle ihr zur Verf\u00fcgung stehenden technischen Ma\u00dfnahmen getroffen, um Verlust, Missbrauch, Ver\u00e4nderung und unbefugten Zugriff durch Dritte zu verhindern. Der Nutzer muss sich jedoch bewusst sein, dass Internet-Sicherheitsma\u00dfnahmen nicht un\u00fcberwindbar sind. F\u00fcr den Fall, dass der Nutzer es f\u00fcr zweckm\u00e4\u00dfig h\u00e4lt, seine personenbezogenen Daten an andere Unternehmen zu \u00fcbermitteln, wird er \u00fcber die \u00fcbermittelten Daten, den Zweck der Datei und den Namen und die Adresse des \u00dcbernehmers informiert, damit er seine diesbez\u00fcgliche eindeutige Zustimmung erteilen kann.<\/p>\n<p>In \u00dcbereinstimmung mit den Bestimmungen des Datenschutzgesetzes kann der Nutzer sein Recht auf Zugang, Berichtigung, L\u00f6schung und Widerspruch aus\u00fcben. Um dies zu tun, m\u00fcssen Sie uns unter info@vigilant.es kontaktieren.<\/p>\n<h2>9. GELTENDES RECHT UND ZUST\u00c4NDIGE GERICHTSBARKEIT<\/h2>\n<p>Diese rechtlichen Hinweise werden in \u00dcbereinstimmung mit dem spanischen Recht ausgelegt und geregelt. Vigilant und die Benutzer unter ausdr\u00fccklichem Verzicht auf jede andere anwendbare Gerichtsbarkeit unterwerfen sich den Gerichten am Wohnsitz des Benutzers f\u00fcr alle Streitigkeiten, die sich aus dem Zugang oder der Nutzung des Web ergeben k\u00f6nnen. F\u00fcr den Fall, dass der Benutzer seinen Wohnsitz au\u00dferhalb Spaniens hat, wenden sich Vigilant und der Benutzer unter ausdr\u00fccklichem Verzicht auf eine andere Zust\u00e4ndigkeit an die Gerichte am Wohnsitz von Vigilant.<\/p>\n","protected":false},"excerpt":{"rendered":"<p>Dieser rechtliche Hinweis regelt die allgemeinen Bedingungen f\u00fcr den Zugang und die Nutzung der unter der  [&#8230;]<\/p>\n","protected":false},"author":21,"featured_media":0,"parent":0,"menu_order":100,"comment_status":"closed","ping_status":"closed","template":"","meta":{"content-type":"","footnotes":""},"casos_de_exito":[],"class_list":["post-1905","page","type-page","status-publish","hentry"],"yoast_head":"<!-- This site is optimized with the Yoast SEO plugin v27.3 - https:\/\/yoast.com\/product\/yoast-seo-wordpress\/ -->\n<title>EIGENTUM AN DER WEBSITE - Vigilant | Control Horario<\/title>\n<meta name=\"robots\" content=\"noindex, nofollow\" \/>\n<meta property=\"og:locale\" content=\"de_DE\" \/>\n<meta property=\"og:type\" content=\"article\" \/>\n<meta property=\"og:title\" content=\"EIGENTUM AN DER WEBSITE - Vigilant | Control Horario\" \/>\n<meta property=\"og:description\" content=\"Dieser rechtliche Hinweis regelt die allgemeinen Bedingungen f\u00fcr den Zugang und die Nutzung der unter der [...]\" \/>\n<meta property=\"og:url\" content=\"https:\/\/vigilant.es\/de\/eigentum-an-der-website\/\" \/>\n<meta property=\"og:site_name\" content=\"Vigilant | Control Horario\" \/>\n<meta name=\"twitter:card\" content=\"summary_large_image\" \/>\n<meta name=\"twitter:label1\" content=\"Gesch\u00e4tzte Lesezeit\" \/>\n\t<meta name=\"twitter:data1\" content=\"5\u00a0Minuten\" \/>\n<script type=\"application\/ld+json\" class=\"yoast-schema-graph\">{\"@context\":\"https:\\\/\\\/schema.org\",\"@graph\":[{\"@type\":\"WebPage\",\"@id\":\"https:\\\/\\\/vigilant.es\\\/de\\\/eigentum-an-der-website\\\/\",\"url\":\"https:\\\/\\\/vigilant.es\\\/de\\\/eigentum-an-der-website\\\/\",\"name\":\"EIGENTUM AN DER WEBSITE - Vigilant | Control Horario\",\"isPartOf\":{\"@id\":\"https:\\\/\\\/vigilant.es\\\/de\\\/#website\"},\"datePublished\":\"2019-08-21T11:00:49+00:00\",\"breadcrumb\":{\"@id\":\"https:\\\/\\\/vigilant.es\\\/de\\\/eigentum-an-der-website\\\/#breadcrumb\"},\"inLanguage\":\"de\",\"potentialAction\":[{\"@type\":\"ReadAction\",\"target\":[\"https:\\\/\\\/vigilant.es\\\/de\\\/eigentum-an-der-website\\\/\"]}]},{\"@type\":\"BreadcrumbList\",\"@id\":\"https:\\\/\\\/vigilant.es\\\/de\\\/eigentum-an-der-website\\\/#breadcrumb\",\"itemListElement\":[{\"@type\":\"ListItem\",\"position\":1,\"name\":\"Portada\",\"item\":\"https:\\\/\\\/vigilant.es\\\/de\\\/\"},{\"@type\":\"ListItem\",\"position\":2,\"name\":\"EIGENTUM AN DER WEBSITE\"}]},{\"@type\":\"WebSite\",\"@id\":\"https:\\\/\\\/vigilant.es\\\/de\\\/#website\",\"url\":\"https:\\\/\\\/vigilant.es\\\/de\\\/\",\"name\":\"Vigilant | Control Horario\",\"description\":\"Control Horario | Control Horas Empleados\",\"potentialAction\":[{\"@type\":\"SearchAction\",\"target\":{\"@type\":\"EntryPoint\",\"urlTemplate\":\"https:\\\/\\\/vigilant.es\\\/de\\\/?s={search_term_string}\"},\"query-input\":{\"@type\":\"PropertyValueSpecification\",\"valueRequired\":true,\"valueName\":\"search_term_string\"}}],\"inLanguage\":\"de\"}]}<\/script>\n<!-- \/ Yoast SEO plugin. -->","yoast_head_json":{"title":"EIGENTUM AN DER WEBSITE - Vigilant | Control Horario","robots":{"index":"noindex","follow":"nofollow"},"og_locale":"de_DE","og_type":"article","og_title":"EIGENTUM AN DER WEBSITE - Vigilant | Control Horario","og_description":"Dieser rechtliche Hinweis regelt die allgemeinen Bedingungen f\u00fcr den Zugang und die Nutzung der unter der [...]","og_url":"https:\/\/vigilant.es\/de\/eigentum-an-der-website\/","og_site_name":"Vigilant | Control Horario","twitter_card":"summary_large_image","twitter_misc":{"Gesch\u00e4tzte Lesezeit":"5\u00a0Minuten"},"schema":{"@context":"https:\/\/schema.org","@graph":[{"@type":"WebPage","@id":"https:\/\/vigilant.es\/de\/eigentum-an-der-website\/","url":"https:\/\/vigilant.es\/de\/eigentum-an-der-website\/","name":"EIGENTUM AN DER WEBSITE - Vigilant | Control Horario","isPartOf":{"@id":"https:\/\/vigilant.es\/de\/#website"},"datePublished":"2019-08-21T11:00:49+00:00","breadcrumb":{"@id":"https:\/\/vigilant.es\/de\/eigentum-an-der-website\/#breadcrumb"},"inLanguage":"de","potentialAction":[{"@type":"ReadAction","target":["https:\/\/vigilant.es\/de\/eigentum-an-der-website\/"]}]},{"@type":"BreadcrumbList","@id":"https:\/\/vigilant.es\/de\/eigentum-an-der-website\/#breadcrumb","itemListElement":[{"@type":"ListItem","position":1,"name":"Portada","item":"https:\/\/vigilant.es\/de\/"},{"@type":"ListItem","position":2,"name":"EIGENTUM AN DER WEBSITE"}]},{"@type":"WebSite","@id":"https:\/\/vigilant.es\/de\/#website","url":"https:\/\/vigilant.es\/de\/","name":"Vigilant | Control Horario","description":"Control Horario | Control Horas Empleados","potentialAction":[{"@type":"SearchAction","target":{"@type":"EntryPoint","urlTemplate":"https:\/\/vigilant.es\/de\/?s={search_term_string}"},"query-input":{"@type":"PropertyValueSpecification","valueRequired":true,"valueName":"search_term_string"}}],"inLanguage":"de"}]}},"_links":{"self":[{"href":"https:\/\/vigilant.es\/de\/wp-json\/wp\/v2\/pages\/1905","targetHints":{"allow":["GET"]}}],"collection":[{"href":"https:\/\/vigilant.es\/de\/wp-json\/wp\/v2\/pages"}],"about":[{"href":"https:\/\/vigilant.es\/de\/wp-json\/wp\/v2\/types\/page"}],"author":[{"embeddable":true,"href":"https:\/\/vigilant.es\/de\/wp-json\/wp\/v2\/users\/21"}],"replies":[{"embeddable":true,"href":"https:\/\/vigilant.es\/de\/wp-json\/wp\/v2\/comments?post=1905"}],"version-history":[{"count":1,"href":"https:\/\/vigilant.es\/de\/wp-json\/wp\/v2\/pages\/1905\/revisions"}],"predecessor-version":[{"id":1906,"href":"https:\/\/vigilant.es\/de\/wp-json\/wp\/v2\/pages\/1905\/revisions\/1906"}],"wp:attachment":[{"href":"https:\/\/vigilant.es\/de\/wp-json\/wp\/v2\/media?parent=1905"}],"wp:term":[{"taxonomy":"casos_de_exito","embeddable":true,"href":"https:\/\/vigilant.es\/de\/wp-json\/wp\/v2\/casos_de_exito?post=1905"}],"curies":[{"name":"wp","href":"https:\/\/api.w.org\/{rel}","templated":true}]}}