{"id":1942,"date":"2019-08-21T11:00:47","date_gmt":"2019-08-21T11:00:47","guid":{"rendered":"http:\/\/test.vigilant.es\/?page_id=1942"},"modified":"2019-08-21T11:00:47","modified_gmt":"2019-08-21T11:00:47","slug":"produkte","status":"publish","type":"page","link":"https:\/\/vigilant.es\/de\/produkte\/","title":{"rendered":"PRODUKTE"},"content":{"rendered":"<div class=\"fusion-fullwidth fullwidth-box fusion-builder-row-1 fusion-parallax-none nonhundred-percent-fullwidth non-hundred-percent-height-scrolling\" style=\"--awb-background-position:center bottom;--awb-background-repeat:repeat-x;--awb-border-radius-top-left:0px;--awb-border-radius-top-right:0px;--awb-border-radius-bottom-right:0px;--awb-border-radius-bottom-left:0px;--awb-padding-top:110px;--awb-padding-bottom:0px;--awb-background-color:#f0f0f0;--awb-background-image:url(&quot;https:\/\/vigilant.es\/wp-content\/uploads\/2018\/07\/backgroudn-seccion.png&quot;);--awb-border-sizes-top:0px;--awb-border-sizes-bottom:0px;--awb-flex-wrap:wrap;\" ><div class=\"fusion-builder-row fusion-row\"><div class=\"fusion-layout-column fusion_builder_column fusion-builder-column-0 fusion_builder_column_1_1 1_1 fusion-one-full fusion-column-first fusion-column-last fusion-column-no-min-height\" style=\"--awb-bg-size:cover;--awb-margin-bottom:0px;\"><div class=\"fusion-column-wrapper fusion-flex-column-wrapper-legacy\"><div class=\"fusion-title title fusion-title-1 fusion-sep-none fusion-title-center fusion-title-text fusion-title-size-one\" style=\"--awb-margin-bottom:20px;\"><h1 class=\"fusion-title-heading title-heading-center fusion-responsive-typography-calculated\" style=\"margin:0;--fontSize:40;line-height:1.4;\">PRODUKTE <span style=\"color: #313783; font-weight: 900;\">VIGILANT<\/span><\/h1><\/div><div class=\"fusion-sep-clear\"><\/div><div class=\"fusion-separator\" style=\"margin-left: auto;margin-right: auto;margin-top:30px;margin-bottom:60px;width:100%;max-width:40%;\"><div class=\"fusion-separator-border sep-single\" style=\"--awb-height:20px;--awb-amount:20px;border-color:#e0e0e0;border-top-width:1px;\"><\/div><\/div><div class=\"fusion-sep-clear\"><\/div><div class=\"fusion-clearfix\"><\/div><\/div><\/div><div class=\"fusion-layout-column fusion_builder_column fusion-builder-column-1 fusion_builder_column_1_1 1_1 fusion-one-full fusion-column-first fusion-column-last fusion-column-no-min-height\" style=\"--awb-bg-size:cover;--awb-margin-bottom:0px;\"><div class=\"fusion-column-wrapper fusion-flex-column-wrapper-legacy\"><div class=\"fusion-text fusion-text-1\"><p style=\"text-align: center; font-size: 20px;\">Productos Vigilant especialmente dise\u00f1ados para cada una de las soluciones que ofrecemos. P\u00f3ngase en contacto con nostros para obtener mucha m\u00e1s informaci\u00f3n.<\/p>\n<\/div><div class=\"fusion-sep-clear\"><\/div><div class=\"fusion-separator\" style=\"margin-left: auto;margin-right: auto;margin-top:40px;margin-bottom:40px;width:100%;max-width:60%;\"><\/div><div class=\"fusion-sep-clear\"><\/div><style type=\"text\/css\">.fusion-portfolio-wrapper#fusion-portfolio-1 .fusion-portfolio-content{ padding: 25px 25px 25px 25px; text-align: left; }<\/style><div class=\"fusion-recent-works fusion-portfolio-element fusion-portfolio fusion-portfolio-1 fusion-portfolio-masonry fusion-portfolio-paging-pagination fusion-portfolio-four fusion-portfolio-boxed fusion-portfolio-text fusion-portfolio-rollover\" data-id=\"-rw-1\" data-columns=\"four\"><div><ul class=\"fusion-filters\" role=\"menu\" aria-label=\"Portfolio Filters\"><li role=\"presentation\" class=\"fusion-filter fusion-filter-all fusion-active\"><a href=\"#\" data-filter=\"*\" role=\"menuitem\">All<\/a><\/li><li role=\"presentation\" class=\"fusion-filter fusion-hidden\"><a href=\"#\" data-filter=\".anwesenheitskontrolle\" role=\"menuitem\">ANWESENHEITSKONTROLLE<\/a><\/li><li role=\"presentation\" class=\"fusion-filter fusion-hidden\"><a href=\"#\" data-filter=\".mitarbeiterueberwachung\" role=\"menuitem\">MITARBEITER\u00dcBERWACHUNG<\/a><\/li><li role=\"presentation\" class=\"fusion-filter fusion-hidden\"><a href=\"#\" data-filter=\".rundgangueberwachung\" role=\"menuitem\">RUNDGANG\u00dcBERWACHUNG<\/a><\/li><li role=\"presentation\" class=\"fusion-filter fusion-hidden\"><a href=\"#\" data-filter=\".zeitkontrolle\" role=\"menuitem\">ZEITKONTROLLE<\/a><\/li><\/ul><\/div><style type=\"text\/css\">.fusion-portfolio-1 .fusion-portfolio-wrapper .fusion-col-spacing{padding:6px;}<\/style><div class=\"fusion-portfolio-wrapper\" id=\"fusion-portfolio-1\" data-picturesize=\"auto\" data-pages=\"1\" style=\"margin:-6px;\"><article class=\"fusion-portfolio-post fusion-grid-sizer\"><\/article><article id=\"portfolio-1-post-11266\" class=\"fusion-portfolio-post zeitkontrolle fusion-col-spacing post-11266 fusion-element-grid\"><div class=\"fusion-portfolio-content-wrapper\" style=\"border:1px solid #e8e8e8;border-bottom-width:3px;\"><span class=\"vcard rich-snippet-hidden\"><span class=\"fn\"><a href=\"https:\/\/vigilant.es\/de\/author\/soltravigilant-es\/\" title=\"Beitr\u00e4ge von soltra@vigilant.es\" rel=\"author\">soltra@vigilant.es<\/a><\/span><\/span><span class=\"updated rich-snippet-hidden\">2022-02-08T16:12:35+01:00<\/span><div  class=\"fusion-masonry-element-container fusion-image-wrapper\" style=\"background-image:url(https:\/\/vigilant.es\/wp-content\/uploads\/2018\/07\/seguridad-activa-1.png);padding-top:calc((100% + 8px) * 0.8 - 6px);\" aria-haspopup=\"true\">\n\t\t\t\t<img decoding=\"async\" width=\"301\" height=\"300\" src=\"https:\/\/vigilant.es\/wp-content\/uploads\/2018\/07\/seguridad-activa-1.png\" class=\"attachment-full size-full wp-post-image\" alt=\"AKTIVE SICHERHEIT\" srcset=\"https:\/\/vigilant.es\/wp-content\/uploads\/2018\/07\/seguridad-activa-1-200x199.png 200w, https:\/\/vigilant.es\/wp-content\/uploads\/2018\/07\/seguridad-activa-1.png 301w\" sizes=\"(min-width: 2200px) 100vw, (min-width: 856px) 284px, (min-width: 784px) 378px, (min-width: 712px) 567px, (min-width: 640px) 712px, \" \/><div class=\"fusion-rollover\">\n\t<div class=\"fusion-rollover-content\">\n\n\t\t\t\t\t\t\t\t\t\t\t\t\t\t<a class=\"fusion-rollover-link\" href=\"https:\/\/vigilant.es\/de\/productos\/aktive-sicherheit\/\">AKTIVE SICHERHEIT<\/a>\n\t\t\t\n\t\t\t\t\t\t\t\t\n\t\t\n\t\t\t\t\t\t\t\t\n\t\t\t\t\t\t\t\t\n\t\t\n\t\t\t\t\t\t<a class=\"fusion-link-wrapper\" href=\"https:\/\/vigilant.es\/de\/productos\/aktive-sicherheit\/\" aria-label=\"AKTIVE SICHERHEIT\"><\/a>\n\t<\/div>\n<\/div>\n<\/div>\n<div class=\"fusion-portfolio-content\" style=\"bottom:0px;left:0px;right:0px;background-color:rgba(255,255,255,0);z-index:1;position:absolute;margin:0;\"><h2 class=\"entry-title fusion-post-title\"><a href=\"https:\/\/vigilant.es\/de\/productos\/aktive-sicherheit\/\">AKTIVE SICHERHEIT<\/a><\/h2><div class=\"fusion-portfolio-meta\"><a href=\"https:\/\/vigilant.es\/de\/servicios\/zeitkontrolle\/\" rel=\"tag\">ZEITKONTROLLE<\/a><\/div><div class=\"fusion-post-content\"><\/div><\/div><\/div><\/article><article id=\"portfolio-1-post-1955\" class=\"fusion-portfolio-post anwesenheitskontrolle mitarbeiterueberwachung rundgangueberwachung fusion-col-spacing post-1955 fusion-element-grid\"><div class=\"fusion-portfolio-content-wrapper\" style=\"border:1px solid #e8e8e8;border-bottom-width:3px;\"><span class=\"vcard rich-snippet-hidden\"><span class=\"fn\"><a href=\"https:\/\/vigilant.es\/de\/author\/soltravigilant-es\/\" title=\"Beitr\u00e4ge von soltra@vigilant.es\" rel=\"author\">soltra@vigilant.es<\/a><\/span><\/span><span class=\"updated rich-snippet-hidden\">2025-07-22T14:00:39+02:00<\/span><div  class=\"fusion-masonry-element-container fusion-image-wrapper\" style=\"background-image:url(https:\/\/vigilant.es\/wp-content\/uploads\/2019\/01\/lector-easy-1.png);padding-top:calc((100% + 8px) * 0.8 - 6px);\" aria-haspopup=\"true\">\n\t\t\t\t<img decoding=\"async\" width=\"301\" height=\"300\" src=\"https:\/\/vigilant.es\/wp-content\/uploads\/2019\/01\/lector-easy-1.png\" class=\"attachment-full size-full wp-post-image\" alt=\"\" srcset=\"https:\/\/vigilant.es\/wp-content\/uploads\/2019\/01\/lector-easy-1-200x199.png 200w, https:\/\/vigilant.es\/wp-content\/uploads\/2019\/01\/lector-easy-1.png 301w\" sizes=\"(min-width: 2200px) 100vw, (min-width: 856px) 284px, (min-width: 784px) 378px, (min-width: 712px) 567px, (min-width: 640px) 712px, \" \/><div class=\"fusion-rollover\">\n\t<div class=\"fusion-rollover-content\">\n\n\t\t\t\t\t\t\t\t\t\t\t\t\t\t<a class=\"fusion-rollover-link\" href=\"https:\/\/vigilant.es\/de\/productos\/easy-reader-2\/\">EASY READER<\/a>\n\t\t\t\n\t\t\t\t\t\t\t\t\n\t\t\n\t\t\t\t\t\t\t\t\n\t\t\t\t\t\t\t\t\n\t\t\n\t\t\t\t\t\t<a class=\"fusion-link-wrapper\" href=\"https:\/\/vigilant.es\/de\/productos\/easy-reader-2\/\" aria-label=\"EASY READER\"><\/a>\n\t<\/div>\n<\/div>\n<\/div>\n<div class=\"fusion-portfolio-content\" style=\"bottom:0px;left:0px;right:0px;background-color:rgba(255,255,255,0);z-index:1;position:absolute;margin:0;\"><h2 class=\"entry-title fusion-post-title\"><a href=\"https:\/\/vigilant.es\/de\/productos\/easy-reader-2\/\">EASY READER<\/a><\/h2><div class=\"fusion-portfolio-meta\"><a href=\"https:\/\/vigilant.es\/de\/servicios\/anwesenheitskontrolle\/\" rel=\"tag\">ANWESENHEITSKONTROLLE<\/a>, <a href=\"https:\/\/vigilant.es\/de\/servicios\/mitarbeiterueberwachung\/\" rel=\"tag\">MITARBEITER\u00dcBERWACHUNG<\/a>, <a href=\"https:\/\/vigilant.es\/de\/servicios\/rundgangueberwachung\/\" rel=\"tag\">RUNDGANG\u00dcBERWACHUNG<\/a><\/div><div class=\"fusion-post-content\"><\/div><\/div><\/div><\/article><article id=\"portfolio-1-post-1953\" class=\"fusion-portfolio-post anwesenheitskontrolle mitarbeiterueberwachung rundgangueberwachung fusion-col-spacing post-1953 fusion-element-grid\"><div class=\"fusion-portfolio-content-wrapper\" style=\"border:1px solid #e8e8e8;border-bottom-width:3px;\"><span class=\"vcard rich-snippet-hidden\"><span class=\"fn\"><a href=\"https:\/\/vigilant.es\/de\/author\/soltravigilant-es\/\" title=\"Beitr\u00e4ge von soltra@vigilant.es\" rel=\"author\">soltra@vigilant.es<\/a><\/span><\/span><span class=\"updated rich-snippet-hidden\">2021-10-28T14:56:13+02:00<\/span><div  class=\"fusion-masonry-element-container fusion-image-wrapper\" style=\"background-image:url(https:\/\/vigilant.es\/wp-content\/uploads\/2019\/01\/app-profesional.png);padding-top:calc((100% + 8px) * 0.8 - 6px);\" aria-haspopup=\"true\">\n\t\t\t\t<img decoding=\"async\" width=\"301\" height=\"300\" src=\"https:\/\/vigilant.es\/wp-content\/uploads\/2019\/01\/app-profesional.png\" class=\"attachment-full size-full wp-post-image\" alt=\"\" srcset=\"https:\/\/vigilant.es\/wp-content\/uploads\/2019\/01\/app-profesional-200x199.png 200w, https:\/\/vigilant.es\/wp-content\/uploads\/2019\/01\/app-profesional.png 301w\" sizes=\"(min-width: 2200px) 100vw, (min-width: 856px) 284px, (min-width: 784px) 378px, (min-width: 712px) 567px, (min-width: 640px) 712px, \" \/><div class=\"fusion-rollover\">\n\t<div class=\"fusion-rollover-content\">\n\n\t\t\t\t\t\t\t\t\t\t\t\t\t\t<a class=\"fusion-rollover-link\" href=\"https:\/\/vigilant.es\/de\/productos\/professional-vigilant-app\/\">PROFESSIONAL VIGILANT APP<\/a>\n\t\t\t\n\t\t\t\t\t\t\t\t\n\t\t\n\t\t\t\t\t\t\t\t\n\t\t\t\t\t\t\t\t\n\t\t\n\t\t\t\t\t\t<a class=\"fusion-link-wrapper\" href=\"https:\/\/vigilant.es\/de\/productos\/professional-vigilant-app\/\" aria-label=\"PROFESSIONAL VIGILANT APP\"><\/a>\n\t<\/div>\n<\/div>\n<\/div>\n<div class=\"fusion-portfolio-content\" style=\"bottom:0px;left:0px;right:0px;background-color:rgba(255,255,255,0);z-index:1;position:absolute;margin:0;\"><h2 class=\"entry-title fusion-post-title\"><a href=\"https:\/\/vigilant.es\/de\/productos\/professional-vigilant-app\/\">PROFESSIONAL VIGILANT APP<\/a><\/h2><div class=\"fusion-portfolio-meta\"><a href=\"https:\/\/vigilant.es\/de\/servicios\/anwesenheitskontrolle\/\" rel=\"tag\">ANWESENHEITSKONTROLLE<\/a>, <a href=\"https:\/\/vigilant.es\/de\/servicios\/mitarbeiterueberwachung\/\" rel=\"tag\">MITARBEITER\u00dcBERWACHUNG<\/a>, <a href=\"https:\/\/vigilant.es\/de\/servicios\/rundgangueberwachung\/\" rel=\"tag\">RUNDGANG\u00dcBERWACHUNG<\/a><\/div><div class=\"fusion-post-content\"><\/div><\/div><\/div><\/article><article id=\"portfolio-1-post-1944\" class=\"fusion-portfolio-post anwesenheitskontrolle zeitkontrolle fusion-col-spacing post-1944 fusion-element-grid\"><div class=\"fusion-portfolio-content-wrapper\" style=\"border:1px solid #e8e8e8;border-bottom-width:3px;\"><span class=\"vcard rich-snippet-hidden\"><span class=\"fn\"><a href=\"https:\/\/vigilant.es\/de\/author\/soltravigilant-es\/\" title=\"Beitr\u00e4ge von soltra@vigilant.es\" rel=\"author\">soltra@vigilant.es<\/a><\/span><\/span><span class=\"updated rich-snippet-hidden\">2023-04-12T16:37:45+02:00<\/span><div  class=\"fusion-masonry-element-container fusion-image-wrapper\" style=\"background-image:url(https:\/\/vigilant.es\/wp-content\/uploads\/2019\/01\/fichador-biometrico-1.png);padding-top:calc((100% + 8px) * 0.8 - 6px);\" aria-haspopup=\"true\">\n\t\t\t\t<img decoding=\"async\" width=\"300\" height=\"300\" src=\"https:\/\/vigilant.es\/wp-content\/uploads\/2019\/01\/fichador-biometrico-1.png\" class=\"attachment-full size-full wp-post-image\" alt=\"\" srcset=\"https:\/\/vigilant.es\/wp-content\/uploads\/2019\/01\/fichador-biometrico-1-200x200.png 200w, https:\/\/vigilant.es\/wp-content\/uploads\/2019\/01\/fichador-biometrico-1.png 300w\" sizes=\"(min-width: 2200px) 100vw, (min-width: 856px) 284px, (min-width: 784px) 378px, (min-width: 712px) 567px, (min-width: 640px) 712px, \" \/><div class=\"fusion-rollover\">\n\t<div class=\"fusion-rollover-content\">\n\n\t\t\t\t\t\t\t\t\t\t\t\t\t\t<a class=\"fusion-rollover-link\" href=\"https:\/\/vigilant.es\/de\/productos\/biometrisches-clocking-terminal-von-vigilant\/\">BIOMETRISCHES CLOCKING TERMINAL VON VIGILANT<\/a>\n\t\t\t\n\t\t\t\t\t\t\t\t\n\t\t\n\t\t\t\t\t\t\t\t\n\t\t\t\t\t\t\t\t\n\t\t\n\t\t\t\t\t\t<a class=\"fusion-link-wrapper\" href=\"https:\/\/vigilant.es\/de\/productos\/biometrisches-clocking-terminal-von-vigilant\/\" aria-label=\"BIOMETRISCHES CLOCKING TERMINAL VON VIGILANT\"><\/a>\n\t<\/div>\n<\/div>\n<\/div>\n<div class=\"fusion-portfolio-content\" style=\"bottom:0px;left:0px;right:0px;background-color:rgba(255,255,255,0);z-index:1;position:absolute;margin:0;\"><h2 class=\"entry-title fusion-post-title\"><a href=\"https:\/\/vigilant.es\/de\/productos\/biometrisches-clocking-terminal-von-vigilant\/\">BIOMETRISCHES CLOCKING TERMINAL VON VIGILANT<\/a><\/h2><div class=\"fusion-portfolio-meta\"><a href=\"https:\/\/vigilant.es\/de\/servicios\/anwesenheitskontrolle\/\" rel=\"tag\">ANWESENHEITSKONTROLLE<\/a>, <a href=\"https:\/\/vigilant.es\/de\/servicios\/zeitkontrolle\/\" rel=\"tag\">ZEITKONTROLLE<\/a><\/div><div class=\"fusion-post-content\"><\/div><\/div><\/div><\/article><\/div><\/div><div class=\"fusion-clearfix\"><\/div><\/div><\/div><div class=\"fusion-layout-column fusion_builder_column fusion-builder-column-2 fusion_builder_column_1_1 1_1 fusion-one-full fusion-column-first fusion-column-last\" style=\"--awb-padding-top:5%;--awb-bg-size:cover;\"><div class=\"fusion-column-wrapper fusion-flex-column-wrapper-legacy\"><div class=\"fusion-clearfix\"><\/div><\/div><\/div><\/div><\/div>\n","protected":false},"excerpt":{"rendered":"","protected":false},"author":21,"featured_media":0,"parent":0,"menu_order":8,"comment_status":"closed","ping_status":"closed","template":"","meta":{"content-type":"","footnotes":""},"casos_de_exito":[],"class_list":["post-1942","page","type-page","status-publish","hentry"],"yoast_head":"<!-- This site is optimized with the Yoast SEO plugin v27.3 - https:\/\/yoast.com\/product\/yoast-seo-wordpress\/ -->\n<title>PRODUKTE Control | Vigilant - Control de presencia |<\/title>\n<meta name=\"description\" content=\"Control de presencia, horario, accesos... app... todos los productos para una buena gesti\u00f3n, control y planificaci\u00f3n de tus empleados aqu\u00ed.\" \/>\n<meta name=\"robots\" content=\"index, follow, max-snippet:-1, max-image-preview:large, max-video-preview:-1\" \/>\n<link rel=\"canonical\" href=\"https:\/\/vigilant.es\/de\/produkte\/\" \/>\n<meta property=\"og:locale\" content=\"de_DE\" \/>\n<meta property=\"og:type\" content=\"article\" \/>\n<meta property=\"og:title\" content=\"PRODUKTE Control | Vigilant - Control de presencia |\" \/>\n<meta property=\"og:description\" content=\"Control de presencia, horario, accesos... app... todos los productos para una buena gesti\u00f3n, control y planificaci\u00f3n de tus empleados aqu\u00ed.\" \/>\n<meta property=\"og:url\" content=\"https:\/\/vigilant.es\/de\/produkte\/\" \/>\n<meta property=\"og:site_name\" content=\"Vigilant | Control Horario\" \/>\n<meta name=\"twitter:card\" content=\"summary_large_image\" \/>\n<meta name=\"twitter:label1\" content=\"Gesch\u00e4tzte Lesezeit\" \/>\n\t<meta name=\"twitter:data1\" content=\"3\u00a0Minuten\" \/>\n<script type=\"application\/ld+json\" class=\"yoast-schema-graph\">{\"@context\":\"https:\\\/\\\/schema.org\",\"@graph\":[{\"@type\":\"WebPage\",\"@id\":\"https:\\\/\\\/vigilant.es\\\/de\\\/produkte\\\/\",\"url\":\"https:\\\/\\\/vigilant.es\\\/de\\\/produkte\\\/\",\"name\":\"PRODUKTE Control | Vigilant - Control de presencia |\",\"isPartOf\":{\"@id\":\"https:\\\/\\\/vigilant.es\\\/de\\\/#website\"},\"datePublished\":\"2019-08-21T11:00:47+00:00\",\"description\":\"Control de presencia, horario, accesos... app... todos los productos para una buena gesti\u00f3n, control y planificaci\u00f3n de tus empleados aqu\u00ed.\",\"breadcrumb\":{\"@id\":\"https:\\\/\\\/vigilant.es\\\/de\\\/produkte\\\/#breadcrumb\"},\"inLanguage\":\"de\",\"potentialAction\":[{\"@type\":\"ReadAction\",\"target\":[\"https:\\\/\\\/vigilant.es\\\/de\\\/produkte\\\/\"]}]},{\"@type\":\"BreadcrumbList\",\"@id\":\"https:\\\/\\\/vigilant.es\\\/de\\\/produkte\\\/#breadcrumb\",\"itemListElement\":[{\"@type\":\"ListItem\",\"position\":1,\"name\":\"Portada\",\"item\":\"https:\\\/\\\/vigilant.es\\\/de\\\/\"},{\"@type\":\"ListItem\",\"position\":2,\"name\":\"PRODUKTE\"}]},{\"@type\":\"WebSite\",\"@id\":\"https:\\\/\\\/vigilant.es\\\/de\\\/#website\",\"url\":\"https:\\\/\\\/vigilant.es\\\/de\\\/\",\"name\":\"Vigilant | Control Horario\",\"description\":\"Control Horario | Control Horas Empleados\",\"potentialAction\":[{\"@type\":\"SearchAction\",\"target\":{\"@type\":\"EntryPoint\",\"urlTemplate\":\"https:\\\/\\\/vigilant.es\\\/de\\\/?s={search_term_string}\"},\"query-input\":{\"@type\":\"PropertyValueSpecification\",\"valueRequired\":true,\"valueName\":\"search_term_string\"}}],\"inLanguage\":\"de\"}]}<\/script>\n<!-- \/ Yoast SEO plugin. -->","yoast_head_json":{"title":"PRODUKTE Control | Vigilant - Control de presencia |","description":"Control de presencia, horario, accesos... app... todos los productos para una buena gesti\u00f3n, control y planificaci\u00f3n de tus empleados aqu\u00ed.","robots":{"index":"index","follow":"follow","max-snippet":"max-snippet:-1","max-image-preview":"max-image-preview:large","max-video-preview":"max-video-preview:-1"},"canonical":"https:\/\/vigilant.es\/de\/produkte\/","og_locale":"de_DE","og_type":"article","og_title":"PRODUKTE Control | Vigilant - Control de presencia |","og_description":"Control de presencia, horario, accesos... app... todos los productos para una buena gesti\u00f3n, control y planificaci\u00f3n de tus empleados aqu\u00ed.","og_url":"https:\/\/vigilant.es\/de\/produkte\/","og_site_name":"Vigilant | Control Horario","twitter_card":"summary_large_image","twitter_misc":{"Gesch\u00e4tzte Lesezeit":"3\u00a0Minuten"},"schema":{"@context":"https:\/\/schema.org","@graph":[{"@type":"WebPage","@id":"https:\/\/vigilant.es\/de\/produkte\/","url":"https:\/\/vigilant.es\/de\/produkte\/","name":"PRODUKTE Control | Vigilant - Control de presencia |","isPartOf":{"@id":"https:\/\/vigilant.es\/de\/#website"},"datePublished":"2019-08-21T11:00:47+00:00","description":"Control de presencia, horario, accesos... app... todos los productos para una buena gesti\u00f3n, control y planificaci\u00f3n de tus empleados aqu\u00ed.","breadcrumb":{"@id":"https:\/\/vigilant.es\/de\/produkte\/#breadcrumb"},"inLanguage":"de","potentialAction":[{"@type":"ReadAction","target":["https:\/\/vigilant.es\/de\/produkte\/"]}]},{"@type":"BreadcrumbList","@id":"https:\/\/vigilant.es\/de\/produkte\/#breadcrumb","itemListElement":[{"@type":"ListItem","position":1,"name":"Portada","item":"https:\/\/vigilant.es\/de\/"},{"@type":"ListItem","position":2,"name":"PRODUKTE"}]},{"@type":"WebSite","@id":"https:\/\/vigilant.es\/de\/#website","url":"https:\/\/vigilant.es\/de\/","name":"Vigilant | Control Horario","description":"Control Horario | Control Horas Empleados","potentialAction":[{"@type":"SearchAction","target":{"@type":"EntryPoint","urlTemplate":"https:\/\/vigilant.es\/de\/?s={search_term_string}"},"query-input":{"@type":"PropertyValueSpecification","valueRequired":true,"valueName":"search_term_string"}}],"inLanguage":"de"}]}},"_links":{"self":[{"href":"https:\/\/vigilant.es\/de\/wp-json\/wp\/v2\/pages\/1942","targetHints":{"allow":["GET"]}}],"collection":[{"href":"https:\/\/vigilant.es\/de\/wp-json\/wp\/v2\/pages"}],"about":[{"href":"https:\/\/vigilant.es\/de\/wp-json\/wp\/v2\/types\/page"}],"author":[{"embeddable":true,"href":"https:\/\/vigilant.es\/de\/wp-json\/wp\/v2\/users\/21"}],"replies":[{"embeddable":true,"href":"https:\/\/vigilant.es\/de\/wp-json\/wp\/v2\/comments?post=1942"}],"version-history":[{"count":1,"href":"https:\/\/vigilant.es\/de\/wp-json\/wp\/v2\/pages\/1942\/revisions"}],"predecessor-version":[{"id":1943,"href":"https:\/\/vigilant.es\/de\/wp-json\/wp\/v2\/pages\/1942\/revisions\/1943"}],"wp:attachment":[{"href":"https:\/\/vigilant.es\/de\/wp-json\/wp\/v2\/media?parent=1942"}],"wp:term":[{"taxonomy":"casos_de_exito","embeddable":true,"href":"https:\/\/vigilant.es\/de\/wp-json\/wp\/v2\/casos_de_exito?post=1942"}],"curies":[{"name":"wp","href":"https:\/\/api.w.org\/{rel}","templated":true}]}}