{"id":2100,"date":"2019-08-21T11:00:48","date_gmt":"2019-08-21T11:00:48","guid":{"rendered":"http:\/\/test.vigilant.es\/?page_id=2100"},"modified":"2019-08-21T11:00:48","modified_gmt":"2019-08-21T11:00:48","slug":"cookie-richtlinie","status":"publish","type":"page","link":"https:\/\/vigilant.es\/de\/cookie-richtlinie\/","title":{"rendered":"Cookie-Richtlinie"},"content":{"rendered":"<p>Auf der Website https:\/\/vigilant.es verwenden wir Cookies, um den Besuchern die Zuordnung zu unseren Inhalten zu erleichtern und Statistiken \u00fcber die von uns empfangenen Besucher zu erstellen.<\/p>\n<p>In \u00dcbereinstimmung mit der Richtlinie 2009\/136\/EG, die in unserem Auftrag durch Artikel 22 Absatz 2 des Gesetzes \u00fcber die Dienste der Informationsgesellschaft in Anlehnung an die Leitlinien der spanischen Datenschutzbeh\u00f6rde entwickelt wurde, informieren wir Sie ausf\u00fchrlich \u00fcber die Nutzung unserer Website.<\/p>\n<p>Cookies sind kleine Dateien, die in dem von jedem Besucher unserer Website verwendeten Browser gespeichert werden, so dass sich der Server den Besuch dieses Benutzers sp\u00e4ter merken kann, wenn Sie wieder auf unsere Inhalte zugreifen. Diese Informationen geben weder Ihre Identit\u00e4t noch irgendwelche pers\u00f6nlichen Daten preis, noch greifen sie auf die auf Ihrem Computer gespeicherten Inhalte zu, aber sie erm\u00f6glichen es unserem System, Sie als einen bestimmten Benutzer zu identifizieren, der die Website zuvor besucht hat, bestimmte Seiten angesehen hat usw., und erm\u00f6glichen es Ihnen auch, Ihre pers\u00f6nlichen Pr\u00e4ferenzen und technischen Informationen wie Besuche oder bestimmte von Ihnen besuchte Seiten zu speichern.<br \/>\nDer Zweck von Cookies ist es, dem Nutzer einen schnelleren Zugriff auf die ausgew\u00e4hlten Dienste zu erm\u00f6glichen.<br \/>\nWenn Sie nicht m\u00f6chten, dass in Ihrem Browser Cookies gespeichert werden, oder wenn Sie bei der Installation eines Cookies Informationen erhalten m\u00f6chten, k\u00f6nnen Sie Ihre Browseroptionen so einstellen. Die meisten Browser erlauben die Cookie-Verwaltung auf 3 verschiedene Arten:<\/p>\n<ul>\n<li>Cookies werden immer abgelehnt;<\/li>\n<li>Der Browser fragt, ob der Benutzer jedes Cookie installieren m\u00f6chte;<\/li>\n<li>Cookies werden immer akzeptiert;<\/li>\n<\/ul>\n<p>Ihr Browser kann auch die M\u00f6glichkeit bieten, die Cookies, die Sie auf Ihrem Computer installieren m\u00f6chten, im Detail auszuw\u00e4hlen. Insbesondere kann der Benutzer normalerweise eine der folgenden Optionen akzeptieren:<\/p>\n<ul>\n<li>Cookies von bestimmten Domains abzulehnen;<\/li>\n<li>Cookies von Drittanbietern abzulehnen;<\/li>\n<li>Cookies als nicht dauerhaft akzeptieren (sie werden beim Schlie\u00dfen des Browsers gel\u00f6scht);<\/li>\n<li>Sie erlauben es dem Server, Cookies f\u00fcr eine andere Dom\u00e4ne zu erstellen.<\/li>\n<\/ul>\n<p><strong>Um die auf Ihrem Computer installierten Cookies zuzulassen, zu kennen, zu blockieren oder zu l\u00f6schen, k\u00f6nnen Sie dies tun, indem Sie die Optionen des auf Ihrem Computer installierten Browsers konfigurieren.<\/strong><\/p>\n<p>Informationen zur Konfiguration der am h\u00e4ufigsten verwendeten Browser finden Sie an den folgenden Stellen:<\/p>\n<p><strong>Internet Explorer<\/strong>: Extras -&gt; Internetoptionen -&gt; Datenschutz -&gt; Einstellungen. Weitere Informationen finden Sie im Microsoft-Support oder in der Hilfe Ihres Browsers.<br \/>\n<strong>Firefox<\/strong>: Extras -&gt; Optionen -&gt; Datenschutz -&gt; Verlauf -&gt; Benutzerdefinierte Einstellungen. Weitere Informationen finden Sie im Mozilla-Support oder in der Browser-Hilfe.<br \/>\n<strong>Chrome<\/strong>: Einstellungen -&gt; Erweiterte Optionen anzeigen -&gt; Datenschutz -&gt; Inhaltseinstellungen. Weitere Informationen finden Sie im Google-Support oder in der Browser-Hilfe.<br \/>\n<strong>Safari<\/strong>: Einstellungen -&gt; Sicherheit. Weitere Informationen finden Sie unter Apple Support oder Browser-Hilfe.In Bezug auf Cookies von Drittanbietern, d.h. solche, die au\u00dferhalb unserer Website liegen, k\u00f6nnen wir nicht f\u00fcr den Inhalt und die Richtigkeit der darin enthaltenen Datenschutzrichtlinien verantwortlich gemacht werden, so dass die von uns bereitgestellten Informationen immer mit Bezug auf die Quelle erfolgen.<\/p>\n<p>Nachfolgend informieren wir Sie ausf\u00fchrlich \u00fcber die von unserer Website installierbaren Cookies. Abh\u00e4ngig von Ihrem Browser kann das Surfen alle oder nur einige von ihnen installieren.<\/p>\n<p>&nbsp;<\/p>\n<table>\n<tbody>\n<tr>\n<td width=\"87\">Name<\/td>\n<td width=\"53\">Kategorie<\/td>\n<td width=\"367\">Beschreibung<\/td>\n<td width=\"40\">Eigentum<\/td>\n<td width=\"56\">Dauer<\/td>\n<\/tr>\n<tr>\n<td width=\"87\">wordpress_<\/td>\n<td width=\"53\">Funktionalit\u00e4ts-Cookies<\/td>\n<td width=\"367\">Sie wird bei der Anmeldung aktiviert und speichert die Authentifizierungsdaten.<\/td>\n<td width=\"40\">Eigene<\/td>\n<td width=\"56\">1 Jahr<\/td>\n<\/tr>\n<tr>\n<td width=\"87\">wordpress_logged_in_<\/td>\n<td width=\"53\">Funktionalit\u00e4ts-Cookies<\/td>\n<td width=\"367\">Sie wird bei der Anmeldung aktiviert und speichert die Authentifizierungsdaten.<\/td>\n<td width=\"40\">Eigene<\/td>\n<td width=\"56\">1 Jahr<\/td>\n<\/tr>\n<tr>\n<td width=\"87\">wp-settings-<\/td>\n<td width=\"53\">Funktionalit\u00e4ts-Cookies<\/td>\n<td width=\"367\">Wird verwendet, um die Benutzerschnittstelle zu personalisieren.<\/td>\n<td width=\"40\">Eigene<\/td>\n<td width=\"56\">1 Jahr<\/td>\n<\/tr>\n<tr>\n<td width=\"87\">_utma<\/td>\n<td width=\"53\">Analyse-Cookies<\/td>\n<td width=\"367\">Es wird verwendet, um Benutzer und Sitzungen zu unterscheiden.<\/td>\n<td width=\"40\">von Dritten<\/td>\n<td width=\"56\">2 Jahre<\/td>\n<\/tr>\n<tr>\n<td width=\"87\">_utmc<\/td>\n<td width=\"53\">Analyse-Cookies<\/td>\n<td width=\"367\">Wird nicht in ga.js. verwendet. Es ist f\u00fcr die Interaktion mit urchin.js konfiguriert.<\/td>\n<td width=\"40\">von Dritten<\/td>\n<td width=\"56\">Ende der Sitzung<\/td>\n<\/tr>\n<tr>\n<td width=\"87\">_utmz<\/td>\n<td width=\"53\">Analyse-Cookies<\/td>\n<td width=\"367\">&nbsp;<\/p>\n<p>&nbsp;<\/p>\n<p>Speichert die Quelle oder Kampagne, die beschreibt, wie der Benutzer auf die Website kam.<\/p>\n<p>&nbsp;<\/td>\n<td width=\"40\">von Dritten<\/td>\n<td width=\"56\">6 Monate<\/td>\n<\/tr>\n<tr>\n<td width=\"87\">catAccCookies<\/td>\n<td width=\"53\">Funktionalit\u00e4ts-Cookies<\/td>\n<td width=\"367\">Enth\u00e4lt einen Code, um sicherzustellen, dass die Cookie-Richtlinie akzeptiert wurde.<\/td>\n<td width=\"40\">Eigene<\/td>\n<td width=\"56\">1 Tag<\/td>\n<\/tr>\n<tr>\n<td width=\"87\">autoptimize_feed<\/td>\n<td width=\"53\">Funktionalit\u00e4ts-Cookies<\/td>\n<td width=\"367\">Cookie, das von der Fotogalerie verwendet wird, wenn gr\u00f6\u00dfere Bilder in einem Popup-Fenster angezeigt werden.<\/td>\n<td width=\"40\">von Dritten<\/td>\n<td width=\"56\">1 Jahr<\/td>\n<\/tr>\n<tr>\n<td width=\"87\">fusion_metabox_tab_513<\/td>\n<td width=\"53\">Funktionalit\u00e4ts-Cookies<\/td>\n<td width=\"367\">Herkunft unbekannt<\/td>\n<td width=\"40\">von Dritten<\/td>\n<td width=\"56\">Herkunft unbekannt<\/td>\n<\/tr>\n<tr>\n<td width=\"87\">fusion_metabox_tab_989<\/td>\n<td width=\"53\">Funktionalit\u00e4ts-Cookies<\/td>\n<td width=\"367\">Herkunft unbekannt<\/td>\n<td width=\"40\">von Dritten<\/td>\n<td width=\"56\">Herkunft unbekannt<\/td>\n<\/tr>\n<tr>\n<td width=\"87\">cc_cookie_accept<\/td>\n<td width=\"53\">Funktionalit\u00e4ts-Cookies<\/td>\n<td width=\"367\">Dauerhaftes Cookie, das daran erinnert, ob der Benutzer die Verwendung von Cookies in diesem Web akzeptiert oder nicht.<\/td>\n<td width=\"40\">von Dritten<\/td>\n<td width=\"56\">Dauerhaft<\/td>\n<\/tr>\n<tr>\n<td width=\"87\">__utmz<\/td>\n<td width=\"53\">Funktionalit\u00e4ts-Cookies<\/td>\n<td width=\"367\">Anonyme Navigationsdaten, die es uns erm\u00f6glichen zu wissen, was aufgerufen wird und wie man innerhalb der Websites navigiert.<\/td>\n<td width=\"40\">von Dritten<\/td>\n<td width=\"56\">Sitzung<\/td>\n<\/tr>\n<tr>\n<td width=\"87\">__utmc<\/td>\n<td width=\"53\">Funktionalit\u00e4ts-Cookies<\/td>\n<td width=\"367\">Anonyme Navigationsdaten, die es uns erm\u00f6glichen zu wissen, was aufgerufen wird und wie man innerhalb der Websites navigiert.<\/td>\n<td width=\"40\">von Dritten<\/td>\n<td width=\"56\">Sitzung<\/td>\n<\/tr>\n<tr>\n<td width=\"87\">ci_session<\/td>\n<td width=\"53\">Funktionalit\u00e4ts-Cookies<\/td>\n<td width=\"367\">Cookie im Zusammenhang mit Codeigniter zur Entwicklung von PHP-basierten Anwendungen. Wird f\u00fcr Vigilant&#8217;s Eigene Anwendungen verwendet.<\/td>\n<td width=\"40\">Eigene<\/td>\n<td width=\"56\">Sitzung<\/td>\n<\/tr>\n<tr>\n<td width=\"87\">__utma<\/td>\n<td width=\"53\">Funktionalit\u00e4ts-Cookies<\/td>\n<td width=\"367\">Anonyme Navigationsdaten, die es uns erm\u00f6glichen zu wissen, was aufgerufen wird und wie man innerhalb der Websites navigiert.<\/td>\n<td width=\"40\">von Dritten<\/td>\n<td width=\"56\">Sitzung<\/td>\n<\/tr>\n<tr>\n<td width=\"87\">__hssrc<\/td>\n<td width=\"53\">Funktionalit\u00e4ts-Cookies<\/td>\n<td width=\"367\">Jedes Mal, wenn HubSpot das Sitzung-Cookie \u00e4ndert, wird auch dieses Cookie gesetzt. Es wird verwendet, um festzustellen, ob der Besucher seinen Browser neu gestartet hat. Wenn dieses Cookie bei der Verwaltung von Cookies nicht vorhanden ist, wird davon ausgegangen, dass es sich um eine neue Sitzung handelt.<\/td>\n<td width=\"40\">von Dritten<\/td>\n<td width=\"56\">Sitzung<\/td>\n<\/tr>\n<tr>\n<td width=\"87\">hubspotutk<\/td>\n<td width=\"53\">Funktionalit\u00e4ts-Cookies<\/td>\n<td width=\"367\">Verfolgt die Angaben der Besucher. Diese Informationen werden beim Ausf\u00fcllen des Formulars an Hubspot \u00fcbertragen, um doppelte Kontakte zu vermeiden.<\/td>\n<td width=\"40\">von Dritten<\/td>\n<td width=\"56\">10 Jahre<\/td>\n<\/tr>\n<tr>\n<td width=\"87\">fusionredux_current_tab<\/td>\n<td width=\"53\">Funktionalit\u00e4ts-Cookies<\/td>\n<td width=\"367\">Cookie zur Verbesserung der Benutzerfreundlichkeit des Webs<\/td>\n<td width=\"40\">von Dritten<\/td>\n<td width=\"56\">3 Tage<\/td>\n<\/tr>\n<tr>\n<td width=\"87\">__hstc<\/td>\n<td width=\"53\">Funktionalit\u00e4ts-Cookies<\/td>\n<td width=\"367\">Das wichtigste Cookie zur Erfassung von Besuchern. Es enth\u00e4lt die Dom\u00e4ne, utk, initialer Zeitstempel (erster Besuch), letzter Zeitstempel (letzter Besuch), aktueller Zeitstempel (dieser Besuch) und Sitzungsnummer (Erh\u00f6hungen f\u00fcr jede nachfolgende Sitzung).<\/td>\n<td width=\"40\">von Dritten<\/td>\n<td width=\"56\">2 Jahre<\/td>\n<\/tr>\n<tr>\n<td width=\"87\">_drip_client_6994213<\/td>\n<td width=\"53\">Funktionalit\u00e4ts-Cookies<\/td>\n<td width=\"367\">Cookie, die darauf abzielt, die Benutzererfahrung des Benutzers zu verbessern.<\/td>\n<td width=\"40\">Eigene<\/td>\n<td width=\"56\">Dauerhaft<\/td>\n<\/tr>\n<tr>\n<td width=\"87\">__hssc<\/td>\n<td width=\"53\">Funktionalit\u00e4ts-Cookies<\/td>\n<td width=\"367\">Dieses Cookie verfolgt Ihre Sitzungen. Es wird verwendet, um festzustellen, ob wir die Anzahl der Sitzungen und die Zeitstempel im __hstc-Cookie erh\u00f6hen sollen. Es enth\u00e4lt die Domain, viewCount (erh\u00f6ht jede PageView um eine Sitzung) und den Startzeitstempel der Sitzung.<\/td>\n<td width=\"40\">von Dritten<\/td>\n<td width=\"56\">30 Minuten<\/td>\n<\/tr>\n<\/tbody>\n<\/table>\n<p>&nbsp;<\/p>\n","protected":false},"excerpt":{"rendered":"<p>Auf der Website https:\/\/vigilant.es verwenden wir Cookies, um den Besuchern die Zuordnung zu unseren Inhalten zu  [&#8230;]<\/p>\n","protected":false},"author":21,"featured_media":0,"parent":0,"menu_order":100,"comment_status":"closed","ping_status":"closed","template":"","meta":{"content-type":"","footnotes":""},"casos_de_exito":[],"class_list":["post-2100","page","type-page","status-publish","hentry"],"yoast_head":"<!-- This site is optimized with the Yoast SEO plugin v27.3 - https:\/\/yoast.com\/product\/yoast-seo-wordpress\/ -->\n<title>Cookie-Richtlinie - Vigilant | Control Horario<\/title>\n<meta name=\"robots\" content=\"noindex, nofollow\" \/>\n<meta property=\"og:locale\" content=\"de_DE\" \/>\n<meta property=\"og:type\" content=\"article\" \/>\n<meta property=\"og:title\" content=\"Cookie-Richtlinie - Vigilant | Control Horario\" \/>\n<meta property=\"og:description\" content=\"Auf der Website https:\/\/vigilant.es verwenden wir Cookies, um den Besuchern die Zuordnung zu unseren Inhalten zu [...]\" \/>\n<meta property=\"og:url\" content=\"https:\/\/vigilant.es\/de\/cookie-richtlinie\/\" \/>\n<meta property=\"og:site_name\" content=\"Vigilant | Control Horario\" \/>\n<meta name=\"twitter:card\" content=\"summary_large_image\" \/>\n<meta name=\"twitter:label1\" content=\"Gesch\u00e4tzte Lesezeit\" \/>\n\t<meta name=\"twitter:data1\" content=\"5\u00a0Minuten\" \/>\n<script type=\"application\/ld+json\" class=\"yoast-schema-graph\">{\"@context\":\"https:\\\/\\\/schema.org\",\"@graph\":[{\"@type\":\"WebPage\",\"@id\":\"https:\\\/\\\/vigilant.es\\\/de\\\/cookie-richtlinie\\\/\",\"url\":\"https:\\\/\\\/vigilant.es\\\/de\\\/cookie-richtlinie\\\/\",\"name\":\"Cookie-Richtlinie - Vigilant | Control Horario\",\"isPartOf\":{\"@id\":\"https:\\\/\\\/vigilant.es\\\/de\\\/#website\"},\"datePublished\":\"2019-08-21T11:00:48+00:00\",\"breadcrumb\":{\"@id\":\"https:\\\/\\\/vigilant.es\\\/de\\\/cookie-richtlinie\\\/#breadcrumb\"},\"inLanguage\":\"de\",\"potentialAction\":[{\"@type\":\"ReadAction\",\"target\":[\"https:\\\/\\\/vigilant.es\\\/de\\\/cookie-richtlinie\\\/\"]}]},{\"@type\":\"BreadcrumbList\",\"@id\":\"https:\\\/\\\/vigilant.es\\\/de\\\/cookie-richtlinie\\\/#breadcrumb\",\"itemListElement\":[{\"@type\":\"ListItem\",\"position\":1,\"name\":\"Portada\",\"item\":\"https:\\\/\\\/vigilant.es\\\/de\\\/\"},{\"@type\":\"ListItem\",\"position\":2,\"name\":\"Cookie-Richtlinie\"}]},{\"@type\":\"WebSite\",\"@id\":\"https:\\\/\\\/vigilant.es\\\/de\\\/#website\",\"url\":\"https:\\\/\\\/vigilant.es\\\/de\\\/\",\"name\":\"Vigilant | Control Horario\",\"description\":\"Control Horario | Control Horas Empleados\",\"potentialAction\":[{\"@type\":\"SearchAction\",\"target\":{\"@type\":\"EntryPoint\",\"urlTemplate\":\"https:\\\/\\\/vigilant.es\\\/de\\\/?s={search_term_string}\"},\"query-input\":{\"@type\":\"PropertyValueSpecification\",\"valueRequired\":true,\"valueName\":\"search_term_string\"}}],\"inLanguage\":\"de\"}]}<\/script>\n<!-- \/ Yoast SEO plugin. -->","yoast_head_json":{"title":"Cookie-Richtlinie - Vigilant | Control Horario","robots":{"index":"noindex","follow":"nofollow"},"og_locale":"de_DE","og_type":"article","og_title":"Cookie-Richtlinie - Vigilant | Control Horario","og_description":"Auf der Website https:\/\/vigilant.es verwenden wir Cookies, um den Besuchern die Zuordnung zu unseren Inhalten zu [...]","og_url":"https:\/\/vigilant.es\/de\/cookie-richtlinie\/","og_site_name":"Vigilant | Control Horario","twitter_card":"summary_large_image","twitter_misc":{"Gesch\u00e4tzte Lesezeit":"5\u00a0Minuten"},"schema":{"@context":"https:\/\/schema.org","@graph":[{"@type":"WebPage","@id":"https:\/\/vigilant.es\/de\/cookie-richtlinie\/","url":"https:\/\/vigilant.es\/de\/cookie-richtlinie\/","name":"Cookie-Richtlinie - Vigilant | Control Horario","isPartOf":{"@id":"https:\/\/vigilant.es\/de\/#website"},"datePublished":"2019-08-21T11:00:48+00:00","breadcrumb":{"@id":"https:\/\/vigilant.es\/de\/cookie-richtlinie\/#breadcrumb"},"inLanguage":"de","potentialAction":[{"@type":"ReadAction","target":["https:\/\/vigilant.es\/de\/cookie-richtlinie\/"]}]},{"@type":"BreadcrumbList","@id":"https:\/\/vigilant.es\/de\/cookie-richtlinie\/#breadcrumb","itemListElement":[{"@type":"ListItem","position":1,"name":"Portada","item":"https:\/\/vigilant.es\/de\/"},{"@type":"ListItem","position":2,"name":"Cookie-Richtlinie"}]},{"@type":"WebSite","@id":"https:\/\/vigilant.es\/de\/#website","url":"https:\/\/vigilant.es\/de\/","name":"Vigilant | Control Horario","description":"Control Horario | Control Horas Empleados","potentialAction":[{"@type":"SearchAction","target":{"@type":"EntryPoint","urlTemplate":"https:\/\/vigilant.es\/de\/?s={search_term_string}"},"query-input":{"@type":"PropertyValueSpecification","valueRequired":true,"valueName":"search_term_string"}}],"inLanguage":"de"}]}},"_links":{"self":[{"href":"https:\/\/vigilant.es\/de\/wp-json\/wp\/v2\/pages\/2100","targetHints":{"allow":["GET"]}}],"collection":[{"href":"https:\/\/vigilant.es\/de\/wp-json\/wp\/v2\/pages"}],"about":[{"href":"https:\/\/vigilant.es\/de\/wp-json\/wp\/v2\/types\/page"}],"author":[{"embeddable":true,"href":"https:\/\/vigilant.es\/de\/wp-json\/wp\/v2\/users\/21"}],"replies":[{"embeddable":true,"href":"https:\/\/vigilant.es\/de\/wp-json\/wp\/v2\/comments?post=2100"}],"version-history":[{"count":1,"href":"https:\/\/vigilant.es\/de\/wp-json\/wp\/v2\/pages\/2100\/revisions"}],"predecessor-version":[{"id":2101,"href":"https:\/\/vigilant.es\/de\/wp-json\/wp\/v2\/pages\/2100\/revisions\/2101"}],"wp:attachment":[{"href":"https:\/\/vigilant.es\/de\/wp-json\/wp\/v2\/media?parent=2100"}],"wp:term":[{"taxonomy":"casos_de_exito","embeddable":true,"href":"https:\/\/vigilant.es\/de\/wp-json\/wp\/v2\/casos_de_exito?post=2100"}],"curies":[{"name":"wp","href":"https:\/\/api.w.org\/{rel}","templated":true}]}}