{"id":2102,"date":"2019-08-21T11:00:48","date_gmt":"2019-08-21T11:00:48","guid":{"rendered":"http:\/\/test.vigilant.es\/?page_id=2102"},"modified":"2019-08-21T11:00:48","modified_gmt":"2019-08-21T11:00:48","slug":"datenschutzerklaerung","status":"publish","type":"page","link":"https:\/\/vigilant.es\/de\/datenschutzerklaerung\/","title":{"rendered":"Datenschutzerkl\u00e4rung"},"content":{"rendered":"<p>In \u00dcbereinstimmung mit den Bestimmungen der RGPD informieren wir Sie dar\u00fcber, dass Ihre Daten in unseren Dateien verarbeitet werden, um die Beziehung zu unserem Unternehmen aufrechtzuerhalten und zu erf\u00fcllen, einschlie\u00dflich der Zusendung von Mitteilungen im Rahmen dieser Beziehung.<\/p>\n<p>Ebenso werden Ihre Daten in allen F\u00e4llen \u00fcbermittelt, in denen dies f\u00fcr die Entwicklung, Erf\u00fcllung und Kontrolle der Beziehung zu unserem Unternehmen erforderlich ist oder in den F\u00e4llen, in denen sie durch eine Norm mit Gesetzesrang genehmigt sind. In \u00dcbereinstimmung mit der RGPD k\u00f6nnen Sie Ihre ARCO-Rechte vor Vigilant mit Adresse in C\/ Relleu, 4 Edif. Romeral 2 Escalera 3, Local 3, 03502 &#8211; Benidorm aus\u00fcben und eine Fotokopie Ihres DNI beif\u00fcgen.<\/p>\n<p>Der Inhalt dieser Mitteilung sowie der aller beigef\u00fcgten Unterlagen unterliegt der Geheimhaltungspflicht und richtet sich ausschlie\u00dflich an den Adressaten. F\u00fcr den Fall, dass Sie nicht der Empf\u00e4nger waren, bitten wir Sie, uns dies mitzuteilen und seinen Inhalt nicht an Dritte weiterzugeben, sondern ihn zu vernichten.<\/p>\n<p>Der Dienstleister der Informationsgesellschaft muss bedenken, dass er neben den Informationen, die er den Empf\u00e4ngern des Dienstes \u00fcber seine &#8222;Datenschutzerkl\u00e4rung&#8220; zur Verf\u00fcgung stellt, \u00fcber zus\u00e4tzliche Rechtstexte verf\u00fcgen muss, die sich auf andere zwingende Vorschriften beziehen, wie beispielsweise, aber nicht beschr\u00e4nkt auf oder ausgeschlossen, allgemeine Vertragsbedingungen, geistiges und gewerbliches Eigentum, die Bedingungen f\u00fcr die Nutzung der Website und die diesbez\u00fcglichen Verantwortlichkeiten oder das, was das Gesetz 34\/2002 vom 11. Juli \u00fcber Dienste der Informationsgesellschaft und des elektronischen Gesch\u00e4ftsverkehrs in allen anderen Vorschriften au\u00dfer seinem Artikel 10 festlegen oder sogar die Informationen vervollst\u00e4ndigen kann, die in diesem Zusammenhang erforderlich waren.<\/p>\n","protected":false},"excerpt":{"rendered":"<p>In \u00dcbereinstimmung mit den Bestimmungen der RGPD informieren wir Sie dar\u00fcber, dass Ihre Daten in unseren  [&#8230;]<\/p>\n","protected":false},"author":21,"featured_media":0,"parent":0,"menu_order":100,"comment_status":"closed","ping_status":"closed","template":"","meta":{"content-type":"","footnotes":""},"casos_de_exito":[],"class_list":["post-2102","page","type-page","status-publish","hentry"],"yoast_head":"<!-- This site is optimized with the Yoast SEO plugin v27.3 - https:\/\/yoast.com\/product\/yoast-seo-wordpress\/ -->\n<title>Datenschutzerkl\u00e4rung - Vigilant | Control Horario<\/title>\n<meta name=\"robots\" content=\"noindex, nofollow\" \/>\n<meta property=\"og:locale\" content=\"de_DE\" \/>\n<meta property=\"og:type\" content=\"article\" \/>\n<meta property=\"og:title\" content=\"Datenschutzerkl\u00e4rung - Vigilant | Control Horario\" \/>\n<meta property=\"og:description\" content=\"In \u00dcbereinstimmung mit den Bestimmungen der RGPD informieren wir Sie dar\u00fcber, dass Ihre Daten in unseren [...]\" \/>\n<meta property=\"og:url\" content=\"https:\/\/vigilant.es\/de\/datenschutzerklaerung\/\" \/>\n<meta property=\"og:site_name\" content=\"Vigilant | Control Horario\" \/>\n<meta name=\"twitter:card\" content=\"summary_large_image\" \/>\n<meta name=\"twitter:label1\" content=\"Gesch\u00e4tzte Lesezeit\" \/>\n\t<meta name=\"twitter:data1\" content=\"1\u00a0Minute\" \/>\n<script type=\"application\/ld+json\" class=\"yoast-schema-graph\">{\"@context\":\"https:\\\/\\\/schema.org\",\"@graph\":[{\"@type\":\"WebPage\",\"@id\":\"https:\\\/\\\/vigilant.es\\\/de\\\/datenschutzerklaerung\\\/\",\"url\":\"https:\\\/\\\/vigilant.es\\\/de\\\/datenschutzerklaerung\\\/\",\"name\":\"Datenschutzerkl\u00e4rung - Vigilant | Control Horario\",\"isPartOf\":{\"@id\":\"https:\\\/\\\/vigilant.es\\\/de\\\/#website\"},\"datePublished\":\"2019-08-21T11:00:48+00:00\",\"breadcrumb\":{\"@id\":\"https:\\\/\\\/vigilant.es\\\/de\\\/datenschutzerklaerung\\\/#breadcrumb\"},\"inLanguage\":\"de\",\"potentialAction\":[{\"@type\":\"ReadAction\",\"target\":[\"https:\\\/\\\/vigilant.es\\\/de\\\/datenschutzerklaerung\\\/\"]}]},{\"@type\":\"BreadcrumbList\",\"@id\":\"https:\\\/\\\/vigilant.es\\\/de\\\/datenschutzerklaerung\\\/#breadcrumb\",\"itemListElement\":[{\"@type\":\"ListItem\",\"position\":1,\"name\":\"Portada\",\"item\":\"https:\\\/\\\/vigilant.es\\\/de\\\/\"},{\"@type\":\"ListItem\",\"position\":2,\"name\":\"Datenschutzerkl\u00e4rung\"}]},{\"@type\":\"WebSite\",\"@id\":\"https:\\\/\\\/vigilant.es\\\/de\\\/#website\",\"url\":\"https:\\\/\\\/vigilant.es\\\/de\\\/\",\"name\":\"Vigilant | Control Horario\",\"description\":\"Control Horario | Control Horas Empleados\",\"potentialAction\":[{\"@type\":\"SearchAction\",\"target\":{\"@type\":\"EntryPoint\",\"urlTemplate\":\"https:\\\/\\\/vigilant.es\\\/de\\\/?s={search_term_string}\"},\"query-input\":{\"@type\":\"PropertyValueSpecification\",\"valueRequired\":true,\"valueName\":\"search_term_string\"}}],\"inLanguage\":\"de\"}]}<\/script>\n<!-- \/ Yoast SEO plugin. -->","yoast_head_json":{"title":"Datenschutzerkl\u00e4rung - Vigilant | Control Horario","robots":{"index":"noindex","follow":"nofollow"},"og_locale":"de_DE","og_type":"article","og_title":"Datenschutzerkl\u00e4rung - Vigilant | Control Horario","og_description":"In \u00dcbereinstimmung mit den Bestimmungen der RGPD informieren wir Sie dar\u00fcber, dass Ihre Daten in unseren [...]","og_url":"https:\/\/vigilant.es\/de\/datenschutzerklaerung\/","og_site_name":"Vigilant | Control Horario","twitter_card":"summary_large_image","twitter_misc":{"Gesch\u00e4tzte Lesezeit":"1\u00a0Minute"},"schema":{"@context":"https:\/\/schema.org","@graph":[{"@type":"WebPage","@id":"https:\/\/vigilant.es\/de\/datenschutzerklaerung\/","url":"https:\/\/vigilant.es\/de\/datenschutzerklaerung\/","name":"Datenschutzerkl\u00e4rung - Vigilant | Control Horario","isPartOf":{"@id":"https:\/\/vigilant.es\/de\/#website"},"datePublished":"2019-08-21T11:00:48+00:00","breadcrumb":{"@id":"https:\/\/vigilant.es\/de\/datenschutzerklaerung\/#breadcrumb"},"inLanguage":"de","potentialAction":[{"@type":"ReadAction","target":["https:\/\/vigilant.es\/de\/datenschutzerklaerung\/"]}]},{"@type":"BreadcrumbList","@id":"https:\/\/vigilant.es\/de\/datenschutzerklaerung\/#breadcrumb","itemListElement":[{"@type":"ListItem","position":1,"name":"Portada","item":"https:\/\/vigilant.es\/de\/"},{"@type":"ListItem","position":2,"name":"Datenschutzerkl\u00e4rung"}]},{"@type":"WebSite","@id":"https:\/\/vigilant.es\/de\/#website","url":"https:\/\/vigilant.es\/de\/","name":"Vigilant | Control Horario","description":"Control Horario | Control Horas Empleados","potentialAction":[{"@type":"SearchAction","target":{"@type":"EntryPoint","urlTemplate":"https:\/\/vigilant.es\/de\/?s={search_term_string}"},"query-input":{"@type":"PropertyValueSpecification","valueRequired":true,"valueName":"search_term_string"}}],"inLanguage":"de"}]}},"_links":{"self":[{"href":"https:\/\/vigilant.es\/de\/wp-json\/wp\/v2\/pages\/2102","targetHints":{"allow":["GET"]}}],"collection":[{"href":"https:\/\/vigilant.es\/de\/wp-json\/wp\/v2\/pages"}],"about":[{"href":"https:\/\/vigilant.es\/de\/wp-json\/wp\/v2\/types\/page"}],"author":[{"embeddable":true,"href":"https:\/\/vigilant.es\/de\/wp-json\/wp\/v2\/users\/21"}],"replies":[{"embeddable":true,"href":"https:\/\/vigilant.es\/de\/wp-json\/wp\/v2\/comments?post=2102"}],"version-history":[{"count":1,"href":"https:\/\/vigilant.es\/de\/wp-json\/wp\/v2\/pages\/2102\/revisions"}],"predecessor-version":[{"id":2103,"href":"https:\/\/vigilant.es\/de\/wp-json\/wp\/v2\/pages\/2102\/revisions\/2103"}],"wp:attachment":[{"href":"https:\/\/vigilant.es\/de\/wp-json\/wp\/v2\/media?parent=2102"}],"wp:term":[{"taxonomy":"casos_de_exito","embeddable":true,"href":"https:\/\/vigilant.es\/de\/wp-json\/wp\/v2\/casos_de_exito?post=2102"}],"curies":[{"name":"wp","href":"https:\/\/api.w.org\/{rel}","templated":true}]}}