{"id":24796,"date":"2026-02-26T16:58:31","date_gmt":"2026-02-26T15:58:31","guid":{"rendered":"https:\/\/vigilant.es\/interclean-amsterdam-2026\/"},"modified":"2026-02-26T16:58:31","modified_gmt":"2026-02-26T15:58:31","slug":"interclean-amsterdam-2026","status":"publish","type":"page","link":"https:\/\/vigilant.es\/fr\/interclean-amsterdam-2026\/","title":{"rendered":"Interclean Amsterdam 2026"},"content":{"rendered":"<p><div class=\"fusion-fullwidth fullwidth-box fusion-builder-row-1 fusion-flex-container has-pattern-background has-mask-background nonhundred-percent-fullwidth non-hundred-percent-height-scrolling\" style=\"--awb-border-radius-top-left:0px;--awb-border-radius-top-right:0px;--awb-border-radius-bottom-right:0px;--awb-border-radius-bottom-left:0px;--awb-flex-wrap:wrap;\" ><div class=\"fusion-builder-row fusion-row fusion-flex-align-items-flex-start fusion-flex-content-wrap\" style=\"max-width:1216.8px;margin-left: calc(-4% \/ 2 );margin-right: calc(-4% \/ 2 );\"><div class=\"fusion-layout-column fusion_builder_column fusion-builder-column-0 fusion_builder_column_1_1 1_1 fusion-flex-column\" style=\"--awb-bg-size:cover;--awb-width-large:100%;--awb-margin-top-large:0px;--awb-spacing-right-large:1.92%;--awb-margin-bottom-large:20px;--awb-spacing-left-large:1.92%;--awb-width-medium:100%;--awb-order-medium:0;--awb-spacing-right-medium:1.92%;--awb-spacing-left-medium:1.92%;--awb-width-small:100%;--awb-order-small:0;--awb-spacing-right-small:1.92%;--awb-spacing-left-small:1.92%;\"><div class=\"fusion-column-wrapper fusion-column-has-shadow fusion-flex-justify-content-flex-start fusion-content-layout-column\"><div class=\"fusion-image-element \" style=\"text-align:center;--awb-max-width:100%;--awb-caption-title-font-family:var(--h2_typography-font-family);--awb-caption-title-font-weight:var(--h2_typography-font-weight);--awb-caption-title-font-style:var(--h2_typography-font-style);--awb-caption-title-size:var(--h2_typography-font-size);--awb-caption-title-transform:var(--h2_typography-text-transform);--awb-caption-title-line-height:var(--h2_typography-line-height);--awb-caption-title-letter-spacing:var(--h2_typography-letter-spacing);\"><span class=\" fusion-imageframe imageframe-dropshadow imageframe-1 hover-type-none\" style=\"-webkit-box-shadow: 3px 3px 7px rgba(255,255,255,0);box-shadow: 3px 3px 7px rgba(255,255,255,0);\"><img decoding=\"async\" src=\"https:\/\/vigilant.es\/wp-content\/uploads\/2026\/02\/LANDING-INTERCLEAN-1.jpg\" alt class=\"img-responsive wp-image-24679\"\/><\/span><\/div><div class=\"fusion-text fusion-text-1\"><h1 style=\"text-align: center;\"><span style=\"color: #2d3f4e;\">Interclean Amsterdam 2026<\/span><\/h1>\n<p>\n<\/div><div class=\"fusion-separator\" style=\"align-self: center;margin-left: auto;margin-right: auto;margin-bottom:50px;width:100%;max-width:100px;\"><div class=\"fusion-separator-border sep-single sep-solid\" style=\"--awb-height:20px;--awb-amount:20px;--awb-sep-color:#aa2328;border-color:#aa2328;border-top-width:4px;\"><\/div><\/div><div class=\"fusion-content-boxes content-boxes columns row fusion-columns-3 fusion-columns-total-3 fusion-content-boxes-1 content-boxes-icon-with-title content-left has-flex-alignment\" style=\"--awb-alignment:center;--awb-margin-bottom:0px;--awb-hover-accent-color:var(--awb-color6);--awb-circle-hover-accent-color:var(--awb-color6);\" data-animationOffset=\"top-into-view\"><div style=\"--awb-backgroundcolor:rgba(255,255,255,0);\" class=\"fusion-column content-box-column content-box-column content-box-column-1 col-lg-4 col-md-4 col-sm-4 fusion-content-box-hover content-box-column-first-in-row\"><div class=\"col content-box-wrapper content-wrapper link-area-box icon-hover-animation-slide\" data-animationOffset=\"top-into-view\"><div class=\"heading heading-with-icon icon-left\"><div class=\"icon\"><i style=\"border-color:var(--awb-color6);border-width:1px;background-color:var(--awb-color6);box-sizing:content-box;height:42px;width:42px;line-height:42px;border-radius:50%;font-size:21px;\" aria-hidden=\"true\" class=\"fontawesome-icon fa-calendar-alt fas circle-yes\"><\/i><\/div><h2 class=\"content-box-heading fusion-responsive-typography-calculated\" style=\"--h2_typography-font-size:18px;--fontSize:18;line-height:1.5;\">Du 14 au 17 Avril 2026 <\/h2><\/div><\/div><\/div><div style=\"--awb-backgroundcolor:rgba(255,255,255,0);\" class=\"fusion-column content-box-column content-box-column content-box-column-2 col-lg-4 col-md-4 col-sm-4 fusion-content-box-hover \"><div class=\"col content-box-wrapper content-wrapper link-area-box icon-hover-animation-slide\" data-animationOffset=\"top-into-view\"><div class=\"heading heading-with-icon icon-left\"><div class=\"icon\"><i style=\"border-color:var(--awb-color6);border-width:1px;background-color:var(--awb-color6);box-sizing:content-box;height:42px;width:42px;line-height:42px;border-radius:50%;font-size:21px;\" aria-hidden=\"true\" class=\"fontawesome-icon fa-map-marker-alt fas circle-yes\"><\/i><\/div><h2 class=\"content-box-heading fusion-responsive-typography-calculated\" style=\"--h2_typography-font-size:18px;--fontSize:18;line-height:1.5;\">RAI, Amsterdam<\/h2><\/div><\/div><\/div><div style=\"--awb-backgroundcolor:rgba(255,255,255,0);\" class=\"fusion-column content-box-column content-box-column content-box-column-3 col-lg-4 col-md-4 col-sm-4 fusion-content-box-hover content-box-column-last content-box-column-last-in-row\"><div class=\"col content-box-wrapper content-wrapper link-area-box icon-hover-animation-slide\" data-animationOffset=\"top-into-view\"><div class=\"heading heading-with-icon icon-left\"><div class=\"icon\"><i style=\"border-color:var(--awb-color6);border-width:1px;background-color:var(--awb-color6);box-sizing:content-box;height:42px;width:42px;line-height:42px;border-radius:50%;font-size:21px;\" aria-hidden=\"true\" class=\"fontawesome-icon fa-flag fas circle-yes\"><\/i><\/div><h2 class=\"content-box-heading fusion-responsive-typography-calculated\" style=\"--h2_typography-font-size:18px;--fontSize:18;line-height:1.5;\">Stand 05.525<\/h2><\/div><\/div><\/div><div class=\"fusion-clearfix\"><\/div><\/div><div class=\"fusion-text fusion-text-2\"><div class=\"row box titulo\">\n<div class=\"col-xs-12 col-sm-12 resumen\" style=\"text-align: center;\">\n<p><span data-contrast=\"auto\">Cher client,<\/span><span data-ccp-props=\"\">\u00a0<\/span><\/p>\n<p><span data-contrast=\"auto\">\u00a0Nous sommes ravis de vous inviter \u00e0 nous rejoindre \u00e0\u00a0<a href=\"https:\/\/www.intercleanshow.com\/amsterdam\/exhibition-info\"><strong>Interclean\u00a0Amsterdam 2026<\/strong><\/a>, le salon international de l'industrie du nettoyage. Nous sommes fiers de participer \u00e0 cet \u00e9v\u00e9nement o\u00f9 nous pr\u00e9senterons nos solutions les plus r\u00e9centes et innovantes.<\/span><span data-ccp-props=\"\">\u00a0<\/span><\/p>\n<p><span data-contrast=\"auto\">\u00a0Nous avons h\u00e2te de vous rencontrer sur notre stand pour \u00e9changer avec vous et d\u00e9couvrir les\u00a0perspectives\u00a0de notre secteur. Vous nous trouverez facilement gr\u00e2ce \u00e0 la <a href=\"https:\/\/www.intercleanshow.com\/amsterdam\/exhibitor-list\/vigilant-radiobit-sistemas-sl\"><strong>liste des exposants<\/strong><\/a> disponible sur notre site web.<\/span><span data-ccp-props=\"\">\u00a0<\/span><\/p>\n<\/div>\n<p>\u00a0<\/p>\n<\/div>\n<\/div><div class=\"fusion-text fusion-text-3\"><p style=\"text-align: center;\"><span style=\"color: #2d3f4e;\">\u2714 <span class=\"TextRun SCXW130669006 BCX0\" lang=\"FR-FR\" xml:lang=\"FR-FR\" data-contrast=\"auto\"><span class=\"NormalTextRun SCXW130669006 BCX0\">130 pays repr\u00e9sent\u00e9s<\/span><\/span><\/span><\/p>\n<\/p>\n<p style=\"text-align: center;\"><span style=\"color: #2d3f4e;\">\u2714 <span class=\"TextRun SCXW20063511 BCX0\" lang=\"FR-FR\" xml:lang=\"FR-FR\" data-contrast=\"auto\"><span class=\"NormalTextRun SCXW20063511 BCX0\">175 fabricants exposants<\/span><\/span><span class=\"EOP SCXW20063511 BCX0\" data-ccp-props=\"\">\u00a0<\/span><\/span><\/p>\n<\/p>\n<p style=\"text-align: center;\"><span style=\"color: #2d3f4e;\">\u2714 <span class=\"TextRun SCXW27724518 BCX0\" lang=\"FR-FR\" xml:lang=\"FR-FR\" data-contrast=\"auto\"><span class=\"NormalTextRun SCXW27724518 BCX0\">21 000 visiteurs attendus<\/span><\/span><span class=\"EOP SCXW27724518 BCX0\" data-ccp-props=\"\">\u00a0<\/span><\/span><\/p>\n<\/p>\n<p style=\"text-align: center;\"><span style=\"color: #2d3f4e;\">\u2714 <span class=\"TextRun SCXW35645996 BCX0\" lang=\"FR-FR\" xml:lang=\"FR-FR\" data-contrast=\"auto\"><span class=\"NormalTextRun SCXW35645996 BCX0\">Plus de 100 sessions de formation et de d\u00e9monstration<\/span><\/span><span class=\"EOP SCXW35645996 BCX0\" data-ccp-props=\"\">\u00a0<\/span><\/span><\/p>\n<\/p>\n<p style=\"text-align: center;\"><span style=\"color: #2d3f4e;\">\u2714 <span class=\"TextRun SCXW710531 BCX0\" lang=\"FR-FR\" xml:lang=\"FR-FR\" data-contrast=\"auto\"><span class=\"NormalTextRun SCXW710531 BCX0\">4 segments<\/span><\/span><span class=\"EOP SCXW710531 BCX0\" data-ccp-props=\"\">\u00a0<\/span><\/span><\/p>\n<\/p>\n<p style=\"text-align: center;\"><span style=\"color: #2d3f4e;\">\u2714 <span class=\"TextRun SCXW228437937 BCX0\" lang=\"FR-FR\" xml:lang=\"FR-FR\" data-contrast=\"auto\"><span class=\"NormalTextRun SCXW228437937 BCX0\">Visiteurs de 170 pays<\/span><\/span><span class=\"EOP SCXW228437937 BCX0\" data-ccp-props=\"\">\u00a0<\/span><\/span><\/p>\n<\/div><\/div><\/div><\/div><\/div><div class=\"fusion-fullwidth fullwidth-box fusion-builder-row-2 fusion-flex-container has-pattern-background has-mask-background nonhundred-percent-fullwidth non-hundred-percent-height-scrolling\" style=\"--link_color: var(--awb-color6);--awb-border-sizes-bottom:50;--awb-border-color:rgba(14,44,86,0);--awb-border-radius-top-left:0px;--awb-border-radius-top-right:0px;--awb-border-radius-bottom-right:0px;--awb-border-radius-bottom-left:0px;--awb-margin-bottom:50px;--awb-background-color:var(--awb-color6);--awb-flex-wrap:wrap;\" ><div class=\"fusion-builder-row fusion-row fusion-flex-align-items-center fusion-flex-content-wrap\" style=\"max-width:1216.8px;margin-left: calc(-4% \/ 2 );margin-right: calc(-4% \/ 2 );\"><div class=\"fusion-layout-column fusion_builder_column fusion-builder-column-1 fusion_builder_column_1_1 1_1 fusion-flex-column\" style=\"--awb-bg-color:var(--awb-color6);--awb-bg-color-hover:var(--awb-color6);--awb-bg-size:cover;--awb-width-large:100%;--awb-margin-top-large:0px;--awb-spacing-right-large:1.92%;--awb-margin-bottom-large:20px;--awb-spacing-left-large:1.92%;--awb-width-medium:100%;--awb-order-medium:0;--awb-spacing-right-medium:1.92%;--awb-spacing-left-medium:1.92%;--awb-width-small:100%;--awb-order-small:0;--awb-spacing-right-small:1.92%;--awb-spacing-left-small:1.92%;\" data-scroll-devices=\"small-visibility,medium-visibility,large-visibility\"><div class=\"fusion-column-wrapper fusion-column-has-shadow fusion-flex-justify-content-flex-start fusion-content-layout-column\"><div class=\"fusion-text fusion-text-4\" style=\"--awb-margin-top:20px;\"><p style=\"text-align: center;\"><span style=\"font-size: 36px; color: #ffffff;\"><strong>SOYEZ NOTRE INVIT\u00c9 \u00c0 INTERCLEAN AMSTERDAM<\/strong><\/span><\/p>\n<\/div><div style=\"text-align:center;\"><a class=\"fusion-button button-flat fusion-button-default-size button-custom fusion-button-default button-1 fusion-button-default-span fusion-button-default-type\" style=\"--button_accent_color:var(--awb-color6);--button_accent_hover_color:#c53f33;--button_border_hover_color:#c53f33;--button_gradient_top_color:var(--awb-color1);--button_gradient_bottom_color:var(--awb-color1);--button_gradient_top_color_hover:#f2f2f2;--button_gradient_bottom_color_hover:#f2f2f2;width:calc(100%);\" target=\"_self\" href=\"https:\/\/register.visitcloud.com\/survey\/07qakdfc86i0v?actioncode=NTWO002002EFV&amp;partner-contact=0sneyawzc3z1x&amp;verifier=POGM3btADLHPW4Z7YTuAk0UIWSs\"><span class=\"fusion-button-text awb-button__text awb-button__text--default\"><span class=\"TextRun SCXW216397866 BCX0\" lang=\"FR-FR\" xml:lang=\"FR-FR\" data-contrast=\"auto\"><span class=\"NormalTextRun SCXW216397866 BCX0\">INSCRIVEZ-VOUS ICI<\/span><\/span><span class=\"EOP SCXW216397866 BCX0\" data-ccp-props=\"\">\u00a0<\/span><\/span><\/a><\/div><\/div><\/div><\/div><\/div><div class=\"fusion-fullwidth fullwidth-box fusion-builder-row-3 fusion-flex-container has-pattern-background has-mask-background nonhundred-percent-fullwidth non-hundred-percent-height-scrolling\" style=\"--awb-border-radius-top-left:0px;--awb-border-radius-top-right:0px;--awb-border-radius-bottom-right:0px;--awb-border-radius-bottom-left:0px;--awb-flex-wrap:wrap;\" ><div class=\"fusion-builder-row fusion-row fusion-flex-align-items-flex-start fusion-flex-content-wrap\" style=\"max-width:1216.8px;margin-left: calc(-4% \/ 2 );margin-right: calc(-4% \/ 2 );\"><div class=\"fusion-layout-column fusion_builder_column fusion-builder-column-2 fusion_builder_column_1_1 1_1 fusion-flex-column\" style=\"--awb-bg-size:cover;--awb-width-large:100%;--awb-margin-top-large:0px;--awb-spacing-right-large:1.92%;--awb-margin-bottom-large:20px;--awb-spacing-left-large:1.92%;--awb-width-medium:100%;--awb-order-medium:0;--awb-spacing-right-medium:1.92%;--awb-spacing-left-medium:1.92%;--awb-width-small:100%;--awb-order-small:0;--awb-spacing-right-small:1.92%;--awb-spacing-left-small:1.92%;\"><div class=\"fusion-column-wrapper fusion-column-has-shadow fusion-flex-justify-content-flex-start fusion-content-layout-column\"><div class=\"fusion-text fusion-text-5\"><div class=\"row box titulo\">\n<div class=\"col-xs-12 col-sm-12 resumen\" style=\"text-align: center;\">\n<blockquote style=\"text-align: left;\">\n<p><span style=\"letter-spacing: normal; font-size: 24px;\" data-fusion-font=\"true\">Ce mois d\u2019avril, <span class=\"hover:entity-accent entity-underline inline cursor-pointer align-baseline\"><span class=\"whitespace-normal\">Interclean Amsterdam<\/span><\/span> revient en force, pr\u00e9sentant une combinaison exceptionnelle de contenu d\u2019experts, d\u2019exp\u00e9riences immersives et d\u2019un divertissement remarquable!<\/span><\/p>\n<\/blockquote>\n<\/div>\n<p>&nbsp;<\/p>\n<\/div>\n<\/div><div class=\"fusion-image-element \" style=\"text-align:center;--awb-caption-title-font-family:var(--h2_typography-font-family);--awb-caption-title-font-weight:var(--h2_typography-font-weight);--awb-caption-title-font-style:var(--h2_typography-font-style);--awb-caption-title-size:var(--h2_typography-font-size);--awb-caption-title-transform:var(--h2_typography-text-transform);--awb-caption-title-line-height:var(--h2_typography-line-height);--awb-caption-title-letter-spacing:var(--h2_typography-letter-spacing);\"><span class=\" fusion-imageframe imageframe-none imageframe-2 hover-type-none\"><img decoding=\"async\" width=\"469\" height=\"61\" title=\"banner\" src=\"https:\/\/vigilant.es\/wp-content\/uploads\/2026\/02\/banner.png\" alt class=\"img-responsive wp-image-24697\" srcset=\"https:\/\/vigilant.es\/wp-content\/uploads\/2026\/02\/banner-200x26.png 200w, https:\/\/vigilant.es\/wp-content\/uploads\/2026\/02\/banner-400x52.png 400w, https:\/\/vigilant.es\/wp-content\/uploads\/2026\/02\/banner.png 469w\" sizes=\"(max-width: 1024px) 100vw, (max-width: 640px) 100vw, 469px\" \/><\/span><\/div><\/div><\/div><\/div><\/div><div class=\"fusion-fullwidth fullwidth-box fusion-builder-row-4 fusion-flex-container has-pattern-background has-mask-background nonhundred-percent-fullwidth non-hundred-percent-height-scrolling\" style=\"--link_color: #2d3f4e;--awb-border-color:rgba(14,44,86,0);--awb-border-radius-top-left:0px;--awb-border-radius-top-right:0px;--awb-border-radius-bottom-right:0px;--awb-border-radius-bottom-left:0px;--awb-background-color:#2d3f4e;--awb-flex-wrap:wrap;\" ><div class=\"fusion-builder-row fusion-row fusion-flex-align-items-center fusion-flex-content-wrap\" style=\"max-width:1216.8px;margin-left: calc(-4% \/ 2 );margin-right: calc(-4% \/ 2 );\"><div class=\"fusion-layout-column fusion_builder_column fusion-builder-column-3 fusion_builder_column_1_1 1_1 fusion-flex-column\" style=\"--awb-bg-color:#2d3f4e;--awb-bg-color-hover:#2d3f4e;--awb-bg-size:cover;--awb-width-large:100%;--awb-margin-top-large:0px;--awb-spacing-right-large:1.92%;--awb-margin-bottom-large:20px;--awb-spacing-left-large:1.92%;--awb-width-medium:100%;--awb-order-medium:0;--awb-spacing-right-medium:1.92%;--awb-spacing-left-medium:1.92%;--awb-width-small:100%;--awb-order-small:0;--awb-spacing-right-small:1.92%;--awb-spacing-left-small:1.92%;\"><div class=\"fusion-column-wrapper fusion-column-has-shadow fusion-flex-justify-content-flex-start fusion-content-layout-column\"><\/div><\/div><div class=\"fusion-layout-column fusion_builder_column fusion-builder-column-4 fusion_builder_column_2_3 2_3 fusion-flex-column\" style=\"--awb-padding-right:30px;--awb-padding-bottom:0px;--awb-padding-left:30px;--awb-bg-color:#2d3f4e;--awb-bg-color-hover:#2d3f4e;--awb-bg-blend:overlay;--awb-bg-size:cover;--awb-border-color:#aa2328;--awb-border-left:10px;--awb-border-style:solid;--awb-width-large:66.666666666667%;--awb-margin-top-large:0px;--awb-spacing-right-large:3.84%;--awb-margin-bottom-large:15px;--awb-spacing-left-large:2.88%;--awb-width-medium:100%;--awb-spacing-right-medium:1.92%;--awb-spacing-left-medium:1.92%;--awb-width-small:100%;--awb-spacing-right-small:1.92%;--awb-spacing-left-small:1.92%;\"><div class=\"fusion-column-wrapper fusion-flex-justify-content-center fusion-content-layout-column\"><div class=\"fusion-text fusion-text-6\" style=\"--awb-text-color:#2d3f4e;\"><h2 class=\"fusion-responsive-typography-calculated\" style=\"color: #ffffff; margin: 0px; --fontsize: 33; line-height: 1.5;\" data-fontsize=\"33\" data-lineheight=\"49.5px\"><span style=\"font-size: 190%; line-height: 1;\"><span class=\"TextRun SCXW93213736 BCX0\" lang=\"FR-FR\" xml:lang=\"FR-FR\" data-contrast=\"auto\"><span class=\"NormalTextRun SCXW93213736 BCX0\">Inscrivez-vous ici pour obtenir votre entr\u00e9e GRATUITE<\/span><\/span>: <\/span><\/h2>\n<\/div><\/div><\/div><div class=\"fusion-layout-column fusion_builder_column fusion-builder-column-5 fusion_builder_column_1_3 1_3 fusion-flex-column\" style=\"--awb-bg-blend:overlay;--awb-bg-size:cover;--awb-width-large:33.333333333333%;--awb-margin-top-large:15px;--awb-spacing-right-large:5.76%;--awb-margin-bottom-large:15px;--awb-spacing-left-large:3.84%;--awb-width-medium:100%;--awb-spacing-right-medium:1.92%;--awb-spacing-left-medium:1.92%;--awb-width-small:100%;--awb-spacing-right-small:1.92%;--awb-spacing-left-small:1.92%;\"><div class=\"fusion-column-wrapper fusion-flex-justify-content-center fusion-content-layout-column\"><div ><a class=\"fusion-button button-flat button-xlarge button-custom fusion-button-default button-2 fusion-button-default-span fusion-button-default-type\" style=\"--button_accent_color:#092933;--button_border_color:#092933;--button_accent_hover_color:#c53f33;--button_border_hover_color:#c53f33;--button_gradient_top_color:#ffffff;--button_gradient_bottom_color:#ffffff;--button_gradient_top_color_hover:#f2f2f2;--button_gradient_bottom_color_hover:#f2f2f2;width:calc(100%);\" target=\"_self\" href=\"https:\/\/register.visitcloud.com\/survey\/2hdir9zqg5391?actioncode=NTWO001579BMM&amp;partner-contact=0sneyawzc3z1x\"><span class=\"fusion-button-text awb-button__text awb-button__text--default\"><span class=\"TextRun SCXW216397866 BCX0\" lang=\"FR-FR\" xml:lang=\"FR-FR\" data-contrast=\"auto\"><span class=\"NormalTextRun SCXW216397866 BCX0\">INSCRIVEZ-VOUS ICI<\/span><\/span><span class=\"EOP SCXW216397866 BCX0\" data-ccp-props=\"\">\u00a0<\/span><\/span><\/a><\/div><\/div><\/div><\/div><\/div><\/p>\n","protected":false},"excerpt":{"rendered":"","protected":false},"author":21,"featured_media":0,"parent":0,"menu_order":0,"comment_status":"closed","ping_status":"closed","template":"100-width.php","meta":{"content-type":"","footnotes":""},"casos_de_exito":[],"class_list":["post-24796","page","type-page","status-publish","hentry"],"yoast_head":"<!-- This site is optimized with the Yoast SEO plugin v27.3 - https:\/\/yoast.com\/product\/yoast-seo-wordpress\/ -->\n<title>Interclean Amsterdam 2026 - Vigilant | Control Horario<\/title>\n<meta name=\"robots\" content=\"index, follow, max-snippet:-1, max-image-preview:large, max-video-preview:-1\" \/>\n<link rel=\"canonical\" href=\"https:\/\/vigilant.es\/fr\/interclean-amsterdam-2026\/\" \/>\n<meta property=\"og:locale\" content=\"fr_FR\" \/>\n<meta property=\"og:type\" content=\"article\" \/>\n<meta property=\"og:title\" content=\"Interclean Amsterdam 2026 - Vigilant | Control Horario\" \/>\n<meta property=\"og:url\" content=\"https:\/\/vigilant.es\/fr\/interclean-amsterdam-2026\/\" \/>\n<meta property=\"og:site_name\" content=\"Vigilant | Control Horario\" \/>\n<meta name=\"twitter:card\" content=\"summary_large_image\" \/>\n<meta name=\"twitter:label1\" content=\"Dur\u00e9e de lecture estim\u00e9e\" \/>\n\t<meta name=\"twitter:data1\" content=\"19 minutes\" \/>\n<script type=\"application\/ld+json\" class=\"yoast-schema-graph\">{\"@context\":\"https:\\\/\\\/schema.org\",\"@graph\":[{\"@type\":\"WebPage\",\"@id\":\"https:\\\/\\\/vigilant.es\\\/fr\\\/interclean-amsterdam-2026\\\/\",\"url\":\"https:\\\/\\\/vigilant.es\\\/fr\\\/interclean-amsterdam-2026\\\/\",\"name\":\"Interclean Amsterdam 2026 - Vigilant | Control Horario\",\"isPartOf\":{\"@id\":\"https:\\\/\\\/vigilant.es\\\/fr\\\/#website\"},\"datePublished\":\"2026-02-26T15:58:31+00:00\",\"breadcrumb\":{\"@id\":\"https:\\\/\\\/vigilant.es\\\/fr\\\/interclean-amsterdam-2026\\\/#breadcrumb\"},\"inLanguage\":\"fr-FR\",\"potentialAction\":[{\"@type\":\"ReadAction\",\"target\":[\"https:\\\/\\\/vigilant.es\\\/fr\\\/interclean-amsterdam-2026\\\/\"]}]},{\"@type\":\"BreadcrumbList\",\"@id\":\"https:\\\/\\\/vigilant.es\\\/fr\\\/interclean-amsterdam-2026\\\/#breadcrumb\",\"itemListElement\":[{\"@type\":\"ListItem\",\"position\":1,\"name\":\"Portada\",\"item\":\"https:\\\/\\\/vigilant.es\\\/fr\\\/\"},{\"@type\":\"ListItem\",\"position\":2,\"name\":\"Interclean Amsterdam 2026\"}]},{\"@type\":\"WebSite\",\"@id\":\"https:\\\/\\\/vigilant.es\\\/fr\\\/#website\",\"url\":\"https:\\\/\\\/vigilant.es\\\/fr\\\/\",\"name\":\"Vigilant | Control Horario\",\"description\":\"Control Horario | Control Horas Empleados\",\"potentialAction\":[{\"@type\":\"SearchAction\",\"target\":{\"@type\":\"EntryPoint\",\"urlTemplate\":\"https:\\\/\\\/vigilant.es\\\/fr\\\/?s={search_term_string}\"},\"query-input\":{\"@type\":\"PropertyValueSpecification\",\"valueRequired\":true,\"valueName\":\"search_term_string\"}}],\"inLanguage\":\"fr-FR\"}]}<\/script>\n<!-- \/ Yoast SEO plugin. -->","yoast_head_json":{"title":"Interclean Amsterdam 2026 - Vigilant | Control Horario","robots":{"index":"index","follow":"follow","max-snippet":"max-snippet:-1","max-image-preview":"max-image-preview:large","max-video-preview":"max-video-preview:-1"},"canonical":"https:\/\/vigilant.es\/fr\/interclean-amsterdam-2026\/","og_locale":"fr_FR","og_type":"article","og_title":"Interclean Amsterdam 2026 - Vigilant | Control Horario","og_url":"https:\/\/vigilant.es\/fr\/interclean-amsterdam-2026\/","og_site_name":"Vigilant | Control Horario","twitter_card":"summary_large_image","twitter_misc":{"Dur\u00e9e de lecture estim\u00e9e":"19 minutes"},"schema":{"@context":"https:\/\/schema.org","@graph":[{"@type":"WebPage","@id":"https:\/\/vigilant.es\/fr\/interclean-amsterdam-2026\/","url":"https:\/\/vigilant.es\/fr\/interclean-amsterdam-2026\/","name":"Interclean Amsterdam 2026 - Vigilant | Control Horario","isPartOf":{"@id":"https:\/\/vigilant.es\/fr\/#website"},"datePublished":"2026-02-26T15:58:31+00:00","breadcrumb":{"@id":"https:\/\/vigilant.es\/fr\/interclean-amsterdam-2026\/#breadcrumb"},"inLanguage":"fr-FR","potentialAction":[{"@type":"ReadAction","target":["https:\/\/vigilant.es\/fr\/interclean-amsterdam-2026\/"]}]},{"@type":"BreadcrumbList","@id":"https:\/\/vigilant.es\/fr\/interclean-amsterdam-2026\/#breadcrumb","itemListElement":[{"@type":"ListItem","position":1,"name":"Portada","item":"https:\/\/vigilant.es\/fr\/"},{"@type":"ListItem","position":2,"name":"Interclean Amsterdam 2026"}]},{"@type":"WebSite","@id":"https:\/\/vigilant.es\/fr\/#website","url":"https:\/\/vigilant.es\/fr\/","name":"Vigilant | Control Horario","description":"Control Horario | Control Horas Empleados","potentialAction":[{"@type":"SearchAction","target":{"@type":"EntryPoint","urlTemplate":"https:\/\/vigilant.es\/fr\/?s={search_term_string}"},"query-input":{"@type":"PropertyValueSpecification","valueRequired":true,"valueName":"search_term_string"}}],"inLanguage":"fr-FR"}]}},"_links":{"self":[{"href":"https:\/\/vigilant.es\/fr\/wp-json\/wp\/v2\/pages\/24796","targetHints":{"allow":["GET"]}}],"collection":[{"href":"https:\/\/vigilant.es\/fr\/wp-json\/wp\/v2\/pages"}],"about":[{"href":"https:\/\/vigilant.es\/fr\/wp-json\/wp\/v2\/types\/page"}],"author":[{"embeddable":true,"href":"https:\/\/vigilant.es\/fr\/wp-json\/wp\/v2\/users\/21"}],"replies":[{"embeddable":true,"href":"https:\/\/vigilant.es\/fr\/wp-json\/wp\/v2\/comments?post=24796"}],"version-history":[{"count":3,"href":"https:\/\/vigilant.es\/fr\/wp-json\/wp\/v2\/pages\/24796\/revisions"}],"predecessor-version":[{"id":24799,"href":"https:\/\/vigilant.es\/fr\/wp-json\/wp\/v2\/pages\/24796\/revisions\/24799"}],"wp:attachment":[{"href":"https:\/\/vigilant.es\/fr\/wp-json\/wp\/v2\/media?parent=24796"}],"wp:term":[{"taxonomy":"casos_de_exito","embeddable":true,"href":"https:\/\/vigilant.es\/fr\/wp-json\/wp\/v2\/casos_de_exito?post=24796"}],"curies":[{"name":"wp","href":"https:\/\/api.w.org\/{rel}","templated":true}]}}