{"id":6461,"date":"2020-11-30T16:25:48","date_gmt":"2020-11-30T16:25:48","guid":{"rendered":"http:\/\/test.vigilant.es\/politique-de-confidentialite\/"},"modified":"2020-11-30T16:25:48","modified_gmt":"2020-11-30T16:25:48","slug":"politique-de-confidentialite","status":"publish","type":"page","link":"https:\/\/vigilant.es\/fr\/politique-de-confidentialite\/","title":{"rendered":"Politique de confidentialit\u00e9"},"content":{"rendered":"<p><span style=\"font-weight: 400;\">Conform\u00e9ment \u00e0 ce qui est \u00e9tabli dans la RGPD, on vous informe que vos donn\u00e9es seront pr\u00e9cis\u00e9s dans nos fichiers, avant pour objectif de maintenir et respecter la liaison avec notre entit\u00e9, inclusif l\u2019envoi de communications dans le cadre de la liaison cit\u00e9e.<\/span><\/p>\n<p><span style=\"font-weight: 400;\">\u00c9galement, vos donn\u00e9es seront c\u00e9d\u00e9es dans tous les cas o\u00f9 \u00e7a soit n\u00e9cessaire pour le d\u00e9veloppement, l&rsquo;accomplissement et contr\u00f4le de la liaison avec notre entit\u00e9 ou dans les possibles cas o\u00f9 \u00e7a est autoris\u00e9 par une norme ayant valeur de loi. Conform\u00e9ment \u00e0 la RGPD, vous pouvez exercer vos droits ARCO face \u00e0 Vigilant, avec adresse\u00a0 <\/span><b>C\/ Relleu, 4 Edif. Romeral 2 Escalera 3, Local 3, 03502 \u2013 Benidorm<\/b><span style=\"font-weight: 400;\">, en ajoutant une photocopie de votre carte d\u2019identit\u00e9.<\/span><\/p>\n<p><span style=\"font-weight: 400;\">Le contenu de cette communication, ainsi que de toute la documentation annex\u00e9e, est soumis \u00e0 l\u2019obligation de secret professionnel et est dirig\u00e9 uniquement vers son destinataire. Dans le cas all\u00e9gu\u00e9 o\u00f9 vous ne seriez pas le destinataire, on vous en prie de l\u2019indiquer et de ne communiquer pas son contenu aux tierce parties, tout en proc\u00e9dant \u00e0 sa destruction.<\/span><span style=\"font-weight: 400;\">\u00a0<\/span><\/p>\n<p><span style=\"font-weight: 400;\">Le prestataire de services de la soci\u00e9t\u00e9 de l\u2019information devra tenir compte du suivant: en outre de l\u2019information qu\u2019il facilite aux destinataires du service \u00e0 travers sa \u201cPolitique de Confidentialit\u00e9\u201d, il devra disposer de textes juridiques suppl\u00e9mentaires relatifs \u00e0 d\u2019autres normes contraignantes, telles que, sans caract\u00e8re limitatif ni excluant, conditions g\u00e9n\u00e9rales de recrutement, propri\u00e9t\u00e9 intellectuelle et industrielle, conditions d\u2019utilisation du site web et responsabilit\u00e9s \u00e0 ce sujet, ou ce qui la Ley 34\/2002, du 11 juillet, de Services de la Soci\u00e9t\u00e9 de l\u2019Information et de Commerce \u00c9lectronique peut \u00e9tablir sur tout autre d\u2019autres pr\u00e9ceptes ind\u00e9pendamment de l\u2019article\u00a0 ou m\u00eame compl\u00e9ter l\u2019information qui, en relation avec le m\u00eame, peut \u00eatre n\u00e9cessaire.\u00a0<\/span><\/p>\n","protected":false},"excerpt":{"rendered":"<p>Conform\u00e9ment \u00e0 ce qui est \u00e9tabli dans la RGPD, on vous informe que vos donn\u00e9es seront  [&#8230;]<\/p>\n","protected":false},"author":21,"featured_media":0,"parent":0,"menu_order":100,"comment_status":"closed","ping_status":"closed","template":"","meta":{"content-type":"","footnotes":""},"casos_de_exito":[],"class_list":["post-6461","page","type-page","status-publish","hentry"],"yoast_head":"<!-- This site is optimized with the Yoast SEO plugin v27.4 - https:\/\/yoast.com\/product\/yoast-seo-wordpress\/ -->\n<title>Politique de confidentialit\u00e9 - Vigilant | Control Horario<\/title>\n<meta name=\"robots\" content=\"noindex, nofollow\" \/>\n<meta property=\"og:locale\" content=\"fr_FR\" \/>\n<meta property=\"og:type\" content=\"article\" \/>\n<meta property=\"og:title\" content=\"Politique de confidentialit\u00e9 - Vigilant | Control Horario\" \/>\n<meta property=\"og:description\" content=\"Conform\u00e9ment \u00e0 ce qui est \u00e9tabli dans la RGPD, on vous informe que vos donn\u00e9es seront [...]\" \/>\n<meta property=\"og:url\" content=\"https:\/\/vigilant.es\/fr\/politique-de-confidentialite\/\" \/>\n<meta property=\"og:site_name\" content=\"Vigilant | Control Horario\" \/>\n<meta name=\"twitter:card\" content=\"summary_large_image\" \/>\n<meta name=\"twitter:label1\" content=\"Dur\u00e9e de lecture estim\u00e9e\" \/>\n\t<meta name=\"twitter:data1\" content=\"2 minutes\" \/>\n<script type=\"application\/ld+json\" class=\"yoast-schema-graph\">{\"@context\":\"https:\\\/\\\/schema.org\",\"@graph\":[{\"@type\":\"WebPage\",\"@id\":\"https:\\\/\\\/vigilant.es\\\/fr\\\/politique-de-confidentialite\\\/\",\"url\":\"https:\\\/\\\/vigilant.es\\\/fr\\\/politique-de-confidentialite\\\/\",\"name\":\"Politique de confidentialit\u00e9 - Vigilant | Control Horario\",\"isPartOf\":{\"@id\":\"https:\\\/\\\/vigilant.es\\\/fr\\\/#website\"},\"datePublished\":\"2020-11-30T16:25:48+00:00\",\"breadcrumb\":{\"@id\":\"https:\\\/\\\/vigilant.es\\\/fr\\\/politique-de-confidentialite\\\/#breadcrumb\"},\"inLanguage\":\"fr-FR\",\"potentialAction\":[{\"@type\":\"ReadAction\",\"target\":[\"https:\\\/\\\/vigilant.es\\\/fr\\\/politique-de-confidentialite\\\/\"]}]},{\"@type\":\"BreadcrumbList\",\"@id\":\"https:\\\/\\\/vigilant.es\\\/fr\\\/politique-de-confidentialite\\\/#breadcrumb\",\"itemListElement\":[{\"@type\":\"ListItem\",\"position\":1,\"name\":\"Portada\",\"item\":\"https:\\\/\\\/vigilant.es\\\/fr\\\/\"},{\"@type\":\"ListItem\",\"position\":2,\"name\":\"Politique de confidentialit\u00e9\"}]},{\"@type\":\"WebSite\",\"@id\":\"https:\\\/\\\/vigilant.es\\\/fr\\\/#website\",\"url\":\"https:\\\/\\\/vigilant.es\\\/fr\\\/\",\"name\":\"Vigilant | Control Horario\",\"description\":\"Control Horario | Control Horas Empleados\",\"potentialAction\":[{\"@type\":\"SearchAction\",\"target\":{\"@type\":\"EntryPoint\",\"urlTemplate\":\"https:\\\/\\\/vigilant.es\\\/fr\\\/?s={search_term_string}\"},\"query-input\":{\"@type\":\"PropertyValueSpecification\",\"valueRequired\":true,\"valueName\":\"search_term_string\"}}],\"inLanguage\":\"fr-FR\"}]}<\/script>\n<!-- \/ Yoast SEO plugin. -->","yoast_head_json":{"title":"Politique de confidentialit\u00e9 - Vigilant | Control Horario","robots":{"index":"noindex","follow":"nofollow"},"og_locale":"fr_FR","og_type":"article","og_title":"Politique de confidentialit\u00e9 - Vigilant | Control Horario","og_description":"Conform\u00e9ment \u00e0 ce qui est \u00e9tabli dans la RGPD, on vous informe que vos donn\u00e9es seront [...]","og_url":"https:\/\/vigilant.es\/fr\/politique-de-confidentialite\/","og_site_name":"Vigilant | Control Horario","twitter_card":"summary_large_image","twitter_misc":{"Dur\u00e9e de lecture estim\u00e9e":"2 minutes"},"schema":{"@context":"https:\/\/schema.org","@graph":[{"@type":"WebPage","@id":"https:\/\/vigilant.es\/fr\/politique-de-confidentialite\/","url":"https:\/\/vigilant.es\/fr\/politique-de-confidentialite\/","name":"Politique de confidentialit\u00e9 - Vigilant | Control Horario","isPartOf":{"@id":"https:\/\/vigilant.es\/fr\/#website"},"datePublished":"2020-11-30T16:25:48+00:00","breadcrumb":{"@id":"https:\/\/vigilant.es\/fr\/politique-de-confidentialite\/#breadcrumb"},"inLanguage":"fr-FR","potentialAction":[{"@type":"ReadAction","target":["https:\/\/vigilant.es\/fr\/politique-de-confidentialite\/"]}]},{"@type":"BreadcrumbList","@id":"https:\/\/vigilant.es\/fr\/politique-de-confidentialite\/#breadcrumb","itemListElement":[{"@type":"ListItem","position":1,"name":"Portada","item":"https:\/\/vigilant.es\/fr\/"},{"@type":"ListItem","position":2,"name":"Politique de confidentialit\u00e9"}]},{"@type":"WebSite","@id":"https:\/\/vigilant.es\/fr\/#website","url":"https:\/\/vigilant.es\/fr\/","name":"Vigilant | Control Horario","description":"Control Horario | Control Horas Empleados","potentialAction":[{"@type":"SearchAction","target":{"@type":"EntryPoint","urlTemplate":"https:\/\/vigilant.es\/fr\/?s={search_term_string}"},"query-input":{"@type":"PropertyValueSpecification","valueRequired":true,"valueName":"search_term_string"}}],"inLanguage":"fr-FR"}]}},"_links":{"self":[{"href":"https:\/\/vigilant.es\/fr\/wp-json\/wp\/v2\/pages\/6461","targetHints":{"allow":["GET"]}}],"collection":[{"href":"https:\/\/vigilant.es\/fr\/wp-json\/wp\/v2\/pages"}],"about":[{"href":"https:\/\/vigilant.es\/fr\/wp-json\/wp\/v2\/types\/page"}],"author":[{"embeddable":true,"href":"https:\/\/vigilant.es\/fr\/wp-json\/wp\/v2\/users\/21"}],"replies":[{"embeddable":true,"href":"https:\/\/vigilant.es\/fr\/wp-json\/wp\/v2\/comments?post=6461"}],"version-history":[{"count":0,"href":"https:\/\/vigilant.es\/fr\/wp-json\/wp\/v2\/pages\/6461\/revisions"}],"wp:attachment":[{"href":"https:\/\/vigilant.es\/fr\/wp-json\/wp\/v2\/media?parent=6461"}],"wp:term":[{"taxonomy":"casos_de_exito","embeddable":true,"href":"https:\/\/vigilant.es\/fr\/wp-json\/wp\/v2\/casos_de_exito?post=6461"}],"curies":[{"name":"wp","href":"https:\/\/api.w.org\/{rel}","templated":true}]}}