{"id":6462,"date":"2020-11-30T16:27:21","date_gmt":"2020-11-30T16:27:21","guid":{"rendered":"http:\/\/test.vigilant.es\/mentions-legales-mentions-legales-notas-legales\/"},"modified":"2020-11-30T16:27:21","modified_gmt":"2020-11-30T16:27:21","slug":"mentions-legales-mentions-legales-notas-legales","status":"publish","type":"page","link":"https:\/\/vigilant.es\/fr\/mentions-legales-mentions-legales-notas-legales\/","title":{"rendered":"Mentions l\u00e9gales Mentions l\u00e9gales Notas legales"},"content":{"rendered":"<p><span style=\"font-weight: 400;\">Le pr\u00e9sent Avis Juridique r\u00e9gule les conditions g\u00e9n\u00e9rales d\u2019acc\u00e8s et d\u2019utilisation du site web, accessible dans la direction URL <\/span><a href=\"https:\/\/vigilant.es\"><span style=\"font-weight: 400;\">https:\/\/vigilant.es<\/span><\/a><span style=\"font-weight: 400;\">\u00a0 (en avant, le site web), que Vigilant met \u00e0 disposition des utilisateurs d\u2019Internet.<\/span><span style=\"font-weight: 400;\">\u00a0<\/span><\/p>\n<p><span style=\"font-weight: 400;\">L\u2019utilisation du site web implique la pleine acceptation sans r\u00e9serves de tous et chacune des dispositions incluses dans cet Avis Juridique. Par cons\u00e9quence, l\u2019utilisateur du site web doit lire attentivement le pr\u00e9sent Avis Juridique \u00e0 chaque occasion qu\u2019il utilise le site web, car le\u00a0 texte pourrait \u00eatre soumis \u00e0 des modifications selons le crit\u00e8re du titulaire de la page, ou \u00e0 cause d\u2019un changement l\u00e9gislatif, jurisprudentiel ou dans la pratique entrepreneurial.\u00a0 <\/span><\/p>\n<h2><b>1.- TITULAIRE DU SITE WEB.<\/b><\/h2>\n<p><span style=\"font-weight: 400;\">Raison Sociale de la Soci\u00e9t\u00e9: RADIOBIT SISTEMAS SL<\/span><\/p>\n<p><span style=\"font-weight: 400;\">Nom du titulaire: RADIOBIT SISTEMAS SL<\/span><\/p>\n<p><span style=\"font-weight: 400;\">Domicile social: C\/ Relleu, 4 Edif. Romeral 2 Escalera 3, Local 3<\/span><\/p>\n<p><span style=\"font-weight: 400;\">Commune: Benidorm<\/span><\/p>\n<p><span style=\"font-weight: 400;\">Province: Alacant<\/span><\/p>\n<p><span style=\"font-weight: 400;\">C.P.: 03502<\/span><\/p>\n<p><span style=\"font-weight: 400;\">C.I.F.\/D.N.I.: B03961554<\/span><\/p>\n<p><span style=\"font-weight: 400;\">T\u00e9l\u00e9phone de contact: 965856457<\/span><\/p>\n<p><span style=\"font-weight: 400;\">Courrier \u00e9lectronique: info@vigilant.es<\/span><\/p>\n<p><span style=\"font-weight: 400;\">Donn\u00e9es d\u2019enregistrement:<\/span><\/p>\n<h2><b>2.- OBJET.<\/b><\/h2>\n<p><span style=\"font-weight: 400;\">Le site web facilite \u00e0 les utilisateurs du m\u00eame l\u2019acc\u00e8s \u00e0 des informations et des services livr\u00e9s par Vigilant et les personnes ou organisations concern\u00e9es par les m\u00eames.<\/span><span style=\"font-weight: 400;\">\u00a0<\/span><\/p>\n<h2><b>3.- ACCESO Y UTILIZACI\u00d3N DE LA WEB.<\/b><\/h2>\n<p><span style=\"font-weight: 400;\">3.1.- Caract\u00e8re gratuit de l\u2019acc\u00e8s et l&rsquo;utilisation du site web\u00a0<\/span><\/p>\n<p><span style=\"font-weight: 400;\">L\u2019acc\u00e8s au site web a un caract\u00e8re gratuit pour tous les utilisateurs du m\u00eame.\u00a0<\/span><\/p>\n<p><span style=\"font-weight: 400;\">3.2.- Enregistrement d\u2019utilisateurs<\/span><\/p>\n<p><span style=\"font-weight: 400;\">Avec caract\u00e8re g\u00e9n\u00e9ral, l\u2019acc\u00e8s et l\u2019utilisation du site web ne demandent ni souscription ni enregistrement des utilisateurs du m\u00eame.\u00a0<\/span><\/p>\n<h2><b>4.- CONTENUS DU SITE WEB<\/b><\/h2>\n<p><span style=\"font-weight: 400;\">La langue employ\u00e9 par le titulaire sur le site web sera l\u2019espagnol (castellano). Vigilant ne prend aucune responsabilit\u00e9 pour la non-compr\u00e9hension de la langue du site web de la part de l\u2019utilisateur, ni pour les cons\u00e9quences de la m\u00eame <\/span><span style=\"font-weight: 400;\">\u00a0<\/span><\/p>\n<p><span style=\"font-weight: 400;\">Vigilant pourra modifier les contenus sans pr\u00e9avis, ainsi que supprimer et changer les m\u00eames sur le site web. C\u2019est aussi applicable aux m\u00e9thodes d\u2019acc\u00e8s aux contenus du site web, sans aucune justification et librement, ne prenant pas la responsabilit\u00e9 pour les cons\u00e9quences que les m\u00eames puissent causer \u00e0 les utilisateurs.<\/span><span style=\"font-weight: 400;\">\u00a0\u00a0<\/span><\/p>\n<p><span style=\"font-weight: 400;\">Il est interdit d\u2019utiliser les contenus du site web pour la promotion, le contrat ou la\u00a0 divulgation de publicit\u00e9 ou des informations propres ou de tierces parties sans l&rsquo;autorisation de Vigilant, ni\u00a0 de\u00a0 renvoyer de la publicit\u00e9 ou des informations s\u2019en servent des services ou des informations mises \u00e0 disposition des utilisateurs, ind\u00e9pendamment du fait que l\u2019utilisation soit gratuite ou non.\u00a0<\/span><\/p>\n<p><span style=\"font-weight: 400;\">Les liens ou hyperliens incorpor\u00e9s par des tierces parties sur leurs pages web, dirig\u00e9s sur ce site ici,\u00a0 devront \u00eatre pour l\u2019ouverture du site web complet, ne pouvant pas manifester, de fa\u00e7on directe ou indirecte, des indications fausses, inexactes ou confuses, ni encourir aucun action d\u00e9loyale ou ill\u00e9gitime contre Vigilant.<\/span><span style=\"font-weight: 400;\">\u00a0<\/span><\/p>\n<h2><b>5.- LIMITATION DE RESPONSABILIT\u00c9\u00a0<\/b><\/h2>\n<p><span style=\"font-weight: 400;\">L\u2019acc\u00e8s au\u00a0 site web, ainsi que l\u2019utilisation non permise qui puisse \u00eatre donn\u00e9e aux informations contenues dans le m\u00eame, tombent sous l\u2019exclusive responsabilit\u00e9 de ceux qui le r\u00e9alisent. Vigilant ne prend responsabilit\u00e9 d\u2019aucune cons\u00e9quence, dommage ou pr\u00e9judice qui puissent d\u00e9river de tel acc\u00e8s ou utilisation. Vigilant ne prend aucune responsabilit\u00e9 pour des erreurs de s\u00e9curit\u00e9 qui se puissent produire ni des dommages qui puissent \u00eatre\u00a0 caus\u00e9s au syst\u00e8me informatique de l\u2019utilisateur (hardware et software), ou aux fichiers ou documents conserv\u00e9s dans le m\u00eame, comme suite \u00e0:\u00a0<\/span><\/p>\n<p><span style=\"font-weight: 400;\">\u2013 la pr\u00e9sence d\u2019un virus dans l\u2019ordinateur de l\u2019utilisateur, qui soit utilis\u00e9 pour la connexion aux services et aux contenus du site web\u00a0<\/span><\/p>\n<p><span style=\"font-weight: 400;\">\u2013 un mauvais fonctionnement du navigateur\u00a0<\/span><\/p>\n<p><span style=\"font-weight: 400;\">\u2013 et\/ou l\u2019utilisation des versions obsol\u00e8tes du m\u00eame<\/span><\/p>\n<p><span style=\"font-weight: 400;\">Vigilant ne se fait pas responsable de la fiabilit\u00e9 et la vitesse des hyperliens incorpor\u00e9s sur le site web pour l\u2019ouverture d\u2019autres pages. Vigilant ne garantit pas ces liens, et ne prend pas responsabilit\u00e9 pour contenus ou\u00a0 services auxquels l\u2019utilisateur peut acc\u00e9der \u00e0 travers ces liens, ni pour le bon fonctionnement de ces pages<\/span><span style=\"font-weight: 400;\">.\u00a0<\/span><\/p>\n<p><span style=\"font-weight: 400;\">Vigilant ne se fait responsable pour des virus ou d\u2019autres programmes informatiques qui d\u00e9t\u00e9riorent ou peuvent d\u00e9t\u00e9riorer les syst\u00e8mes ou \u00e9quipements informatiques des utilisateurs en acc\u00e9dant au site web ou \u00e0 d\u2019autres pages web auxquelles l\u2019utilisateur a acc\u00e9d\u00e9 \u00e0 travers des liens sur ce site web.\u00a0<\/span><\/p>\n<h2><b>6.-EMPLOI DE LA TECHNOLOGIE \u201cCOOKIE\u201d<\/b><\/h2>\n<p><span style=\"font-weight: 400;\">Le site web n\u2019emploie pas des cookies ni n\u2019importe quelle autre type de proc\u00e8s invisible de collecte d\u2019information quand l\u2019utilisateur navigue sur le m\u00eame, respectant ainsi \u00e0 tout moment la confidentialit\u00e9 et l\u2019intimit\u00e9 du m\u00eame.\u00a0<\/span><\/p>\n<p><span style=\"font-weight: 400;\">*DANS LE CAS O\u00d9 DES COOKIES SOIENT EMPLOY\u00c9S, CONSULTEZ LE COMMUNIQU\u00c9 AU SUJET DE L\u2019UTILISATION DE COOKIES Le site web emploie des cookies. Vous pouvez consulter notre Politique de Cookies, laquelle respecte \u00e0 tout moment la confidentialit\u00e9 et l&rsquo;intimit\u00e9 du m\u00eame *<\/span><\/p>\n<h2><b>7.- PROPRI\u00c9T\u00c9 INTELLECTUELLE ET INDUSTRIELLE\u00a0<\/b><\/h2>\n<p><span style=\"font-weight: 400;\">Les suivants sont la propri\u00e9t\u00e9 de Vigilant: tous les droits de propri\u00e9t\u00e9 industrielle et intellectuelle de le site web, ainsi que les contenus dans le m\u00eame. Toute utilisation du site web ou de ses contenus devra avoir un caract\u00e8re exclusivement particulier. Il est exclusivement r\u00e9serv\u00e9 \u00e0 \u2026\u2026\u2026.: toute autre utilisation qui implique la copie, reproduction, distribution, transformation, communication publique ou n\u2019importe quel action de ce type, de tous ou d\u2019une partie des contenus du site web, pourtant aucun autre utilisateur pourra mener \u00e0 bien telles actions sans l\u2019autorisation pr\u00e9alable et par \u00e9crit de Vigilant.<\/span><\/p>\n<h2><b>\u00a08.- POLITIQUE DE CONFIDENTIALIT\u00c9 ET DE PROTECTION DE DONN\u00c9ES POL\u00cdTICA DE PRIVACIDAD Y PROTECCI\u00d3N DE DATOS<\/b><\/h2>\n<p><span style=\"font-weight: 400;\">Vigilant garantit la protection et confidentialit\u00e9 des donn\u00e9es personnelles, de tout type, fournis par les entreprises clientes, conform\u00e9ment \u00e0 la Ley Org\u00e1nica 15\/1999, du 13 d\u00e9cembre de Protection de Donn\u00e9es \u00e0 Caract\u00e8re Personnel<\/span><\/p>\n<p><span style=\"font-weight: 400;\">Toutes les donn\u00e9es fournis pour les entreprises clientes \u00e0 Vigilant ou se staff, viendront incluses dans un fichier automatis\u00e9 de donn\u00e9es \u00e0 caract\u00e8re personnel, cr\u00e9\u00e9 et maintenu sous la responsabilit\u00e9 de Vigilant, indispensables pour livrer les services demand\u00e9s par les utilisateurs.<\/span><\/p>\n<p><span style=\"font-weight: 400;\">Les donn\u00e9es fournies seront trait\u00e9es selons le R\u00e8glement de Mesures de S\u00e9curit\u00e9 (Real Decreto 1720\/2007 du 21 d\u00e9cembre), dans ce contexte Vigilant a adopt\u00e9 les niveaux de protection demand\u00e9es par la loi, et a install\u00e9 toutes les mesures techniques \u00e0 sa port\u00e9e pour \u00e9viter la perte, mauvaise utilisation, alt\u00e9ration, acc\u00e8s non autoris\u00e9 de la part de tierces parties. Toutefois, l\u2019utilisateur doit \u00eatre conscient que les mesures de s\u00e9curit\u00e9 sur Internet ne sont pas imprenables. Dans le cas o\u00f9 il convient que ses donn\u00e9es soient transmises \u00e0 d\u2019autres entit\u00e9s, l\u2019utilisateur sera d\u00fbment notifi\u00e9 sur les donn\u00e9es c\u00e9d\u00e9es, sur le but du fichier, et sur le nom et l&rsquo;adresse du cessionnaire, afin qu\u2019il donne son clair consentement \u00e0 ce sujet.\u00a0\u00a0<\/span><\/p>\n<p><span style=\"font-weight: 400;\">De conformit\u00e9 avec ce qui est \u00e9tabli dans la RGPD, l\u2019utilisateur pourra exercer ses droits d&rsquo;acc\u00e8s, rectification, cancellation et opposition. Pour \u00e7a, vous devez nous contacter via <\/span><a href=\"mailto:info@vigilant.es\"><span style=\"font-weight: 400;\">info@vigilant.es<\/span><\/a><span style=\"font-weight: 400;\">\u00a0<\/span><\/p>\n<h2><b>9.-L\u00c9GISLATION APPLICABLE ET JURIDICTION COMP\u00c9TENTE.<\/b><\/h2>\n<p><span style=\"font-weight: 400;\">L\u2019Avis Juridique pr\u00e9sent sera interpr\u00e9t\u00e9 et r\u00e9gira conform\u00e9ment \u00e0 la loi espagnole. Vigilant et les utilisateurs, avec renonce expresse a tout autre privil\u00e8ge qui peut lui correspondre, se soumettent aux tribunaux du domicile de l\u2019utilisateur pour tout controverse qui peut d\u00e9river de l&rsquo;acc\u00e8s ou l\u2019utilisation du site web. Dans le cas o\u00f9 l\u2019utilisateur a son domicile hors d\u2019Espagne, Vigilant et l&rsquo;utilisateur se soumettent, avec renonce expresse a tout autre privil\u00e8ge\u00a0 qui peut lui correspondre, aux tribunaux du domicile de Vigilant<\/span><span style=\"font-weight: 400;\">.\u00a0<\/span><\/p>\n","protected":false},"excerpt":{"rendered":"<p>Le pr\u00e9sent Avis Juridique r\u00e9gule les conditions g\u00e9n\u00e9rales d\u2019acc\u00e8s et d\u2019utilisation du site web, accessible dans  [&#8230;]<\/p>\n","protected":false},"author":21,"featured_media":0,"parent":0,"menu_order":100,"comment_status":"closed","ping_status":"closed","template":"","meta":{"content-type":"","footnotes":""},"casos_de_exito":[],"class_list":["post-6462","page","type-page","status-publish","hentry"],"yoast_head":"<!-- This site is optimized with the Yoast SEO plugin v27.4 - https:\/\/yoast.com\/product\/yoast-seo-wordpress\/ -->\n<title>Mentions l\u00e9gales Mentions l\u00e9gales Notas legales - Vigilant | Control Horario<\/title>\n<meta name=\"robots\" content=\"noindex, nofollow\" \/>\n<meta property=\"og:locale\" content=\"fr_FR\" \/>\n<meta property=\"og:type\" content=\"article\" \/>\n<meta property=\"og:title\" content=\"Mentions l\u00e9gales Mentions l\u00e9gales Notas legales - Vigilant | Control Horario\" \/>\n<meta property=\"og:description\" content=\"Le pr\u00e9sent Avis Juridique r\u00e9gule les conditions g\u00e9n\u00e9rales d\u2019acc\u00e8s et d\u2019utilisation du site web, accessible dans [...]\" \/>\n<meta property=\"og:url\" content=\"https:\/\/vigilant.es\/fr\/mentions-legales-mentions-legales-notas-legales\/\" \/>\n<meta property=\"og:site_name\" content=\"Vigilant | Control Horario\" \/>\n<meta name=\"twitter:card\" content=\"summary_large_image\" \/>\n<meta name=\"twitter:label1\" content=\"Dur\u00e9e de lecture estim\u00e9e\" \/>\n\t<meta name=\"twitter:data1\" content=\"7 minutes\" \/>\n<script type=\"application\/ld+json\" class=\"yoast-schema-graph\">{\"@context\":\"https:\\\/\\\/schema.org\",\"@graph\":[{\"@type\":\"WebPage\",\"@id\":\"https:\\\/\\\/vigilant.es\\\/fr\\\/mentions-legales-mentions-legales-notas-legales\\\/\",\"url\":\"https:\\\/\\\/vigilant.es\\\/fr\\\/mentions-legales-mentions-legales-notas-legales\\\/\",\"name\":\"Mentions l\u00e9gales Mentions l\u00e9gales Notas legales - Vigilant | Control Horario\",\"isPartOf\":{\"@id\":\"https:\\\/\\\/vigilant.es\\\/fr\\\/#website\"},\"datePublished\":\"2020-11-30T16:27:21+00:00\",\"breadcrumb\":{\"@id\":\"https:\\\/\\\/vigilant.es\\\/fr\\\/mentions-legales-mentions-legales-notas-legales\\\/#breadcrumb\"},\"inLanguage\":\"fr-FR\",\"potentialAction\":[{\"@type\":\"ReadAction\",\"target\":[\"https:\\\/\\\/vigilant.es\\\/fr\\\/mentions-legales-mentions-legales-notas-legales\\\/\"]}]},{\"@type\":\"BreadcrumbList\",\"@id\":\"https:\\\/\\\/vigilant.es\\\/fr\\\/mentions-legales-mentions-legales-notas-legales\\\/#breadcrumb\",\"itemListElement\":[{\"@type\":\"ListItem\",\"position\":1,\"name\":\"Portada\",\"item\":\"https:\\\/\\\/vigilant.es\\\/fr\\\/\"},{\"@type\":\"ListItem\",\"position\":2,\"name\":\"Mentions l\u00e9gales Mentions l\u00e9gales Notas legales\"}]},{\"@type\":\"WebSite\",\"@id\":\"https:\\\/\\\/vigilant.es\\\/fr\\\/#website\",\"url\":\"https:\\\/\\\/vigilant.es\\\/fr\\\/\",\"name\":\"Vigilant | Control Horario\",\"description\":\"Control Horario | Control Horas Empleados\",\"potentialAction\":[{\"@type\":\"SearchAction\",\"target\":{\"@type\":\"EntryPoint\",\"urlTemplate\":\"https:\\\/\\\/vigilant.es\\\/fr\\\/?s={search_term_string}\"},\"query-input\":{\"@type\":\"PropertyValueSpecification\",\"valueRequired\":true,\"valueName\":\"search_term_string\"}}],\"inLanguage\":\"fr-FR\"}]}<\/script>\n<!-- \/ Yoast SEO plugin. -->","yoast_head_json":{"title":"Mentions l\u00e9gales Mentions l\u00e9gales Notas legales - Vigilant | Control Horario","robots":{"index":"noindex","follow":"nofollow"},"og_locale":"fr_FR","og_type":"article","og_title":"Mentions l\u00e9gales Mentions l\u00e9gales Notas legales - Vigilant | Control Horario","og_description":"Le pr\u00e9sent Avis Juridique r\u00e9gule les conditions g\u00e9n\u00e9rales d\u2019acc\u00e8s et d\u2019utilisation du site web, accessible dans [...]","og_url":"https:\/\/vigilant.es\/fr\/mentions-legales-mentions-legales-notas-legales\/","og_site_name":"Vigilant | Control Horario","twitter_card":"summary_large_image","twitter_misc":{"Dur\u00e9e de lecture estim\u00e9e":"7 minutes"},"schema":{"@context":"https:\/\/schema.org","@graph":[{"@type":"WebPage","@id":"https:\/\/vigilant.es\/fr\/mentions-legales-mentions-legales-notas-legales\/","url":"https:\/\/vigilant.es\/fr\/mentions-legales-mentions-legales-notas-legales\/","name":"Mentions l\u00e9gales Mentions l\u00e9gales Notas legales - Vigilant | Control Horario","isPartOf":{"@id":"https:\/\/vigilant.es\/fr\/#website"},"datePublished":"2020-11-30T16:27:21+00:00","breadcrumb":{"@id":"https:\/\/vigilant.es\/fr\/mentions-legales-mentions-legales-notas-legales\/#breadcrumb"},"inLanguage":"fr-FR","potentialAction":[{"@type":"ReadAction","target":["https:\/\/vigilant.es\/fr\/mentions-legales-mentions-legales-notas-legales\/"]}]},{"@type":"BreadcrumbList","@id":"https:\/\/vigilant.es\/fr\/mentions-legales-mentions-legales-notas-legales\/#breadcrumb","itemListElement":[{"@type":"ListItem","position":1,"name":"Portada","item":"https:\/\/vigilant.es\/fr\/"},{"@type":"ListItem","position":2,"name":"Mentions l\u00e9gales Mentions l\u00e9gales Notas legales"}]},{"@type":"WebSite","@id":"https:\/\/vigilant.es\/fr\/#website","url":"https:\/\/vigilant.es\/fr\/","name":"Vigilant | Control Horario","description":"Control Horario | Control Horas Empleados","potentialAction":[{"@type":"SearchAction","target":{"@type":"EntryPoint","urlTemplate":"https:\/\/vigilant.es\/fr\/?s={search_term_string}"},"query-input":{"@type":"PropertyValueSpecification","valueRequired":true,"valueName":"search_term_string"}}],"inLanguage":"fr-FR"}]}},"_links":{"self":[{"href":"https:\/\/vigilant.es\/fr\/wp-json\/wp\/v2\/pages\/6462","targetHints":{"allow":["GET"]}}],"collection":[{"href":"https:\/\/vigilant.es\/fr\/wp-json\/wp\/v2\/pages"}],"about":[{"href":"https:\/\/vigilant.es\/fr\/wp-json\/wp\/v2\/types\/page"}],"author":[{"embeddable":true,"href":"https:\/\/vigilant.es\/fr\/wp-json\/wp\/v2\/users\/21"}],"replies":[{"embeddable":true,"href":"https:\/\/vigilant.es\/fr\/wp-json\/wp\/v2\/comments?post=6462"}],"version-history":[{"count":0,"href":"https:\/\/vigilant.es\/fr\/wp-json\/wp\/v2\/pages\/6462\/revisions"}],"wp:attachment":[{"href":"https:\/\/vigilant.es\/fr\/wp-json\/wp\/v2\/media?parent=6462"}],"wp:term":[{"taxonomy":"casos_de_exito","embeddable":true,"href":"https:\/\/vigilant.es\/fr\/wp-json\/wp\/v2\/casos_de_exito?post=6462"}],"curies":[{"name":"wp","href":"https:\/\/api.w.org\/{rel}","templated":true}]}}