{"id":8581,"date":"2021-03-30T11:06:31","date_gmt":"2021-03-30T11:06:31","guid":{"rendered":"https:\/\/vigilant.es\/politica-de-privacidad\/"},"modified":"2021-03-30T15:49:26","modified_gmt":"2021-03-30T15:49:26","slug":"politica-de-privacidad","status":"publish","type":"page","link":"https:\/\/vigilant.es\/it\/politica-de-privacidad\/","title":{"rendered":"Politica Privacy"},"content":{"rendered":"<p><span style=\"font-weight: 400;\">Nel rispetto di quanto previsto dal GDPR, la facciamo sapere che i suoi dati verranno trattati nei nostri file, allo scopo di mantenere ed adempiere il rapporto con la nostra entit\u00e0, incluso l\u2019invio di comunicazioni entro la struttura di la medesima.\u00a0<\/span><\/p>\n<p><span style=\"font-weight: 400;\">Inoltre, i suoi dati saranno ceduti in tutti i casi in cui sia necessario per lo svolgimento, adempimento e controllo del rapporto con la nostra entit\u00e0, o in ogni caso in cui questo \u00e8 permesso da una regola con il grado di legge. Nel rispetto di quanto previsto dal GDPR, pu\u00f2 esercitare i suoi diritti ARCO viso <\/span><b>Vigilant<\/b><span style=\"font-weight: 400;\">, con indirizzo <\/span><b>C\/ Relleu, 4 Edif. Romeral 2 Escalera 3, Local 3, 03502 \u2013 Benidorm<\/b><span style=\"font-weight: 400;\">, allegando fotocopia del suo DNI<\/span><\/p>\n<p><span style=\"font-weight: 400;\">Il contenuto di questa informativa, cos\u00ec come quello di tutta la documentazione annessa, \u00e8 soggetto al dovere di segretezza ed \u00e8 diretto unicamente al suo destinatario. Nel caso in cui Lei non fosse il destinatario, la chiediamo di farcelo sapere e di o comunicare il suo contenuto a terze parti, procedendo alla distruzione del medesimo.\u00a0<\/span><\/p>\n<p><span style=\"font-weight: 400;\">Il fornitore di servizi della societ\u00e0 dell\u2019informazione dovr\u00e0 prendere in considerazione che, oltre le informazioni fornite ai destinatari dei servizi mediante la sua Politica di Privacy, dovr\u00e0 fornire testi legali addizionali, relativi ad altri regolamenti da adempimento obbligato, ad esempio (senza carattere limitativo), condizioni generale della contrattazione, propriet\u00e0 intellettuale e industriale, condizione di utilizzazione del sito web e responsabilit\u00e0 relazionate, o quello che la propria Legge 34\/2002, 11 Iuglio, di Servizi della Societ\u00e0 dell\u2019Informazione e di Commercio Elettronico possa stabilire in qualsiasi altro precetto fuori del suo proprio articolo 10, o incluso completare l\u2019informazione che, in relazione al medesimo, fosse necessario.\u00a0\u00a0<\/span><\/p>\n","protected":false},"excerpt":{"rendered":"<p>Nel rispetto di quanto previsto dal GDPR, la facciamo sapere che i suoi dati verranno trattati  [&#8230;]<\/p>\n","protected":false},"author":21,"featured_media":0,"parent":0,"menu_order":100,"comment_status":"closed","ping_status":"closed","template":"","meta":{"content-type":"","footnotes":""},"casos_de_exito":[],"class_list":["post-8581","page","type-page","status-publish","hentry"],"yoast_head":"<!-- This site is optimized with the Yoast SEO plugin v27.4 - https:\/\/yoast.com\/product\/yoast-seo-wordpress\/ -->\n<title>Politica Privacy - Vigilant | Control Horario<\/title>\n<meta name=\"robots\" content=\"noindex, nofollow\" \/>\n<meta property=\"og:locale\" content=\"it_IT\" \/>\n<meta property=\"og:type\" content=\"article\" \/>\n<meta property=\"og:title\" content=\"Politica Privacy - Vigilant | Control Horario\" \/>\n<meta property=\"og:description\" content=\"Nel rispetto di quanto previsto dal GDPR, la facciamo sapere che i suoi dati verranno trattati [...]\" \/>\n<meta property=\"og:url\" content=\"https:\/\/vigilant.es\/it\/politica-de-privacidad\/\" \/>\n<meta property=\"og:site_name\" content=\"Vigilant | Control Horario\" \/>\n<meta property=\"article:modified_time\" content=\"2021-03-30T15:49:26+00:00\" \/>\n<meta name=\"twitter:card\" content=\"summary_large_image\" \/>\n<meta name=\"twitter:label1\" content=\"Tempo di lettura stimato\" \/>\n\t<meta name=\"twitter:data1\" content=\"1 minuto\" \/>\n<script type=\"application\/ld+json\" class=\"yoast-schema-graph\">{\"@context\":\"https:\\\/\\\/schema.org\",\"@graph\":[{\"@type\":\"WebPage\",\"@id\":\"https:\\\/\\\/vigilant.es\\\/it\\\/politica-de-privacidad\\\/\",\"url\":\"https:\\\/\\\/vigilant.es\\\/it\\\/politica-de-privacidad\\\/\",\"name\":\"Politica Privacy - Vigilant | Control Horario\",\"isPartOf\":{\"@id\":\"https:\\\/\\\/vigilant.es\\\/it\\\/#website\"},\"datePublished\":\"2021-03-30T11:06:31+00:00\",\"dateModified\":\"2021-03-30T15:49:26+00:00\",\"breadcrumb\":{\"@id\":\"https:\\\/\\\/vigilant.es\\\/it\\\/politica-de-privacidad\\\/#breadcrumb\"},\"inLanguage\":\"it-IT\",\"potentialAction\":[{\"@type\":\"ReadAction\",\"target\":[\"https:\\\/\\\/vigilant.es\\\/it\\\/politica-de-privacidad\\\/\"]}]},{\"@type\":\"BreadcrumbList\",\"@id\":\"https:\\\/\\\/vigilant.es\\\/it\\\/politica-de-privacidad\\\/#breadcrumb\",\"itemListElement\":[{\"@type\":\"ListItem\",\"position\":1,\"name\":\"Portada\",\"item\":\"https:\\\/\\\/vigilant.es\\\/it\\\/\"},{\"@type\":\"ListItem\",\"position\":2,\"name\":\"Politica Privacy\"}]},{\"@type\":\"WebSite\",\"@id\":\"https:\\\/\\\/vigilant.es\\\/it\\\/#website\",\"url\":\"https:\\\/\\\/vigilant.es\\\/it\\\/\",\"name\":\"Vigilant | Control Horario\",\"description\":\"Control Horario | Control Horas Empleados\",\"potentialAction\":[{\"@type\":\"SearchAction\",\"target\":{\"@type\":\"EntryPoint\",\"urlTemplate\":\"https:\\\/\\\/vigilant.es\\\/it\\\/?s={search_term_string}\"},\"query-input\":{\"@type\":\"PropertyValueSpecification\",\"valueRequired\":true,\"valueName\":\"search_term_string\"}}],\"inLanguage\":\"it-IT\"}]}<\/script>\n<!-- \/ Yoast SEO plugin. -->","yoast_head_json":{"title":"Politica Privacy - Vigilant | Control Horario","robots":{"index":"noindex","follow":"nofollow"},"og_locale":"it_IT","og_type":"article","og_title":"Politica Privacy - Vigilant | Control Horario","og_description":"Nel rispetto di quanto previsto dal GDPR, la facciamo sapere che i suoi dati verranno trattati [...]","og_url":"https:\/\/vigilant.es\/it\/politica-de-privacidad\/","og_site_name":"Vigilant | Control Horario","article_modified_time":"2021-03-30T15:49:26+00:00","twitter_card":"summary_large_image","twitter_misc":{"Tempo di lettura stimato":"1 minuto"},"schema":{"@context":"https:\/\/schema.org","@graph":[{"@type":"WebPage","@id":"https:\/\/vigilant.es\/it\/politica-de-privacidad\/","url":"https:\/\/vigilant.es\/it\/politica-de-privacidad\/","name":"Politica Privacy - Vigilant | Control Horario","isPartOf":{"@id":"https:\/\/vigilant.es\/it\/#website"},"datePublished":"2021-03-30T11:06:31+00:00","dateModified":"2021-03-30T15:49:26+00:00","breadcrumb":{"@id":"https:\/\/vigilant.es\/it\/politica-de-privacidad\/#breadcrumb"},"inLanguage":"it-IT","potentialAction":[{"@type":"ReadAction","target":["https:\/\/vigilant.es\/it\/politica-de-privacidad\/"]}]},{"@type":"BreadcrumbList","@id":"https:\/\/vigilant.es\/it\/politica-de-privacidad\/#breadcrumb","itemListElement":[{"@type":"ListItem","position":1,"name":"Portada","item":"https:\/\/vigilant.es\/it\/"},{"@type":"ListItem","position":2,"name":"Politica Privacy"}]},{"@type":"WebSite","@id":"https:\/\/vigilant.es\/it\/#website","url":"https:\/\/vigilant.es\/it\/","name":"Vigilant | Control Horario","description":"Control Horario | Control Horas Empleados","potentialAction":[{"@type":"SearchAction","target":{"@type":"EntryPoint","urlTemplate":"https:\/\/vigilant.es\/it\/?s={search_term_string}"},"query-input":{"@type":"PropertyValueSpecification","valueRequired":true,"valueName":"search_term_string"}}],"inLanguage":"it-IT"}]}},"_links":{"self":[{"href":"https:\/\/vigilant.es\/it\/wp-json\/wp\/v2\/pages\/8581","targetHints":{"allow":["GET"]}}],"collection":[{"href":"https:\/\/vigilant.es\/it\/wp-json\/wp\/v2\/pages"}],"about":[{"href":"https:\/\/vigilant.es\/it\/wp-json\/wp\/v2\/types\/page"}],"author":[{"embeddable":true,"href":"https:\/\/vigilant.es\/it\/wp-json\/wp\/v2\/users\/21"}],"replies":[{"embeddable":true,"href":"https:\/\/vigilant.es\/it\/wp-json\/wp\/v2\/comments?post=8581"}],"version-history":[{"count":1,"href":"https:\/\/vigilant.es\/it\/wp-json\/wp\/v2\/pages\/8581\/revisions"}],"predecessor-version":[{"id":8747,"href":"https:\/\/vigilant.es\/it\/wp-json\/wp\/v2\/pages\/8581\/revisions\/8747"}],"wp:attachment":[{"href":"https:\/\/vigilant.es\/it\/wp-json\/wp\/v2\/media?parent=8581"}],"wp:term":[{"taxonomy":"casos_de_exito","embeddable":true,"href":"https:\/\/vigilant.es\/it\/wp-json\/wp\/v2\/casos_de_exito?post=8581"}],"curies":[{"name":"wp","href":"https:\/\/api.w.org\/{rel}","templated":true}]}}