{"id":8582,"date":"2021-03-30T11:07:13","date_gmt":"2021-03-30T11:07:13","guid":{"rendered":"https:\/\/vigilant.es\/politica-sui-cookie\/"},"modified":"2021-03-31T09:28:30","modified_gmt":"2021-03-31T09:28:30","slug":"politica-sui-cookie","status":"publish","type":"page","link":"https:\/\/vigilant.es\/it\/politica-sui-cookie\/","title":{"rendered":"Politica Cookies"},"content":{"rendered":"<p><span style=\"font-weight: 400;\">Sul sito web <\/span><a href=\"https:\/\/vigilant.es\/\"><span style=\"font-weight: 400;\">https:\/\/vigilant.es<\/span><\/a><span style=\"font-weight: 400;\"> utilizziamo i cookie per facilitare il rapporto dei visitatori col nostro contenuto e per potere elaborare statistiche sui visitatori che riceviamo.\u00a0<\/span><\/p>\n<p><span style=\"font-weight: 400;\">Nel rispetto di quanto previsto dalla Direttiva 2009\/136\/CE, sviluppata nel nostro ordinamento dalla sezione seconda dell\u2019articolo 22 della Legge di Servizi di Societ\u00e0 dell\u2019Informazione, seguendo le direttive dell\u2019Agenzia Spagnola per la Protezione dei Dati, procediamo ad informarvi dettagliatamente sull\u2019uso che se ne fa sul nostro web.<\/span><\/p>\n<p><span style=\"font-weight: 400;\">Sono chiamati cookie i piccoli file che si registranno nel browser utilizzato da ogni visitatore del nostro web, affinch\u00e9 il server possa registrare la visita di detto utente con posteriorit\u00e0 quando il medesimo acceda di nuovo ai nostri contenuti. Questa informazione non rivela la sua identit\u00e0, o alcun dato personale, n\u00e9 accede al contenuto immagazzinato nel suo PC, ma consente al nostro sistema di identificare Lei come un utente particolare, che ha gi\u00e0 visitato certe pagine, etc.\u00a0 Inoltre, ci consente di tenere le sue preferenze personali e informazioni tecniche, ad esempio le visite realizzate o le pagine visitate.<\/span><\/p>\n<p><span style=\"font-weight: 400;\">Il scopo dei cookie \u00e8 di facilitare all&#8217;utente un accesso pi\u00f9 rapido ai Servizi scelti.<\/span><\/p>\n<p><span style=\"font-weight: 400;\">Se non desidera che i suoi cookie venganno immagazzinati nel browser, o preferisce ricevere una notificazione ogni volta che un cookie cerchi di installarsi, Lei pu\u00f2 configurare le sue opzioni di navigazione in modo che sia cos\u00ec. La maggior parte dei broswer permettono la gestione dei cookie in 3 modi diversi:<\/span><\/p>\n<ul>\n<li><span style=\"font-weight: 400;\">I cookie vengono sempre rifiutati:\u00a0<\/span><\/li>\n<li style=\"font-weight: 400;\" aria-level=\"1\"><span style=\"font-weight: 400;\">Il browser domanda se l\u2019utente desidera installare ogni cookie;<\/span><\/li>\n<li style=\"font-weight: 400;\" aria-level=\"1\"><span style=\"font-weight: 400;\">I cookie vengono sempre accettate\u00a0<\/span><\/li>\n<\/ul>\n<p><span style=\"font-weight: 400;\">Il browser pu\u00f2 anche includere la possibilit\u00e0 di selezionare in dettaglio i cookie che voglia installare sul suo PC. Concretamente, l\u2019utente pu\u00f2 di normale accettare alcuna delle seguenti opzioni:<\/span><\/p>\n<ul>\n<li style=\"font-weight: 400;\" aria-level=\"1\"><span style=\"font-weight: 400;\">Rifiutare i cookie di determinati domini;<\/span><\/li>\n<li style=\"font-weight: 400;\" aria-level=\"1\"><span style=\"font-weight: 400;\">Rifiutare i cookie di terze parte;<\/span><\/li>\n<li style=\"font-weight: 400;\" aria-level=\"1\"><span style=\"font-weight: 400;\">Accettare i cookie come non persistenti (vengono eliminati quando il browser sia stato chiuso)<\/span><\/li>\n<li style=\"font-weight: 400;\" aria-level=\"1\"><span style=\"font-weight: 400;\">Permettere al server di creare i cookie per un altro dominio.<\/span><\/li>\n<\/ul>\n<p><b>Para permitir, conocer, bloquear o eliminar las cookies instaladas en su equipo puede hacerlo mediante la configuraci\u00f3n de las opciones del navegador instalado en su ordenador.<\/b><\/p>\n<p><span style=\"font-weight: 400;\">Puede encontrar informaci\u00f3n sobre c\u00f3mo configurar los navegadores m\u00e1s usados en las siguientes ubicaciones:<\/span><\/p>\n<ul>\n<li style=\"font-weight: 400;\" aria-level=\"1\"><b>Internet Explorer<\/b><span style=\"font-weight: 400;\">: Strumenti-&gt; Impostazioni Internet -&gt; Privacy -&gt; Impostazioni. Per maggiori informazioni, pu\u00f2 consultare il <\/span><a href=\"http:\/\/windows.microsoft.com\/es-ES\/windows\/support\"><span style=\"font-weight: 400;\">supporto di Microsoft<\/span><\/a><span style=\"font-weight: 400;\"> o la Guida del browser<\/span><\/li>\n<li style=\"font-weight: 400;\" aria-level=\"1\"><b>Firefox<\/b><span style=\"font-weight: 400;\">: Strumenti-&gt; Impostazioni-&gt; Privacy-&gt; Cronologia -&gt; Impostazioni Personali. Per maggiori informazioni, pu\u00f2 consultare il <\/span><a href=\"http:\/\/windows.microsoft.com\/es-ES\/windows\/support\"><span style=\"font-weight: 400;\">supporto di <\/span><\/a><a href=\"http:\/\/support.mozilla.org\/es\/home\"><span style=\"font-weight: 400;\">Mozilla<\/span><\/a> <span style=\"font-weight: 400;\">o la Guida del browser<\/span><\/li>\n<li style=\"font-weight: 400;\" aria-level=\"1\"><b>Chrome<\/b><span style=\"font-weight: 400;\">: Impostazioni -&gt; Avanzate -&gt; Privacy e Sicurezza. Per maggiori informazioni, pu\u00f2 consultare il <\/span><a href=\"http:\/\/windows.microsoft.com\/es-ES\/windows\/support\"><span style=\"font-weight: 400;\">supporto di <\/span><\/a><a href=\"http:\/\/support.google.com\/chrome\/?hl=es\"><span style=\"font-weight: 400;\">Google<\/span><\/a><span style=\"font-weight: 400;\"> o la Guida del browser.<\/span><\/li>\n<li style=\"font-weight: 400;\" aria-level=\"1\"><b>Safari<\/b><span style=\"font-weight: 400;\">: Preferenze -&gt; Privacy e Sicurezza. Per maggiori informazioni, pu\u00f2 consultare il <\/span><a href=\"http:\/\/windows.microsoft.com\/es-ES\/windows\/support\"><span style=\"font-weight: 400;\">supporto di <\/span><\/a><a href=\"http:\/\/support.google.com\/chrome\/?hl=es\"><span style=\"font-weight: 400;\">Apple<\/span><\/a><\/li>\n<\/ul>\n<p><span style=\"font-weight: 400;\">Per quanto riguarda i cookie di terze parti, vale a dire quelle aliene al nostro sito web, non possiamo assumere la responsabilit\u00e0 del contenuto e veracit\u00e0 delle loro politiche di privacy, quindi l\u2019informazione che le forniamo \u00e8 sempre in riferimento all\u2019origine.\u00a0<\/span><\/p>\n<p><span style=\"font-weight: 400;\">Di seguito le forniamo dettagliatamente i cookie che possono essere installati dal nostro sito web. In base al suo browser, tutti loro potrebbere essere installate o soltanto alcune.\u00a0\u00a0\u00a0<\/span><\/p>\n<p><span style=\"font-weight: 400;\">\u00a0<\/span><\/p>\n<table>\n<tbody>\n<tr>\n<td><span style=\"font-weight: 400;\">Nome<\/span><\/td>\n<td><span style=\"font-weight: 400;\">Categoria<\/span><\/td>\n<td><span style=\"font-weight: 400;\">Descrizione<\/span><\/td>\n<td><span style=\"font-weight: 400;\">Propriet\u00e0<\/span><\/td>\n<td><span style=\"font-weight: 400;\">Durazione<\/span><\/td>\n<\/tr>\n<tr>\n<td><span style=\"font-weight: 400;\">wordpress_<\/span><\/td>\n<td><span style=\"font-weight: 400;\">Funzionalit\u00e0<\/span><\/td>\n<td><span style=\"font-weight: 400;\">Si attiva durante il login e salva i dettagli di autenticazione<\/span><\/td>\n<td><span style=\"font-weight: 400;\">Propria<\/span><\/td>\n<td><span style=\"font-weight: 400;\">1 anno<\/span><\/td>\n<\/tr>\n<tr>\n<td><span style=\"font-weight: 400;\">wordpress_logged_in_<\/span><\/td>\n<td><span style=\"font-weight: 400;\">Funzionalit\u00e0<\/span><\/td>\n<td><span style=\"font-weight: 400;\">Si attiva durante il login e salva i dettagli di autenticazione<\/span><\/td>\n<td><span style=\"font-weight: 400;\">Propria<\/span><\/td>\n<td><span style=\"font-weight: 400;\">1 anno<\/span><\/td>\n<\/tr>\n<tr>\n<td><span style=\"font-weight: 400;\">wp-settings-<\/span><\/td>\n<td><span style=\"font-weight: 400;\">Funzionalit\u00e0<\/span><\/td>\n<td><span style=\"font-weight: 400;\">Per personalizzare l\u2019Interfaccia Utente<\/span><\/td>\n<td><span style=\"font-weight: 400;\">Propria<\/span><\/td>\n<td><span style=\"font-weight: 400;\">1 anno<\/span><\/td>\n<\/tr>\n<tr>\n<td><span style=\"font-weight: 400;\">_utma<\/span><\/td>\n<td><span style=\"font-weight: 400;\">Analisi<\/span><\/td>\n<td><span style=\"font-weight: 400;\">Per distinguere utenti e Sessioni.<\/span><\/td>\n<td><span style=\"font-weight: 400;\">Terze Parti<\/span><\/td>\n<td><span style=\"font-weight: 400;\">2 anni<\/span><\/td>\n<\/tr>\n<tr>\n<td><span style=\"font-weight: 400;\">_utmc<\/span><\/td>\n<td><span style=\"font-weight: 400;\">Analisi<\/span><\/td>\n<td><span style=\"font-weight: 400;\">Non si usa in ga.js. Si configura per interagire con urchin.js<\/span><\/td>\n<td><span style=\"font-weight: 400;\">Terze Parti<\/span><\/td>\n<td><span style=\"font-weight: 400;\">Sessione<\/span><\/td>\n<\/tr>\n<tr>\n<td><span style=\"font-weight: 400;\">_utmz<\/span><\/td>\n<td><span style=\"font-weight: 400;\">Analisi<\/span><\/td>\n<td><span style=\"font-weight: 400;\">Immagazzina l\u2019origine di traffico o la campaign e spiega come \u00e8 arrivato l\u2019utente sul sito<\/span><\/td>\n<td><span style=\"font-weight: 400;\">Terze Parti<\/span><\/td>\n<td><span style=\"font-weight: 400;\">6 mesi<\/span><\/td>\n<\/tr>\n<tr>\n<td><span style=\"font-weight: 400;\">catAccCookies<\/span><\/td>\n<td><span style=\"font-weight: 400;\">Funzionalit\u00e0<\/span><\/td>\n<td><span style=\"font-weight: 400;\">Contiene un codice per verificare che la politica di cookie \u00e8 stata accettata<\/span><\/td>\n<td><span style=\"font-weight: 400;\">Propria<\/span><\/td>\n<td><span style=\"font-weight: 400;\">1 giorno<\/span><\/td>\n<\/tr>\n<tr>\n<td><span style=\"font-weight: 400;\">autoptimize_feed<\/span><\/td>\n<td><span style=\"font-weight: 400;\">Funzionalit\u00e0<\/span><\/td>\n<td><span style=\"font-weight: 400;\">Cookie usada por la galer\u00eda de fotos cuando se muestran im\u00e1genes de mayor tamanno en una \u201cventana pop-up \u2018.<\/span><\/td>\n<td><span style=\"font-weight: 400;\">Terze Parti<\/span><\/td>\n<td><span style=\"font-weight: 400;\">1 anno<\/span><\/td>\n<\/tr>\n<tr>\n<td><span style=\"font-weight: 400;\">fusion_metabox_tab_513<\/span><\/td>\n<td><span style=\"font-weight: 400;\">Funzionalit\u00e0<\/span><\/td>\n<td><span style=\"font-weight: 400;\">Non conosciamo l\u2019origine di questo cookie<\/span><\/td>\n<td><span style=\"font-weight: 400;\">Terze Parti<\/span><\/td>\n<td><span style=\"font-weight: 400;\">Origine sconosciuto<\/span><\/td>\n<\/tr>\n<tr>\n<td><span style=\"font-weight: 400;\">fusion_metabox_tab_989<\/span><\/td>\n<td><span style=\"font-weight: 400;\">Funzionalit\u00e0<\/span><\/td>\n<td><span style=\"font-weight: 400;\">Non conosciamo l\u2019origine di questo cookie<\/span><\/td>\n<td><span style=\"font-weight: 400;\">Terze Parti<\/span><\/td>\n<td><span style=\"font-weight: 400;\">Origine sconosciuto<\/span><\/td>\n<\/tr>\n<tr>\n<td><span style=\"font-weight: 400;\">cc_cookie_accept<\/span><\/td>\n<td><span style=\"font-weight: 400;\">Funzionalit\u00e0<\/span><\/td>\n<td><span style=\"font-weight: 400;\">Cookie permanente che ricorda se l\u2019utente accetta o non accetta l\u2019uso dei cookie su questo sito<\/span><\/td>\n<td><span style=\"font-weight: 400;\">Terze Parti<\/span><\/td>\n<td><span style=\"font-weight: 400;\">Permanente<\/span><\/td>\n<\/tr>\n<tr>\n<td><span style=\"font-weight: 400;\">__utmz<\/span><\/td>\n<td><span style=\"font-weight: 400;\">Funzionalit\u00e0<\/span><\/td>\n<td><span style=\"font-weight: 400;\">Dati di navigazione anonimi che permettono di sapere cosa viene consultata e come si naviga sul web<\/span><\/td>\n<td><span style=\"font-weight: 400;\">Terze Parti<\/span><\/td>\n<td><span style=\"font-weight: 400;\">Sessione<\/span><\/td>\n<\/tr>\n<tr>\n<td><span style=\"font-weight: 400;\">_ga<\/span><\/td>\n<td><span style=\"font-weight: 400;\">Analisi<\/span><\/td>\n<td><span style=\"font-weight: 400;\">Distingue utenti<\/span><\/td>\n<td><span style=\"font-weight: 400;\">Terze Parti<\/span><\/td>\n<td><span style=\"font-weight: 400;\">2 anni<\/span><\/td>\n<\/tr>\n<tr>\n<td><span style=\"font-weight: 400;\">ci_session<\/span><\/td>\n<td><span style=\"font-weight: 400;\">Funzionalit\u00e0<\/span><\/td>\n<td><span style=\"font-weight: 400;\">Cookie associato a Coedigniter per costruire applicazione basate sul PHP. Utilizzata dalle applicazioni proprie Vigilant<\/span><\/td>\n<td><span style=\"font-weight: 400;\">Propria<\/span><\/td>\n<td><span style=\"font-weight: 400;\">Sessione<\/span><\/td>\n<\/tr>\n<tr>\n<td><span style=\"font-weight: 400;\">_gid<\/span><\/td>\n<td><span style=\"font-weight: 400;\">Analisi<\/span><\/td>\n<td><span style=\"font-weight: 400;\">Distingue utenti<\/span><\/td>\n<td><span style=\"font-weight: 400;\">Terze Parti<\/span><\/td>\n<td><span style=\"font-weight: 400;\">2 anni<\/span><\/td>\n<\/tr>\n<tr>\n<td><span style=\"font-weight: 400;\">__hssrc<\/span><\/td>\n<td><span style=\"font-weight: 400;\">Funzionalit\u00e0<\/span><\/td>\n<td><span style=\"font-weight: 400;\">Ogni volta che HubSpot cambia il cookie della Sessione, questo cookie si stabilisce anche. Utilizzata per determinare se l\u2019utente ha reiniziato il browser. Se questa cookie non esiste quando si administrano i cookie, assumiamo che si tratta d\u2019una nuova sessione.\u00a0<\/span><\/td>\n<td><span style=\"font-weight: 400;\">Terze Parti<\/span><\/td>\n<td><span style=\"font-weight: 400;\">Sessione<\/span><\/td>\n<\/tr>\n<tr>\n<td><span style=\"font-weight: 400;\">hubspotutk<\/span><\/td>\n<td><span style=\"font-weight: 400;\">Funzionalit\u00e0<\/span><\/td>\n<td><span style=\"font-weight: 400;\">Fa un tracciamento del visitatore. Si trasferiscono informazioni a Hubspot quando si compila il modulo per evitare contatti duplicati.\u00a0<\/span><\/td>\n<td><span style=\"font-weight: 400;\">Terze Parti<\/span><\/td>\n<td><span style=\"font-weight: 400;\">10 anni<\/span><\/td>\n<\/tr>\n<tr>\n<td><span style=\"font-weight: 400;\">fusionredux_current_tab<\/span><\/td>\n<td><span style=\"font-weight: 400;\">Funzionalit\u00e0<\/span><\/td>\n<td><span style=\"font-weight: 400;\">Cookie per migliorare l\u2019usabilit\u00e0 del sito web<\/span><\/td>\n<td><span style=\"font-weight: 400;\">Terze Parti<\/span><\/td>\n<td><span style=\"font-weight: 400;\">3 giorni<\/span><\/td>\n<\/tr>\n<tr>\n<td><span style=\"font-weight: 400;\">__hstc<\/span><\/td>\n<td><span style=\"font-weight: 400;\">Funzionalit\u00e0<\/span><\/td>\n<td><span style=\"font-weight: 400;\">Il cookie principale per il tracciamento dei visitatori. Contiene il domino, utk, timestamp iniziale (prima visita), timestamp finale (ultima visita) e numero di sessione (incrementi per ogni sessione seguente)<\/span><\/td>\n<td><span style=\"font-weight: 400;\">Terze Parti<\/span><\/td>\n<td><span style=\"font-weight: 400;\">2 anni<\/span><\/td>\n<\/tr>\n<tr>\n<td><span style=\"font-weight: 400;\">_drip_client_6994213<\/span><\/td>\n<td><span style=\"font-weight: 400;\">Funzionalit\u00e0<\/span><\/td>\n<td><span style=\"font-weight: 400;\">Cookie tecnico per migliorare l\u2019esperienza dell\u2019utente\u00a0<\/span><\/td>\n<td><span style=\"font-weight: 400;\">Propria<\/span><\/td>\n<td><span style=\"font-weight: 400;\">Persistente<\/span><\/td>\n<\/tr>\n<tr>\n<td><span style=\"font-weight: 400;\">__hssc<\/span><\/td>\n<td><span style=\"font-weight: 400;\">Funzionalit\u00e0<\/span><\/td>\n<td><span style=\"font-weight: 400;\">Questo cookie esegue un tracciamento delle sessioni. Si utilizza per determinare se dobbiamo aumentare il numero di sessioni e i timestamp nel cookie _hstc. Contiene il domino, viewCount (cresce con ogni pageView in una sessione) e il timestamp d\u2019inizio della sessione.E<\/span><\/td>\n<td><span style=\"font-weight: 400;\">Terze Parti<\/span><\/td>\n<td><span style=\"font-weight: 400;\">30 minuti<\/span><\/td>\n<\/tr>\n<tr>\n<td><span style=\"font-weight: 400;\">_uetsid<\/span><\/td>\n<td><span style=\"font-weight: 400;\">Analisi<\/span><\/td>\n<td><span style=\"font-weight: 400;\">Distingue gli utenti<\/span><\/td>\n<td><span style=\"font-weight: 400;\">Terze Parti<\/span><\/td>\n<td><span style=\"font-weight: 400;\">30 minuti<\/span><\/td>\n<\/tr>\n<tr>\n<td><span style=\"font-weight: 400;\">wp-settings-time-<\/span><\/td>\n<td><span style=\"font-weight: 400;\">Funzionalit\u00e0<\/span><\/td>\n<td><span style=\"font-weight: 400;\">Per personalizzare l\u2019Interfaccia Utente<\/span><\/td>\n<td><span style=\"font-weight: 400;\">Propria<\/span><\/td>\n<td><span style=\"font-weight: 400;\">Sessione<\/span><\/td>\n<\/tr>\n<tr>\n<td><span style=\"font-weight: 400;\">pll_language<\/span><\/td>\n<td><span style=\"font-weight: 400;\">Funzionalit\u00e0<\/span><\/td>\n<td><span style=\"font-weight: 400;\">Polylang \u00e8 un\u2019estensione per fare siti web multilinguali da WordPress.<\/span><\/td>\n<td><span style=\"font-weight: 400;\">Propria<\/span><\/td>\n<td><span style=\"font-weight: 400;\">1 anno<\/span><\/td>\n<\/tr>\n<tr>\n<td><span style=\"font-weight: 400;\">fr<\/span><\/td>\n<td><span style=\"font-weight: 400;\">Analisi<\/span><\/td>\n<td><span style=\"font-weight: 400;\">Cookie per la misurazione di campagne Facebook<\/span><\/td>\n<td><span style=\"font-weight: 400;\">Terze Parti<\/span><\/td>\n<td><span style=\"font-weight: 400;\">3 mesi<\/span><\/td>\n<\/tr>\n<tr>\n<td><span style=\"font-weight: 400;\">driftt_aid<\/span><\/td>\n<td><span style=\"font-weight: 400;\">Funzionalit\u00e0<\/span><\/td>\n<td><span style=\"font-weight: 400;\">Cookie usato da Drift, servizio di chat<\/span><\/td>\n<td><span style=\"font-weight: 400;\">Terze Parti<\/span><\/td>\n<td><span style=\"font-weight: 400;\">2 anni<\/span><\/td>\n<\/tr>\n<tr>\n<td><span style=\"font-weight: 400;\">_fbp<\/span><\/td>\n<td><span style=\"font-weight: 400;\">Funzionalit\u00e0<\/span><\/td>\n<td><span style=\"font-weight: 400;\">Cookie di Facebook per fare un tracciamento delle visite sui siti web<\/span><\/td>\n<td><span style=\"font-weight: 400;\">Terze Parti<\/span><\/td>\n<td><span style=\"font-weight: 400;\">3 mesi<\/span><\/td>\n<\/tr>\n<tr>\n<td><span style=\"font-weight: 400;\">driftt_eid<\/span><\/td>\n<td><span style=\"font-weight: 400;\">Funzionalit\u00e0<\/span><\/td>\n<td><span style=\"font-weight: 400;\">Cookie usato da Drift, servizio di chat<\/span><\/td>\n<td><span style=\"font-weight: 400;\">Terze Parti<\/span><\/td>\n<td><span style=\"font-weight: 400;\">Sessione<\/span><\/td>\n<\/tr>\n<tr>\n<td><span style=\"font-weight: 400;\">chat_user_token<\/span><\/td>\n<td><span style=\"font-weight: 400;\">Funzionalit\u00e0<\/span><\/td>\n<td><span style=\"font-weight: 400;\">Cookie di 1MillionBot. Crea un ID unico generato aleatoriamente, che consente di identificare l\u2019utente, e collegarlo con la sua informazione salvata nel database del chatbot in questione<\/span><\/td>\n<td><span style=\"font-weight: 400;\">Terze Parti<\/span><\/td>\n<td><span style=\"font-weight: 400;\">5 anni<\/span><\/td>\n<\/tr>\n<tr>\n<td><span style=\"font-weight: 400;\">et_bloom_unlockedoptin<\/span><\/td>\n<td><span style=\"font-weight: 400;\">Funzionalit\u00e0<\/span><\/td>\n<td><span style=\"font-weight: 400;\">Questi cookie vengono immagazzinati quando un utente fornisce il suo email per vedere contenuto privato, in modo che se l\u2019usuario ritorna sul sito, non deve fornire di nuovo l\u2019informazione per vedere lo stesso contenuto<\/span><\/td>\n<td><span style=\"font-weight: 400;\">Terze Parti<\/span><\/td>\n<td><span style=\"font-weight: 400;\">1 anno<\/span><\/td>\n<\/tr>\n<tr>\n<td><span style=\"font-weight: 400;\">et_bloom_optin_optin_2_mailchimp<\/span><\/td>\n<td><span style=\"font-weight: 400;\">Funzionalit\u00e0<\/span><\/td>\n<td><span style=\"font-weight: 400;\">Cookie di Bloom per raccogliere email per sottoscrizioni dei visitatori e collegarli con il servizio Mailchimp<\/span><\/td>\n<td><span style=\"font-weight: 400;\">Terze Parti<\/span><\/td>\n<td><span style=\"font-weight: 400;\">Sessione<\/span><\/td>\n<\/tr>\n<tr>\n<td><span style=\"font-weight: 400;\">et_bloom_optin_optin_2<\/span><\/td>\n<td><span style=\"font-weight: 400;\">Funzionalit\u00e0<\/span><\/td>\n<td><span style=\"font-weight: 400;\">Cookie di Bloom per raccogliere email per sottoscrizioni dei visitatori<\/span><\/td>\n<td><span style=\"font-weight: 400;\">Terze Parti<\/span><\/td>\n<td><span style=\"font-weight: 400;\">Sessione<\/span><\/td>\n<\/tr>\n<\/tbody>\n<\/table>\n<p><span style=\"font-weight: 400;\">Questa Politica di Cookie pu\u00f2 essere modificata in base ad esigenze legislative, regolamentare, o con l\u2019obiettivo di adattare detta politica alle istruzioni dictate dall\u2019Agenzia Spagnola per la Protezione dei Dati, pertanto si consiglia agli Utenti di le visitarla periodicamente.<\/span><\/p>\n<p><span style=\"font-weight: 400;\">Quando vengano apportati cambi significativi a questa Politica di Cookie, i medesimi verranno comunicati agli Utenti sul sito web, o mediante e-mail agli Utenti registrati<\/span><\/p>\n<p>&nbsp;<\/p>\n","protected":false},"excerpt":{"rendered":"<p>Sul sito web https:\/\/vigilant.es utilizziamo i cookie per facilitare il rapporto dei visitatori col nostro contenuto  [&#8230;]<\/p>\n","protected":false},"author":21,"featured_media":0,"parent":0,"menu_order":100,"comment_status":"closed","ping_status":"closed","template":"","meta":{"content-type":"","footnotes":""},"casos_de_exito":[],"class_list":["post-8582","page","type-page","status-publish","hentry"],"yoast_head":"<!-- This site is optimized with the Yoast SEO plugin v27.3 - https:\/\/yoast.com\/product\/yoast-seo-wordpress\/ -->\n<title>Politica Cookies - Vigilant | Control Horario<\/title>\n<meta name=\"robots\" content=\"noindex, nofollow\" \/>\n<meta property=\"og:locale\" content=\"it_IT\" \/>\n<meta property=\"og:type\" content=\"article\" \/>\n<meta property=\"og:title\" content=\"Politica Cookies - Vigilant | Control Horario\" \/>\n<meta property=\"og:description\" content=\"Sul sito web https:\/\/vigilant.es utilizziamo i cookie per facilitare il rapporto dei visitatori col nostro contenuto [...]\" \/>\n<meta property=\"og:url\" content=\"https:\/\/vigilant.es\/it\/politica-sui-cookie\/\" \/>\n<meta property=\"og:site_name\" content=\"Vigilant | Control Horario\" \/>\n<meta property=\"article:modified_time\" content=\"2021-03-31T09:28:30+00:00\" \/>\n<meta name=\"twitter:card\" content=\"summary_large_image\" \/>\n<meta name=\"twitter:label1\" content=\"Tempo di lettura stimato\" \/>\n\t<meta name=\"twitter:data1\" content=\"6 minuti\" \/>\n<script type=\"application\/ld+json\" class=\"yoast-schema-graph\">{\"@context\":\"https:\\\/\\\/schema.org\",\"@graph\":[{\"@type\":\"WebPage\",\"@id\":\"https:\\\/\\\/vigilant.es\\\/it\\\/politica-sui-cookie\\\/\",\"url\":\"https:\\\/\\\/vigilant.es\\\/it\\\/politica-sui-cookie\\\/\",\"name\":\"Politica Cookies - Vigilant | Control Horario\",\"isPartOf\":{\"@id\":\"https:\\\/\\\/vigilant.es\\\/it\\\/#website\"},\"datePublished\":\"2021-03-30T11:07:13+00:00\",\"dateModified\":\"2021-03-31T09:28:30+00:00\",\"breadcrumb\":{\"@id\":\"https:\\\/\\\/vigilant.es\\\/it\\\/politica-sui-cookie\\\/#breadcrumb\"},\"inLanguage\":\"it-IT\",\"potentialAction\":[{\"@type\":\"ReadAction\",\"target\":[\"https:\\\/\\\/vigilant.es\\\/it\\\/politica-sui-cookie\\\/\"]}]},{\"@type\":\"BreadcrumbList\",\"@id\":\"https:\\\/\\\/vigilant.es\\\/it\\\/politica-sui-cookie\\\/#breadcrumb\",\"itemListElement\":[{\"@type\":\"ListItem\",\"position\":1,\"name\":\"Portada\",\"item\":\"https:\\\/\\\/vigilant.es\\\/it\\\/\"},{\"@type\":\"ListItem\",\"position\":2,\"name\":\"Politica Cookies\"}]},{\"@type\":\"WebSite\",\"@id\":\"https:\\\/\\\/vigilant.es\\\/it\\\/#website\",\"url\":\"https:\\\/\\\/vigilant.es\\\/it\\\/\",\"name\":\"Vigilant | Control Horario\",\"description\":\"Control Horario | Control Horas Empleados\",\"potentialAction\":[{\"@type\":\"SearchAction\",\"target\":{\"@type\":\"EntryPoint\",\"urlTemplate\":\"https:\\\/\\\/vigilant.es\\\/it\\\/?s={search_term_string}\"},\"query-input\":{\"@type\":\"PropertyValueSpecification\",\"valueRequired\":true,\"valueName\":\"search_term_string\"}}],\"inLanguage\":\"it-IT\"}]}<\/script>\n<!-- \/ Yoast SEO plugin. -->","yoast_head_json":{"title":"Politica Cookies - Vigilant | Control Horario","robots":{"index":"noindex","follow":"nofollow"},"og_locale":"it_IT","og_type":"article","og_title":"Politica Cookies - Vigilant | Control Horario","og_description":"Sul sito web https:\/\/vigilant.es utilizziamo i cookie per facilitare il rapporto dei visitatori col nostro contenuto [...]","og_url":"https:\/\/vigilant.es\/it\/politica-sui-cookie\/","og_site_name":"Vigilant | Control Horario","article_modified_time":"2021-03-31T09:28:30+00:00","twitter_card":"summary_large_image","twitter_misc":{"Tempo di lettura stimato":"6 minuti"},"schema":{"@context":"https:\/\/schema.org","@graph":[{"@type":"WebPage","@id":"https:\/\/vigilant.es\/it\/politica-sui-cookie\/","url":"https:\/\/vigilant.es\/it\/politica-sui-cookie\/","name":"Politica Cookies - Vigilant | Control Horario","isPartOf":{"@id":"https:\/\/vigilant.es\/it\/#website"},"datePublished":"2021-03-30T11:07:13+00:00","dateModified":"2021-03-31T09:28:30+00:00","breadcrumb":{"@id":"https:\/\/vigilant.es\/it\/politica-sui-cookie\/#breadcrumb"},"inLanguage":"it-IT","potentialAction":[{"@type":"ReadAction","target":["https:\/\/vigilant.es\/it\/politica-sui-cookie\/"]}]},{"@type":"BreadcrumbList","@id":"https:\/\/vigilant.es\/it\/politica-sui-cookie\/#breadcrumb","itemListElement":[{"@type":"ListItem","position":1,"name":"Portada","item":"https:\/\/vigilant.es\/it\/"},{"@type":"ListItem","position":2,"name":"Politica Cookies"}]},{"@type":"WebSite","@id":"https:\/\/vigilant.es\/it\/#website","url":"https:\/\/vigilant.es\/it\/","name":"Vigilant | Control Horario","description":"Control Horario | Control Horas Empleados","potentialAction":[{"@type":"SearchAction","target":{"@type":"EntryPoint","urlTemplate":"https:\/\/vigilant.es\/it\/?s={search_term_string}"},"query-input":{"@type":"PropertyValueSpecification","valueRequired":true,"valueName":"search_term_string"}}],"inLanguage":"it-IT"}]}},"_links":{"self":[{"href":"https:\/\/vigilant.es\/it\/wp-json\/wp\/v2\/pages\/8582","targetHints":{"allow":["GET"]}}],"collection":[{"href":"https:\/\/vigilant.es\/it\/wp-json\/wp\/v2\/pages"}],"about":[{"href":"https:\/\/vigilant.es\/it\/wp-json\/wp\/v2\/types\/page"}],"author":[{"embeddable":true,"href":"https:\/\/vigilant.es\/it\/wp-json\/wp\/v2\/users\/21"}],"replies":[{"embeddable":true,"href":"https:\/\/vigilant.es\/it\/wp-json\/wp\/v2\/comments?post=8582"}],"version-history":[{"count":2,"href":"https:\/\/vigilant.es\/it\/wp-json\/wp\/v2\/pages\/8582\/revisions"}],"predecessor-version":[{"id":9146,"href":"https:\/\/vigilant.es\/it\/wp-json\/wp\/v2\/pages\/8582\/revisions\/9146"}],"wp:attachment":[{"href":"https:\/\/vigilant.es\/it\/wp-json\/wp\/v2\/media?parent=8582"}],"wp:term":[{"taxonomy":"casos_de_exito","embeddable":true,"href":"https:\/\/vigilant.es\/it\/wp-json\/wp\/v2\/casos_de_exito?post=8582"}],"curies":[{"name":"wp","href":"https:\/\/api.w.org\/{rel}","templated":true}]}}