{"id":8583,"date":"2021-03-30T11:15:27","date_gmt":"2021-03-30T11:15:27","guid":{"rendered":"https:\/\/vigilant.es\/note-legali\/"},"modified":"2021-03-31T09:54:44","modified_gmt":"2021-03-31T09:54:44","slug":"note-legali","status":"publish","type":"page","link":"https:\/\/vigilant.es\/it\/note-legali\/","title":{"rendered":"Note legali"},"content":{"rendered":"<p><span style=\"font-weight: 400;\">La presente Nota Legale regola le condizioni generali d\u2019accesso e usaggio del sito web accessibile sul URL <\/span><a href=\"https:\/\/vigilant.es\"><span style=\"font-weight: 400;\">https:\/\/vigilant.es<\/span><\/a><span style=\"font-weight: 400;\"> (in poi, il sito web), che Vigilant mette\u00a0 disposizione degli utenti d\u2019Internet.\u00a0<\/span><\/p>\n<p><span style=\"font-weight: 400;\">L\u2019utilizzazione del sito web implica l\u2019accettazione piena e senza prenotazioni di tutte e ciascuna delle disposizione incluse in questa Nota Legale. Di conseguenza, l\u2019utente del sito web deve leggere attentamente la presente Nota Legale in ogni occasione in cui pretenda usare il sito web, dato che il testo potrebbe essere modificato secondo il criterio del titolare del sito web, o come conseguenzo di un cambio legislativo, giurisprudenziale o nella pratica impresariale.<\/span><\/p>\n<h2><b>1.- TITOLARIT\u00c0 DEL SITO WEB<\/b><\/h2>\n<p><span style=\"font-weight: 400;\">Nome Commerciale: RADIOBIT SISTEMAS SL<\/span><\/p>\n<p><span style=\"font-weight: 400;\">Nome del titolare: RADIOBIT SISTEMAS SL<\/span><\/p>\n<p><span style=\"font-weight: 400;\">Sede legale: C\/ Relleu, 4 Edif. Romeral 2 Escalera 3, Local 3<\/span><\/p>\n<p><span style=\"font-weight: 400;\">Comune: Benidorm<\/span><\/p>\n<p><span style=\"font-weight: 400;\">Provincia: Alacant<\/span><\/p>\n<p><span style=\"font-weight: 400;\">C.P.: 03502<\/span><\/p>\n<p><span style=\"font-weight: 400;\">C.I.F.\/D.N.I.: B03961554<\/span><\/p>\n<p><span style=\"font-weight: 400;\">Telefono di contatto: 965856457<\/span><\/p>\n<p><span style=\"font-weight: 400;\">E-mail: info@vigilant.es<\/span><\/p>\n<p><span style=\"font-weight: 400;\">Dati di registro:<\/span><\/p>\n<h2><b>2.- SCOPO<\/b><\/h2>\n<p><span style=\"font-weight: 400;\">Il sito web facilita agli utenti della stessa, l&#8217;accesso ad informazione e servizi prestati da Vigilant a quelle persone od organizzazioni interessati nei stessi.<\/span><\/p>\n<h2><b>3.- ACCESSO E UTILIZZAZIONE DEL SITO WEB<\/b><\/h2>\n<p><span style=\"font-weight: 400;\">3.1.- Carattere gratuito dell\u2019accesso e utilizzazione del sito web.<\/span><\/p>\n<p><span style=\"font-weight: 400;\">L\u2019accesso al sito web ha il carattere gratuito per gli utenti della stessa.\u00a0<\/span><\/p>\n<p><span style=\"font-weight: 400;\">3.2.- Registro degli utenti.<\/span><\/p>\n<p><span style=\"font-weight: 400;\">Con il carattere generale, l\u2019accesso e l\u2019utilizzazione del sito web non richiedono una sottoscrizione previa o un registro degli utenti della stessa.\u00a0<\/span><\/p>\n<h2><b>4.- CONTENUTI DEL SITO WEB.<\/b><\/h2>\n<p><span style=\"font-weight: 400;\">L\u2019idioma utilizzato dal titolare sul sito web sar\u00e0 lo spagnolo. Vigilant non si assume responsabilit\u00e0 per la non comprensione dall\u2019utente n\u00e9 per le sue conseguenze.<\/span><\/p>\n<p><span style=\"font-weight: 400;\">Vigilant potr\u00e0 modificare i contenuti senza preavviso, cos\u00ec come sopprimere o cambiare detti contenuti sul sito web, ad esempio il modo di accesso, senza giustificazione e liberamente, non assumendo alcuna responsabilit\u00e0 per le conseguenze accadute sugli utenti.\u00a0<\/span><\/p>\n<p><span style=\"font-weight: 400;\">\u00c8 vietata l\u2019utilizzazione dei contenuti del sito web per la promozione, contrattazione o divulgazione di pubblicit\u00e0 o informazioni proprie o di terze parti senza l\u2019autorizzazione di Vigilant, n\u00e9 fare riferimento a pubblicit\u00e0 o informazioni servendosi dei servizi o informazioni messi a disposizione degli utenti, indipendentemente se l\u2019utilizzazione \u00e8 gratuita o no.<\/span><\/p>\n<p><span style=\"font-weight: 400;\">I collegamenti o link inclusi sulle web di terze parti, dirigiti su questo sito web, saranno per l\u2019apertura del sito web completo, e quindi non potranno manifestare, diretta o indirettamente, indicazioni false, inesatte o confuse, n\u00e9 incorrere in azioni sleali o illecite contro Vigilant.\u00a0<\/span><\/p>\n<h2><b>5.- LIMITAZIONE DELLA RESPONSABILIT\u00c0<\/b><\/h2>\n<p><span style=\"font-weight: 400;\">Sia l\u2019accesso sul sito web che l\u2019uso non permesso che possa essere fatto delle informazioni contenute sul medesimo \u00e8 la responsabilit\u00e0 esclusiva di quello che gli effettua. Vigilant non risponde per alcuna conseguenza, danno o pregiudizio che potessero derivare da detto accesso o uso. Vigilant non \u00e8 responsabile di possibili errori di sicurezza n\u00e9 dei danni causati per i medesimi al sistema dell\u2019utente (hardware e software), o a i file o documenti immagazzinare nel medesimo, come conseguenza di:\u00a0<\/span><\/p>\n<p><span style=\"font-weight: 400;\">\u2013 presenza di un virus sul PC utilizzato dall\u2019utente per la connessione ai servizi ei contenuti del web<\/span><\/p>\n<p><span style=\"font-weight: 400;\">\u2013 un malfunzionamento del browser<\/span><\/p>\n<p><span style=\"font-weight: 400;\">\u2013 e\/o l\u2019uso di versioni non aggiornate del medesimo\u00a0<\/span><\/p>\n<p><span style=\"font-weight: 400;\">Vigilant non \u00e8 responsabile dell\u2019affidabilit\u00e0 e agilit\u00e0 dei collegamenti compresi sul web per l\u2019apertura d\u2019altri web. Vigilant non garantisce l\u2019utilit\u00e0 di questi collegamenti, e non si fa responsabile dei contenuti o servizi a cui l\u2019utente potrebbe accedere mediante questi collegamenti, n\u00e9 del buon funzionamento di questi web.<\/span><\/p>\n<p><span style=\"font-weight: 400;\">Vigilant non sar\u00e0 responsabile dei virus o altri programmi informatici che possano deteriorare i sistemi o attrezzature informatici degli utenti dopo di accedere sul suo web o altri web acceduti mediante collegamenti di questo web.\u00a0<\/span><\/p>\n<h2><b>6.- USO DELLA TECNOLOGIA \u201cCOOKIE\u201d<\/b><\/h2>\n<p><span style=\"font-weight: 400;\">Il web non usa cookie n\u00e9 alcun altro processo invisibile di raccolta d\u2019informazione quando l\u2019usuario naviga, rispettando sempre la confidenzialit\u00e0 e l\u2019intimit\u00e0 del medesimo.<\/span><\/p>\n<p><span style=\"font-weight: 400;\">*SE S\u2019IMPIEGANO I COOKIE, CONSULTARE L\u2019INFORMATIVA SULL&#8217;USO DEI COOKIE Il web impiega i cookie, puoi consultare la nostra Politica di Cookie, che rispetta in tutto momento a confidenzialit\u00e0 e l\u2019intimit\u00e0 del medesimo.<\/span><\/p>\n<h2><b>7.- PROPRIET\u00c0 INTELLETTUALE E INDUSTRIALE.<\/b><\/h2>\n<p><span style=\"font-weight: 400;\">Sono propriet\u00e0 di Vigilant, tutti i diritti di propriet\u00e0 industriale e intellettuale del web, cos\u00ec come i suoi contenuti. Qualsiasi uso del web o dei suoi contenuti dovr\u00e0 avere un carattere esclusivamente particolare. Riservato esclusivamente a \u2026\u2026\u2026.., qualsiasi altro uso implicando copia, riproduzione, distribuzione, trasformazione, comunicazione pubblica o qualsiasi altra azione del genero, di tutti o parte dei contenuti del web, quindi alcun utente non potr\u00e0 effettuare queste azioni senza l\u2019autorizzazione previa e per iscritto di Vigilant.<\/span><\/p>\n<h2><b>\u00a08.- POLITICA PRIVACY E PROTEZIONE DEI DATI<\/b><\/h2>\n<p><span style=\"font-weight: 400;\">Vigilant garantisce la protezione e confidenzialit\u00e0 dei dati personali, di qualsiasi tipo, forniti dalle nostre imprese clienti, nel rispetto di quanto previsto dalla Ley Org\u00e1nica 15\/1999, 13 Dicembre, di Protezione dei Dati di Natura Personale<\/span><\/p>\n<p><span style=\"font-weight: 400;\">Tutti i dati forniti dalle nostre imprese clienti a Vigilant o al suo staff, verranno inclusi in un file automatizzato di dati di natura personale, creato e mantenuto sotto la responsabilit\u00e0 di Vigilant, essenziali per offrire i servizi richiesti per gli utenti.\u00a0<\/span><\/p>\n<p><span style=\"font-weight: 400;\">I dati forniti saranno trattati secondo il Regolamenti di Misure di Sicurezza (Real Decreto 1720\/2007 21 Dicembre), in questo senso Vigilant ha adottato i livelli di protezione richiesti dalla legge, e ha installato tutte le misure tecniche per evitare la perdita, il maluso, l\u2019alterazione, accesso non permesso da terze parti. Nonostante, l\u2019utente deve essere cosciente che le misure di sicurezza su Internet non sono inespugnabili. Nel caso in cui sia considerato opportuno di inoltrare i suoi dati di natura personale ad altre entit\u00e0, l\u2019utente sar\u00e0 informato sui dati inoltrati, sul proposito del file e sul nome e l&#8217;indirizzo dell\u2019assegnatario, affinch\u00e9 l\u2019utente possa dare il suo consentimento esplicito.\u00a0<\/span><\/p>\n<p><span style=\"font-weight: 400;\">Nel rispetto di quanto previsto dal GDPR, l\u2019utente potr\u00e0 esercitare i suoi diritti di accesso, rettificazione, cancellazione ed opposizione. Per questo, dovr\u00e0 contattare con noi su <\/span><a href=\"mailto:info@vigilant.es\"><span style=\"font-weight: 400;\">info@vigilant.es<\/span><\/a><\/p>\n<h2><b>9.- LEGISLAZIONE APPLICABILE E GIURISDIZIONE COMPETENTE<\/b><\/h2>\n<p><span style=\"font-weight: 400;\">La presente Nota Legale sar\u00e0 interpretata in conformit\u00e0 con la legislazione spagnola. Vigilant e gli utenti, rinunciando espressamente a qualsiasi altro foro, si sottomettono a quello dei tribunali della residenza dell\u2019utente per qualunque controversia che potesse derivare dall\u2019accesso o dall\u2019uso del web. Nel caso in cui l\u2019utente visca fuori dalla Spagna, Vigilant e l\u2019utente, si sottomettono, rinunciando espressamente a qualsiasi altro foro, ai tribunali del domicilio di Vigilant.\u00a0<\/span><\/p>\n<p>&nbsp;<\/p>\n","protected":false},"excerpt":{"rendered":"<p>La presente Nota Legale regola le condizioni generali d\u2019accesso e usaggio del sito web accessibile sul  [&#8230;]<\/p>\n","protected":false},"author":21,"featured_media":0,"parent":0,"menu_order":100,"comment_status":"closed","ping_status":"closed","template":"","meta":{"content-type":"","footnotes":""},"casos_de_exito":[],"class_list":["post-8583","page","type-page","status-publish","hentry"],"yoast_head":"<!-- This site is optimized with the Yoast SEO plugin v27.4 - https:\/\/yoast.com\/product\/yoast-seo-wordpress\/ -->\n<title>Note legali - Vigilant | Control Horario<\/title>\n<meta name=\"robots\" content=\"noindex, nofollow\" \/>\n<meta property=\"og:locale\" content=\"it_IT\" \/>\n<meta property=\"og:type\" content=\"article\" \/>\n<meta property=\"og:title\" content=\"Note legali - Vigilant | Control Horario\" \/>\n<meta property=\"og:description\" content=\"La presente Nota Legale regola le condizioni generali d\u2019accesso e usaggio del sito web accessibile sul [...]\" \/>\n<meta property=\"og:url\" content=\"https:\/\/vigilant.es\/it\/note-legali\/\" \/>\n<meta property=\"og:site_name\" content=\"Vigilant | Control Horario\" \/>\n<meta property=\"article:modified_time\" content=\"2021-03-31T09:54:44+00:00\" \/>\n<meta name=\"twitter:card\" content=\"summary_large_image\" \/>\n<meta name=\"twitter:label1\" content=\"Tempo di lettura stimato\" \/>\n\t<meta name=\"twitter:data1\" content=\"5 minuti\" \/>\n<script type=\"application\/ld+json\" class=\"yoast-schema-graph\">{\"@context\":\"https:\\\/\\\/schema.org\",\"@graph\":[{\"@type\":\"WebPage\",\"@id\":\"https:\\\/\\\/vigilant.es\\\/it\\\/note-legali\\\/\",\"url\":\"https:\\\/\\\/vigilant.es\\\/it\\\/note-legali\\\/\",\"name\":\"Note legali - Vigilant | Control Horario\",\"isPartOf\":{\"@id\":\"https:\\\/\\\/vigilant.es\\\/it\\\/#website\"},\"datePublished\":\"2021-03-30T11:15:27+00:00\",\"dateModified\":\"2021-03-31T09:54:44+00:00\",\"breadcrumb\":{\"@id\":\"https:\\\/\\\/vigilant.es\\\/it\\\/note-legali\\\/#breadcrumb\"},\"inLanguage\":\"it-IT\",\"potentialAction\":[{\"@type\":\"ReadAction\",\"target\":[\"https:\\\/\\\/vigilant.es\\\/it\\\/note-legali\\\/\"]}]},{\"@type\":\"BreadcrumbList\",\"@id\":\"https:\\\/\\\/vigilant.es\\\/it\\\/note-legali\\\/#breadcrumb\",\"itemListElement\":[{\"@type\":\"ListItem\",\"position\":1,\"name\":\"Portada\",\"item\":\"https:\\\/\\\/vigilant.es\\\/it\\\/\"},{\"@type\":\"ListItem\",\"position\":2,\"name\":\"Note legali\"}]},{\"@type\":\"WebSite\",\"@id\":\"https:\\\/\\\/vigilant.es\\\/it\\\/#website\",\"url\":\"https:\\\/\\\/vigilant.es\\\/it\\\/\",\"name\":\"Vigilant | Control Horario\",\"description\":\"Control Horario | Control Horas Empleados\",\"potentialAction\":[{\"@type\":\"SearchAction\",\"target\":{\"@type\":\"EntryPoint\",\"urlTemplate\":\"https:\\\/\\\/vigilant.es\\\/it\\\/?s={search_term_string}\"},\"query-input\":{\"@type\":\"PropertyValueSpecification\",\"valueRequired\":true,\"valueName\":\"search_term_string\"}}],\"inLanguage\":\"it-IT\"}]}<\/script>\n<!-- \/ Yoast SEO plugin. -->","yoast_head_json":{"title":"Note legali - Vigilant | Control Horario","robots":{"index":"noindex","follow":"nofollow"},"og_locale":"it_IT","og_type":"article","og_title":"Note legali - Vigilant | Control Horario","og_description":"La presente Nota Legale regola le condizioni generali d\u2019accesso e usaggio del sito web accessibile sul [...]","og_url":"https:\/\/vigilant.es\/it\/note-legali\/","og_site_name":"Vigilant | Control Horario","article_modified_time":"2021-03-31T09:54:44+00:00","twitter_card":"summary_large_image","twitter_misc":{"Tempo di lettura stimato":"5 minuti"},"schema":{"@context":"https:\/\/schema.org","@graph":[{"@type":"WebPage","@id":"https:\/\/vigilant.es\/it\/note-legali\/","url":"https:\/\/vigilant.es\/it\/note-legali\/","name":"Note legali - Vigilant | Control Horario","isPartOf":{"@id":"https:\/\/vigilant.es\/it\/#website"},"datePublished":"2021-03-30T11:15:27+00:00","dateModified":"2021-03-31T09:54:44+00:00","breadcrumb":{"@id":"https:\/\/vigilant.es\/it\/note-legali\/#breadcrumb"},"inLanguage":"it-IT","potentialAction":[{"@type":"ReadAction","target":["https:\/\/vigilant.es\/it\/note-legali\/"]}]},{"@type":"BreadcrumbList","@id":"https:\/\/vigilant.es\/it\/note-legali\/#breadcrumb","itemListElement":[{"@type":"ListItem","position":1,"name":"Portada","item":"https:\/\/vigilant.es\/it\/"},{"@type":"ListItem","position":2,"name":"Note legali"}]},{"@type":"WebSite","@id":"https:\/\/vigilant.es\/it\/#website","url":"https:\/\/vigilant.es\/it\/","name":"Vigilant | Control Horario","description":"Control Horario | Control Horas Empleados","potentialAction":[{"@type":"SearchAction","target":{"@type":"EntryPoint","urlTemplate":"https:\/\/vigilant.es\/it\/?s={search_term_string}"},"query-input":{"@type":"PropertyValueSpecification","valueRequired":true,"valueName":"search_term_string"}}],"inLanguage":"it-IT"}]}},"_links":{"self":[{"href":"https:\/\/vigilant.es\/it\/wp-json\/wp\/v2\/pages\/8583","targetHints":{"allow":["GET"]}}],"collection":[{"href":"https:\/\/vigilant.es\/it\/wp-json\/wp\/v2\/pages"}],"about":[{"href":"https:\/\/vigilant.es\/it\/wp-json\/wp\/v2\/types\/page"}],"author":[{"embeddable":true,"href":"https:\/\/vigilant.es\/it\/wp-json\/wp\/v2\/users\/21"}],"replies":[{"embeddable":true,"href":"https:\/\/vigilant.es\/it\/wp-json\/wp\/v2\/comments?post=8583"}],"version-history":[{"count":4,"href":"https:\/\/vigilant.es\/it\/wp-json\/wp\/v2\/pages\/8583\/revisions"}],"predecessor-version":[{"id":9170,"href":"https:\/\/vigilant.es\/it\/wp-json\/wp\/v2\/pages\/8583\/revisions\/9170"}],"wp:attachment":[{"href":"https:\/\/vigilant.es\/it\/wp-json\/wp\/v2\/media?parent=8583"}],"wp:term":[{"taxonomy":"casos_de_exito","embeddable":true,"href":"https:\/\/vigilant.es\/it\/wp-json\/wp\/v2\/casos_de_exito?post=8583"}],"curies":[{"name":"wp","href":"https:\/\/api.w.org\/{rel}","templated":true}]}}