{"id":1384,"date":"2019-01-24T10:32:41","date_gmt":"2019-01-24T10:32:41","guid":{"rendered":"http:\/\/serseovalencia.es\/vigilant\/?page_id=1384"},"modified":"2024-10-24T12:35:03","modified_gmt":"2024-10-24T10:35:03","slug":"avisos-legais","status":"publish","type":"page","link":"https:\/\/vigilant.es\/pt\/avisos-legais\/","title":{"rendered":"Avisos legais"},"content":{"rendered":"<div class=\"fusion-fullwidth fullwidth-box fusion-builder-row-1 fusion-flex-container nonhundred-percent-fullwidth non-hundred-percent-height-scrolling\" style=\"--awb-border-radius-top-left:0px;--awb-border-radius-top-right:0px;--awb-border-radius-bottom-right:0px;--awb-border-radius-bottom-left:0px;--awb-flex-wrap:wrap;\" ><div class=\"fusion-builder-row fusion-row fusion-flex-align-items-flex-start fusion-flex-content-wrap\" style=\"max-width:1216.8px;margin-left: calc(-4% \/ 2 );margin-right: calc(-4% \/ 2 );\"><div class=\"fusion-layout-column fusion_builder_column fusion-builder-column-0 fusion_builder_column_1_1 1_1 fusion-flex-column\" style=\"--awb-bg-size:cover;--awb-width-large:100%;--awb-margin-top-large:0px;--awb-spacing-right-large:1.92%;--awb-margin-bottom-large:0px;--awb-spacing-left-large:1.92%;--awb-width-medium:100%;--awb-spacing-right-medium:1.92%;--awb-spacing-left-medium:1.92%;--awb-width-small:100%;--awb-spacing-right-small:1.92%;--awb-spacing-left-small:1.92%;\"><div class=\"fusion-column-wrapper fusion-flex-justify-content-flex-start fusion-content-layout-column\"><div class=\"fusion-text fusion-text-1\"><p><strong>AVISOS LEGAIS<\/strong><\/p>\n<p>De acordo com o estabelecido pela Lei 34\/2002, de 11 de julho, relativa aos servi\u00e7os da sociedade da informa\u00e7\u00e3o e do com\u00e9rcio eletr\u00f3nico, s\u00e3o prestadas as seguintes informa\u00e7\u00f5es:<\/p>\n<h4>1.\u00a0\u00a0\u00a0\u00a0 IDENTIFICA\u00c7\u00c3O DE DATAS<a name=\"_Toclb3thlg0i4bl\"><\/a><\/h4>\n<p>Voc\u00ea est\u00e1 visitando o site <strong><u>https:\/\/vigilant.es\/<\/u><\/strong> de propriedade da RADIOBIT SISTEMAS SL, com sede em C\/ Relleu 4, esc 3, local 3 (03502 Benidorm) Alacant, com NIF B03961554, registrado no Registro Mercantil de Alacant em Tom 1729 Foli 6 Full A-28305. D&#8217;ara endavant, o <strong>PROPRIET\u00c1RIO.<\/strong><\/p>\n<p>Para entrar em contato com o Propriet\u00e1rio para a qualidade dos mitjans de acordo com:<\/p>\n<p><strong>Telefone: <\/strong><u>965856457<\/u><\/p>\n<p><strong>E-mail de contato: <\/strong><u>protecciondedatos@vigilant.es<\/u><\/p>\n<h4>2.\u00a0\u00a0\u00a0\u00a0 USUARIS<\/h4>\n<p>Submeter este documento aos termos e condi\u00e7\u00f5es que regulam o website e\/ou aplica\u00e7\u00e3o do Propriet\u00e1rio, bem como os servi\u00e7os e servi\u00e7os associados. Isto implica a aquisi\u00e7\u00e3o da condi\u00e7\u00e3o de utilizador e, com esta condi\u00e7\u00e3o, uma s\u00e9rie de direitos e obriga\u00e7\u00f5es.<\/p>\n<p><strong>Als efectes anteriorment descrits, l&#8217;informem que \u00e9s de la seva responsabilitat accedar a les condicions legales insertes en la present, aix\u00ed com, a les pol\u00edtiques de privacitat, cookies o en el seucas, condiciones de venda <\/strong><strong>i llegir-les detingudament. <\/strong>Recomendar:<\/p>\n<ol>\n<li style=\"list-style-type: none;\">\n<ol>\n<li><strong>Que visiti les mateixes cada vegada que pretengui accedir o utilitzar els serveis i continguts del lloc i <\/strong><\/li>\n<li><strong>Que imprimeixi o emmagatzeni en el seu sistema una c\u00f2pia.<\/strong><\/li>\n<\/ol>\n<\/li>\n<\/ol>\n<h3>3.\u00a0\u00a0\u00a0\u00a0 UTILIZA\u00c7\u00d5ES DO PORTAL<\/h3>\n<p>Este site fornece acesso a uma infinidade de informa\u00e7\u00f5es, servi\u00e7os, programas ou dados (em fim, &#8220;os continguts&#8221;) para a Internet pertencentes ao Propriet\u00e1rio ou aos usu\u00e1rios que t\u00eam acesso a eles.<\/p>\n<p>L&#8217;Usuari assume a responsabilidade de l&#8217;\u00fas del portal en els termes que mitjan\u00e7ant la present s&#8217;estableixen. Aquesta responsabilitat s&#8217; sean al registre que fos necessari per accedir a determinats serveis o continguts. Neste registo, o Utilizador ser\u00e1 respons\u00e1vel por fornecer informa\u00e7\u00f5es verdadeiras e l\u00edcitas. Como consequ\u00eancia deste registo, o Utilizador poder\u00e1 fornecer uma palavra-passe da qual ser\u00e1 respons\u00e1vel, comprometido com uma utiliza\u00e7\u00e3o diligente e confidencial.<\/p>\n<p><strong>O Utilizador compromete-se a fer un \u00fas adequat dels continguts i serveis<\/strong> (per exemple, serveis de xat, f\u00f2rums de discussi\u00f3 o grups de not\u00edcies) que o Propriet\u00e1rio oferece atrav\u00e9s do seu portal i, amb car\u00e0cter enunciatiu, per\u00f2 no limitatiu, <strong>a no emprar-los per<\/strong>:<\/p>\n<ul>\n<li>Inc\u00f3rrer en activitats il\u00b7l\u00edcites, il\u00b7legals o contr\u00e0ries a la bona fe i a l&#8217;ordre p\u00fablic.<\/li>\n<li>Difondre continguts o propaganda racista, xen\u00f3foba, pornogr\u00e0fic-il\u00b7legal, d&#8217;apologia del terrorisme o atemptat\u00f2ria contra els drets humanos.<\/li>\n<li>Causar danos aos sistemas f\u00edsicos e l\u00f3gicos do Propriet\u00e1rio, dos fornecedores ou de terceiros, introduzindo ou difondre na rede v\u00edrus inform\u00e1ticos ou quaisquer outros sistemas f\u00edsicos ou l\u00f3gicos que ainda sejam suscet\u00edveis de causar os danos anteriores.<\/li>\n<li>Tente acessar e, se voc\u00ea for cau, usar as composi\u00e7\u00f5es de correspond\u00eancia eletr\u00f4nica de outros usu\u00e1rios e modificar ou manipular seus erros.<\/li>\n<li>Utilitzar el lloc web ni les informacions que s&#8217;hi contenen amb finalitats comerciais, pol\u00edtiques, publicit\u00e0ries i per a qualsevol \u00fas comercial, sobretot en l&#8217;enviament de correus electr\u00f2nics no sol\u00b7licitats.<\/li>\n<\/ul>\n<p>O Propriet\u00e1rio reserva-se o direito de retirar todos os coment\u00e1rios e contribui\u00e7\u00f5es que violem o respeito pela dignidade da pessoa, que continuem a discriminar, xen\u00f3fobos, racistas, pornogr\u00e1ficos, que ameacem jovens ou crian\u00e7as, que sejam prejudiciais \u00e0 seguran\u00e7a p\u00fablica ou que, no mesmo caso, n\u00e3o sejam apropriados para publica\u00e7\u00e3o. <strong>Em qualsevol cas, o Propriet\u00e1rio n\u00e3o ser\u00e1 respons\u00e1vel pelas opini\u00f5es expressas pelos usu\u00e1rios atrav\u00e9s dos f\u00f3runs, xats, ou outros eines de participa\u00e7\u00e3o.<\/strong><\/p>\n<h3>4.\u00a0\u00a0\u00a0\u00a0 PROTE\u00c7\u00c3O DE DADOS<\/h3>\n<p>Tot el relacionou al tractament de les seves dades personals es troba recollit en la <a href=\"https:\/\/vigilant.es\/pt\/politica-de-privacidade\/\"><u>Pol\u00edtica de privacitat<\/u><\/a>.<\/p>\n<h3>5.\u00a0\u00a0\u00a0\u00a0 CONTINGUTS. PROPRIET\u00c1RIO INTELECTUAL\u00b7 LECTUAL I INDUSTRIAL<\/h3>\n<p>O propriet\u00e1rio \u00e9 o propriet\u00e1rio de todos os direitos de propriedade intelectual e industrial da p\u00e1gina web seva, aix\u00ed com dels elements continguts en la mateixa (a titol enunciatiuuu: imatges, fotografies, so, udio, video, programari o textos, marques o logotips, combinacions de colors, estructura i disseny, selecci\u00f3 de materials usats, programes d&#8217;ordinador necessaris per al seu funcionament,\u00a0\u00a0 acc\u00e9s i \u00fas, etc.), propriedade do Propriet\u00e1rio ou b\u00e9 dels seus llicenciants.<\/p>\n<p><strong>Tots els drets reservats.<\/strong> Por for\u00e7a do disposto nos artigos 8.\u00ba e 32.\u00ba, n.\u00ba 1, al\u00ednea segon, da Lei da Propriedade Intelectual, <strong>\u00e9 expressamente proibida a reprodu\u00e7\u00e3o, distribui\u00e7\u00e3o e comunica\u00e7\u00e3o p\u00fablica, incluindo a utiliza\u00e7\u00e3o da mesma modalidade de pousada \u00e0 disposi\u00e7\u00e3o da totalidade ou parte dos continguts desta p\u00e1gina web, com fins comerciais, em qualsevol suport e per qualsevol mitj\u00e0 t\u00e8cnic,\u00a0\u00a0 sense l&#8217; autoritzaci\u00f3 del Titular.<\/strong><\/p>\n<h3>6.\u00a0\u00a0\u00a0\u00a0 EXCLUS\u00c3O DE GARANTIAS E RESPONSABILIDADE<\/h3>\n<p>L&#8217;Usuari reconeix que la utilitzaci\u00f3 de la p\u00e0gina web i dels seus continguts i serveis es desenvolupa sota la seva exclusiva responsabilitat. In concret, a t\u00edtol merament enunciatiu, o Propriet\u00e1rio n\u00e3o assume responsabilidade nas \u00e1reas de acordo com o seguinte:<\/p>\n<ul>\n<li>La disponibilitat del funcionament de la p\u00e0gina web, els seus serveis i continguts i la seva qualitat o interoperablebilitat.<\/li>\n<li>La finalitat per a la qual la p\u00e0gina web serveixi als objectius de l&#8217;Usuari.<\/li>\n<li>A viola\u00e7\u00e3o da legisla\u00e7\u00e3o em vigor por parte do Utilizador ou de terceiros e, em particular, dos direitos de propriedade intelectual e industrial que continuem a ser propriedade de tr\u00eas pessoas ou indiv\u00edduos.<\/li>\n<li>L&#8217; exist\u00e8ncia de codis maliciosos o qualsevol altre element inform\u00e0tic dany\u00f3s que pogu\u00e9s causar el sistema inform\u00e0tic de l&#8217; Usuari o de tercers. L&#8217;entitat pren mesures per protegir el lloc web davant ciberatacs. No obstant aix\u00f2, no pot garantir que no es vagin a produir accessos no autorritzats per part de tercers. Per aix\u00f2, correspon a l&#8217;Usuari disposar d&#8217;eines adequades per a la detecci\u00f3 i desinfectci\u00f3 d&#8217;aquests elements.<\/li>\n<li>O acesso fraudulento aos continguts ou servi\u00e7os de terceiros n\u00e3o autoriza ou, se necess\u00e1rio, a captura, elimina\u00e7\u00e3o, altera\u00e7\u00e3o, modifica\u00e7\u00e3o ou manipula\u00e7\u00e3o dos acidentes e comunica\u00e7\u00f5es de classe qualsevol que esses terceiros realizem.<\/li>\n<li>Els danys produ\u00efts a equips inform\u00e0tics durant l&#8217;acc\u00e9s a la p\u00e0gina web i els danys produ\u00efts als Usuaris quan tinuin el seu origen en fallades o desconnexions a les xarxes de telecomunicacions que interinterrupten el servei.<\/li>\n<li>Els danys o perjudicis que es derivin de circumst\u00e0ncies esdevingudes per cas fortu\u00eft o for\u00e7a major.<\/li>\n<li>La responsabilitat de guarda la confidencialitat de les seves contrasenyes i de qualsevol altra informaci\u00f3 d&#8217; acc\u00e9s al seu compte. L&#8217;Usuari \u00e9s l&#8217;unic respons\u00e1vel de mantenr la seguretat de les seves credencials d&#8217;acc\u00e9s i de no compartir-les amb tercera cers. En cas que l&#8217; Usuari detecti qualsevol \u00fas no autorritzat del seu compte, haur\u00e0 de notific-ho imediato al Titular. O Propriet\u00e1rio n\u00e3o ser\u00e1 respons\u00e1vel por qualquer perda ou dano que derive do cumprimento desta obriga\u00e7\u00e3o por parte do Utilizador.<\/li>\n<li>Nos casos em que existam f\u00f3runs, os materiais ou outros pa\u00edses analisados, deve ter-se em conta que os missatges refletem apenas a opini\u00e3o do utilizador que os investigadores reencontraram, sendo enviado para este \u00fanico respons\u00e1vel pelos mateixos. Consequentemente, o Propriet\u00e1rio n\u00e3o \u00e9 respons\u00e1vel pelo conte\u00fado das missatges enviadas pelo Utilizador.<\/li>\n<\/ul>\n<h3>7.\u00a0\u00a0\u00a0\u00a0 MODIFICA\u00c7\u00c3O DESTE AVISO LEGAL E DURADOURO<\/h3>\n<p>O Propriet\u00e1rio reserva-se o direito de efetuar as altera\u00e7\u00f5es necess\u00e1rias que considere oportunas no Portal, podendo alterar, apagar ou afetar tantos continguts e servi\u00e7os que estejam dispon\u00edveis atrav\u00e9s do Portal, como na forma como estes aparecem ou localidades no Portal.<\/p>\n<p>La vig\u00e8ncia de les esmentades condicions anir\u00e0 en funci\u00f3n de la seva exposici\u00f3 i seran vigents fins que siguin modificades per altres degudament publicades.<\/p>\n<h3>8.\u00a0\u00a0\u00a0\u00a0 LIGA\u00c7\u00d5ES<\/h3>\n<p>No caso\u00a0 de <a href=\"https:\/\/vigilant.es\/pt\/\"><u>https:\/\/vigilant.es\/<\/u><\/a> conex\u00e3o ou hiperlinks para outros sites da Internet, o Propriet\u00e1rio n\u00e3o exercer\u00e1 controle sobre esses links e continguts ou assumir\u00e1 responsabilidade pelos continguts de qualquer link pertencente a um link da web, nem garantir\u00e1 a disponibilidade t\u00e9cnica, qualidade, confiabilidade, precis\u00e3o, amplitude, veracitat, validade e constitucionalidade da qualidade material ou informa\u00e7\u00f5es contidas no contexto desses produtos hypervincles i altres llocs uma Internet. Da mesma forma, a inclus\u00e3o dessas conex\u00f5es externas n\u00e3o implicar\u00e1 um t\u00edpico limite de associa\u00e7\u00e3o, fusi\u00f3 ou participa\u00e7\u00e3o com as entidades conectantes. N\u00e3o obstante o acima exposto, se a RADIOBIT SISTEMAS SL tiver conhecimento de que a atividade ou informa\u00e7\u00e3o a que \u00e9 reembolsada ou recomendada \u00e9 ilegal, ou que prejudica os direitos de um terceiro suscet\u00edvel de compensa\u00e7\u00e3o, esses direitos ou a sua inutilidade ser\u00e3o eliminados.<\/p>\n<h3>9.\u00a0\u00a0\u00a0\u00a0 DRETS D&#8217;EXCLUSI\u00d3<\/h3>\n<p>O Propriet\u00e1rio reserva-se o direito de negar ou retirar o acesso ao portal e\/ou aos servi\u00e7os oferecidos, conforme necess\u00e1rio para aviso pr\u00e9vio, a pedido de terceiros, aos utilizadores que incompletem o conte\u00fado deste Aviso Legal.<\/p>\n<h3>10. GENERALITATS<\/h3>\n<p>O Propriet\u00e1rio prosseguir\u00e1 o cumprimento das presentes condi\u00e7\u00f5es, aix\u00ed com qualsevol utilitzaci\u00f3 indeguda del seu portal exercint totes les accions civils i penals que li puguin correspondre en dret.<\/p>\n<h3>11. LEGISLA\u00c7\u00c3O APLIC\u00c1VEL E JURISDI\u00c7\u00c3O<\/h3>\n<p>A rela\u00e7\u00e3o entre o Propriet\u00e1rio e o Utilizador rege-se pela regulamenta\u00e7\u00e3o espanhola em vigor. Todas as disputas e reivindica\u00e7\u00f5es decorrentes desta av\u00eds es resoldran pels jutjats i tribunals espanyols del consumidor i usuari que resultam em competentes.<\/p>\n<h3>12. MENORES D&#8217;EDAT<\/h3>\n<p>Aquesta web dirigeix els seus serveis a usuaris majors de 18 anys. Els menors d&#8217;aquesta edat no est\u00e1n autorritzats a utilitzar els nostres serveis i no hauran, per tant, enviar nos les seves dades personals. Por favor, informe-me que, se esta circunst\u00e2ncia for concedida, o Propriet\u00e1rio n\u00e3o \u00e9 respons\u00e1vel pelas poss\u00edveis consequ\u00eancias que possam advir do desconhecimento da informa\u00e7\u00e3o que neste caso \u00e9 estabelecida.<\/p>\n<h3>13. MESURES DE SEGURETAT &#8211; SSL<\/h3>\n<p>O Propriet\u00e1rio contratou um certificado SSL\u00a0 (Secure<em> Sockets Layer). <\/em>Aquest certificat SSL permet protegir tota la informaci\u00f3 personal i confidencial que es pugui manej en un lloc web, independentment de la informaci\u00f3 que s&#8217;estigui transmetent, com, per exemple, des de qualsevol dels formaris de contacto del lloc web fins al servidor o les dades introdu\u00efdes per a la susscripci\u00f3 de butlletins de not\u00edcies, accessos a les \u00e0rees protegides,\u00a0\u00a0 Etc.<\/p>\n<p>L&#8217;adre\u00e7a del lloc web apareixer\u00e0 en color verd, activant-se el protocol &#8220;https&#8221; que permet connexions segures des d&#8217;un servidor web al navegador de l&#8217;usuari.<\/p>\n<p><em>Darrera avaliado em 03 outubro 2024<\/em><\/p>\n<\/div><\/div><\/div><\/div><\/div>\n","protected":false},"excerpt":{"rendered":"","protected":false},"author":21,"featured_media":0,"parent":0,"menu_order":100,"comment_status":"closed","ping_status":"closed","template":"","meta":{"content-type":"","footnotes":""},"casos_de_exito":[],"class_list":["post-1384","page","type-page","status-publish","hentry"],"yoast_head":"<!-- This site is optimized with the Yoast SEO plugin v27.4 - https:\/\/yoast.com\/product\/yoast-seo-wordpress\/ -->\n<title>Avisos legais - Vigilant | Control Horario<\/title>\n<meta name=\"robots\" content=\"noindex, nofollow\" \/>\n<meta property=\"og:locale\" content=\"pt_PT\" \/>\n<meta property=\"og:type\" content=\"article\" \/>\n<meta property=\"og:title\" content=\"Avisos legais - Vigilant | Control Horario\" \/>\n<meta property=\"og:url\" content=\"https:\/\/vigilant.es\/pt\/avisos-legais\/\" \/>\n<meta property=\"og:site_name\" content=\"Vigilant | Control Horario\" \/>\n<meta property=\"article:modified_time\" content=\"2024-10-24T10:35:03+00:00\" \/>\n<meta name=\"twitter:card\" content=\"summary_large_image\" \/>\n<meta name=\"twitter:label1\" content=\"Tempo estimado de leitura\" \/>\n\t<meta name=\"twitter:data1\" content=\"9 minutos\" \/>\n<script type=\"application\/ld+json\" class=\"yoast-schema-graph\">{\"@context\":\"https:\\\/\\\/schema.org\",\"@graph\":[{\"@type\":\"WebPage\",\"@id\":\"https:\\\/\\\/vigilant.es\\\/pt\\\/avisos-legais\\\/\",\"url\":\"https:\\\/\\\/vigilant.es\\\/pt\\\/avisos-legais\\\/\",\"name\":\"Avisos legais - Vigilant | Control Horario\",\"isPartOf\":{\"@id\":\"https:\\\/\\\/vigilant.es\\\/pt\\\/#website\"},\"datePublished\":\"2019-01-24T10:32:41+00:00\",\"dateModified\":\"2024-10-24T10:35:03+00:00\",\"breadcrumb\":{\"@id\":\"https:\\\/\\\/vigilant.es\\\/pt\\\/avisos-legais\\\/#breadcrumb\"},\"inLanguage\":\"pt-PT\",\"potentialAction\":[{\"@type\":\"ReadAction\",\"target\":[\"https:\\\/\\\/vigilant.es\\\/pt\\\/avisos-legais\\\/\"]}]},{\"@type\":\"BreadcrumbList\",\"@id\":\"https:\\\/\\\/vigilant.es\\\/pt\\\/avisos-legais\\\/#breadcrumb\",\"itemListElement\":[{\"@type\":\"ListItem\",\"position\":1,\"name\":\"Portada\",\"item\":\"https:\\\/\\\/vigilant.es\\\/pt\\\/\"},{\"@type\":\"ListItem\",\"position\":2,\"name\":\"Avisos legais\"}]},{\"@type\":\"WebSite\",\"@id\":\"https:\\\/\\\/vigilant.es\\\/pt\\\/#website\",\"url\":\"https:\\\/\\\/vigilant.es\\\/pt\\\/\",\"name\":\"Vigilant | Control Horario\",\"description\":\"Control Horario | Control Horas Empleados\",\"potentialAction\":[{\"@type\":\"SearchAction\",\"target\":{\"@type\":\"EntryPoint\",\"urlTemplate\":\"https:\\\/\\\/vigilant.es\\\/pt\\\/?s={search_term_string}\"},\"query-input\":{\"@type\":\"PropertyValueSpecification\",\"valueRequired\":true,\"valueName\":\"search_term_string\"}}],\"inLanguage\":\"pt-PT\"}]}<\/script>\n<!-- \/ Yoast SEO plugin. -->","yoast_head_json":{"title":"Avisos legais - Vigilant | Control Horario","robots":{"index":"noindex","follow":"nofollow"},"og_locale":"pt_PT","og_type":"article","og_title":"Avisos legais - Vigilant | Control Horario","og_url":"https:\/\/vigilant.es\/pt\/avisos-legais\/","og_site_name":"Vigilant | Control Horario","article_modified_time":"2024-10-24T10:35:03+00:00","twitter_card":"summary_large_image","twitter_misc":{"Tempo estimado de leitura":"9 minutos"},"schema":{"@context":"https:\/\/schema.org","@graph":[{"@type":"WebPage","@id":"https:\/\/vigilant.es\/pt\/avisos-legais\/","url":"https:\/\/vigilant.es\/pt\/avisos-legais\/","name":"Avisos legais - Vigilant | Control Horario","isPartOf":{"@id":"https:\/\/vigilant.es\/pt\/#website"},"datePublished":"2019-01-24T10:32:41+00:00","dateModified":"2024-10-24T10:35:03+00:00","breadcrumb":{"@id":"https:\/\/vigilant.es\/pt\/avisos-legais\/#breadcrumb"},"inLanguage":"pt-PT","potentialAction":[{"@type":"ReadAction","target":["https:\/\/vigilant.es\/pt\/avisos-legais\/"]}]},{"@type":"BreadcrumbList","@id":"https:\/\/vigilant.es\/pt\/avisos-legais\/#breadcrumb","itemListElement":[{"@type":"ListItem","position":1,"name":"Portada","item":"https:\/\/vigilant.es\/pt\/"},{"@type":"ListItem","position":2,"name":"Avisos legais"}]},{"@type":"WebSite","@id":"https:\/\/vigilant.es\/pt\/#website","url":"https:\/\/vigilant.es\/pt\/","name":"Vigilant | Control Horario","description":"Control Horario | Control Horas Empleados","potentialAction":[{"@type":"SearchAction","target":{"@type":"EntryPoint","urlTemplate":"https:\/\/vigilant.es\/pt\/?s={search_term_string}"},"query-input":{"@type":"PropertyValueSpecification","valueRequired":true,"valueName":"search_term_string"}}],"inLanguage":"pt-PT"}]}},"_links":{"self":[{"href":"https:\/\/vigilant.es\/pt\/wp-json\/wp\/v2\/pages\/1384","targetHints":{"allow":["GET"]}}],"collection":[{"href":"https:\/\/vigilant.es\/pt\/wp-json\/wp\/v2\/pages"}],"about":[{"href":"https:\/\/vigilant.es\/pt\/wp-json\/wp\/v2\/types\/page"}],"author":[{"embeddable":true,"href":"https:\/\/vigilant.es\/pt\/wp-json\/wp\/v2\/users\/21"}],"replies":[{"embeddable":true,"href":"https:\/\/vigilant.es\/pt\/wp-json\/wp\/v2\/comments?post=1384"}],"version-history":[{"count":8,"href":"https:\/\/vigilant.es\/pt\/wp-json\/wp\/v2\/pages\/1384\/revisions"}],"predecessor-version":[{"id":19048,"href":"https:\/\/vigilant.es\/pt\/wp-json\/wp\/v2\/pages\/1384\/revisions\/19048"}],"wp:attachment":[{"href":"https:\/\/vigilant.es\/pt\/wp-json\/wp\/v2\/media?parent=1384"}],"wp:term":[{"taxonomy":"casos_de_exito","embeddable":true,"href":"https:\/\/vigilant.es\/pt\/wp-json\/wp\/v2\/casos_de_exito?post=1384"}],"curies":[{"name":"wp","href":"https:\/\/api.w.org\/{rel}","templated":true}]}}