{"id":1386,"date":"2019-01-24T10:33:21","date_gmt":"2019-01-24T10:33:21","guid":{"rendered":"http:\/\/serseovalencia.es\/vigilant\/?page_id=1386"},"modified":"2021-12-22T12:11:43","modified_gmt":"2021-12-22T11:11:43","slug":"politica-de-cookies-2","status":"publish","type":"page","link":"https:\/\/vigilant.es\/pt\/politica-de-cookies-2\/","title":{"rendered":"Pol\u00edtica de Cookies"},"content":{"rendered":"<p>No site https:\/\/vigilant.es utilizamos cookies para facilitar a rela\u00e7\u00e3o dos visitantes com o nosso conte\u00fado e para nos permitir compilar estat\u00edsticas sobre os visitantes que recebemos.<\/p>\n<p>Em cumprimento \u00e0 Diretiva 2009\/136 \/ CE, desenvolvida em nosso decreto pelo par\u00e1grafo segundo do artigo 22 da Lei de Servi\u00e7os da Sociedade da Informa\u00e7\u00e3o, seguindo as diretrizes da Ag\u00eancia Espanhola de Prote\u00e7\u00e3o de Dados, passamos a inform\u00e1-lo detalhadamente sobre a utiliza\u00e7\u00e3o que \u00e9 feito em nosso site.<\/p>\n<p>Cookies s\u00e3o pequenos arquivos que s\u00e3o gravados no navegador utilizado por cada visitante de nosso site para que o servidor possa se lembrar da visita daquele usu\u00e1rio posteriormente, quando acessar novamente o nosso conte\u00fado. Estas informa\u00e7\u00f5es n\u00e3o revelam a sua identidade, nem quaisquer dados pessoais, nem acedem ao conte\u00fado guardado no seu pc, mas permitem ao nosso sistema identific\u00e1-lo como um utilizador espec\u00edfico que j\u00e1 visitou anteriormente a web, visualizou determinadas p\u00e1ginas, etc. e tamb\u00e9m permite que voc\u00ea salve suas prefer\u00eancias pessoais e informa\u00e7\u00f5es t\u00e9cnicas, como visitas feitas ou p\u00e1ginas espec\u00edficas que voc\u00ea visita.<\/p>\n<p>O objetivo dos cookies \u00e9 fornecer ao Usu\u00e1rio um acesso mais r\u00e1pido aos Servi\u00e7os selecionados.<\/p>\n<p>Se voc\u00ea n\u00e3o deseja que os cookies sejam salvos em seu navegador ou prefere receber informa\u00e7\u00f5es cada vez que um cookie solicita a instala\u00e7\u00e3o, voc\u00ea pode configurar suas op\u00e7\u00f5es de navega\u00e7\u00e3o para isso. A maioria dos navegadores permite o gerenciamento de cookies de 3 maneiras diferentes:<\/p>\n<ul>\n<li>Os cookies s\u00e3o sempre rejeitados;<\/li>\n<li>O navegador pergunta se o usu\u00e1rio deseja instalar cada cookie;<\/li>\n<li>Cookies s\u00e3o sempre aceitos;<\/li>\n<\/ul>\n<p>Seu navegador tamb\u00e9m pode incluir a capacidade de selecionar em detalhes os cookies que voc\u00ea deseja instalar em seu computador. Especificamente, o usu\u00e1rio normalmente pode aceitar qualquer uma das seguintes op\u00e7\u00f5es:<\/p>\n<ul>\n<li>rejeitar cookies de certos dom\u00ednios;<\/li>\n<li>rejeitar cookies de terceiros;<\/li>\n<li>aceitar cookies como n\u00e3o persistentes (eles s\u00e3o exclu\u00eddos quando o navegador \u00e9 fechado);<\/li>\n<li>permitir que o servidor crie cookies para um dom\u00ednio diferente.<\/li>\n<\/ul>\n<p>Para permitir, conhecer, bloquear ou eliminar os cookies instalados no seu computador, pode faz\u00ea-lo configurando as op\u00e7\u00f5es do navegador instaladas no seu computador.<\/p>\n<p>Voc\u00ea pode encontrar informa\u00e7\u00f5es sobre como configurar os navegadores mais usados \u200b\u200bnos seguintes locais:<\/p>\n<ul>\n<li><strong>Internet Explorer:<\/strong> Ferramentas -&gt; Op\u00e7\u00f5es da Internet -&gt; Privacidade -&gt; Configura\u00e7\u00f5es. Para obter mais informa\u00e7\u00f5es, voc\u00ea pode consultar o suporte da Microsoft ou a Ajuda do navegador.<\/li>\n<li><strong>Firefox<\/strong>: Ferramentas -&gt; Op\u00e7\u00f5es -&gt; Privacidade -&gt; Hist\u00f3rico -&gt; Configura\u00e7\u00f5es personalizadas. Para obter mais informa\u00e7\u00f5es, voc\u00ea pode consultar o suporte da Mozilla ou a ajuda do navegador.<\/li>\n<li><strong>Chrome<\/strong>: Configura\u00e7\u00f5es -&gt; Mostrar op\u00e7\u00f5es avan\u00e7adas -&gt; Privacidade -&gt; Configura\u00e7\u00f5es de conte\u00fado. Para obter mais informa\u00e7\u00f5es, voc\u00ea pode consultar o suporte do Google ou a Ajuda do navegador.<\/li>\n<li><strong>Safari<\/strong>: Prefer\u00eancias -&gt; Seguran\u00e7a. Para obter mais informa\u00e7\u00f5es, voc\u00ea pode consultar o suporte da Apple ou a Ajuda do navegador.<\/li>\n<\/ul>\n<p>Com rela\u00e7\u00e3o aos cookies de terceiros, ou seja, aqueles que n\u00e3o est\u00e3o relacionados ao nosso site, n\u00e3o podemos ser respons\u00e1veis \u200b\u200bpelo conte\u00fado e veracidade das pol\u00edticas de privacidade que eles incluem, portanto, as informa\u00e7\u00f5es que oferecemos a voc\u00ea s\u00e3o sempre com refer\u00eancia \u00e0 fonte.<\/p>\n<p>&nbsp;<\/p>\n<p>Abaixo informamos em detalhes os cookies que podem ser instalados a partir do nosso site. Dependendo da sua navega\u00e7\u00e3o, todos ou apenas alguns deles podem ser instalados.<\/p>\n<table width=\"1169\">\n<tbody>\n<tr>\n<td width=\"226\">Nome<\/td>\n<td width=\"113\">Categoria<\/td>\n<td width=\"614\">Descri\u00e7\u00e3o<\/td>\n<td width=\"85\">Propriedade<\/td>\n<td width=\"130\">Dura\u00e7\u00e3o<\/td>\n<\/tr>\n<tr>\n<td width=\"226\">wordpress_<\/td>\n<td width=\"113\">Funcionalidade<\/td>\n<td width=\"614\">Ele \u00e9 ativado durante o login e salva os detalhes de autentica\u00e7\u00e3o.<\/td>\n<td width=\"85\">Ter<\/td>\n<td width=\"130\">1 ano<\/td>\n<\/tr>\n<tr>\n<td width=\"226\">wordpress_logged_in_<\/td>\n<td width=\"113\">Funcionalidade<\/td>\n<td width=\"614\">Ele \u00e9 ativado durante o login e salva os detalhes de autentica\u00e7\u00e3o.<\/td>\n<td width=\"85\">Ter<\/td>\n<td width=\"130\">1 \u00a0ano<\/td>\n<\/tr>\n<tr>\n<td width=\"226\">wp-settings-<\/td>\n<td width=\"113\">Funcionalidade<\/td>\n<td width=\"614\">\u00c9 usado para personalizar a interface do usu\u00e1rio.<\/td>\n<td width=\"85\">Ter<\/td>\n<td width=\"130\">1 \u00a0ano<\/td>\n<\/tr>\n<tr>\n<td width=\"226\">_utma<\/td>\n<td width=\"113\">An\u00e1lise<\/td>\n<td width=\"614\">\u00c9 usado para distinguir usu\u00e1rios e sess\u00f5es.<\/td>\n<td width=\"85\">Terceiros<\/td>\n<td width=\"130\">2 \u00a0ano<\/td>\n<\/tr>\n<tr>\n<td width=\"226\">_utmc<\/td>\n<td width=\"113\">An\u00e1lise<\/td>\n<td width=\"614\">N\u00e3o usado em ga.js. Ele est\u00e1 configurado para interagir com urchin.js.<\/td>\n<td width=\"85\">Terceiros<\/td>\n<td width=\"130\">Fim da sess\u00e3o<\/td>\n<\/tr>\n<tr>\n<td width=\"226\">_utmz<\/td>\n<td width=\"113\">An\u00e1lise<\/td>\n<td width=\"614\">Armazena a origem do tr\u00e1fego ou a campanha que explica como o usu\u00e1rio chegou ao site.<\/td>\n<td width=\"85\">Terceiros<\/td>\n<td width=\"130\">6 meses<\/td>\n<\/tr>\n<tr>\n<td width=\"226\">catAccCookies<\/td>\n<td width=\"113\">Funcionalidade<\/td>\n<td width=\"614\">Ele cont\u00e9m um c\u00f3digo para verificar se a pol\u00edtica de cookies foi aceita.<\/td>\n<td width=\"85\">Ter<\/td>\n<td width=\"130\">1 dia<\/td>\n<\/tr>\n<tr>\n<td width=\"226\">autoptimize_feed<\/td>\n<td width=\"113\">Funcionalidade<\/td>\n<td width=\"614\">Cookie usado pela galeria de fotos quando imagens maiores s\u00e3o mostradas em uma &#8220;janela pop-up&#8221;.<\/td>\n<td width=\"85\">Terceiros<\/td>\n<td width=\"130\">1 a\u00f1o<\/td>\n<\/tr>\n<tr>\n<td width=\"226\">fusion_metabox_tab_513<\/td>\n<td width=\"113\">Funcionalidade<\/td>\n<td width=\"614\">N\u00e3o sabemos a origem do cookie<\/td>\n<td width=\"85\">Terceiros<\/td>\n<td width=\"130\">N\u00f3s descontamos a origem do cookie<\/td>\n<\/tr>\n<tr>\n<td width=\"226\">fusion_metabox_tab_989<\/td>\n<td width=\"113\">Funcionalidade<\/td>\n<td width=\"614\">N\u00e3o sabemos a origem do cookie<\/td>\n<td width=\"85\">Terceiros<\/td>\n<td width=\"130\">N\u00f3s descontamos a origem do cookie<\/td>\n<\/tr>\n<tr>\n<td width=\"226\">cc_cookie_accept<\/td>\n<td width=\"113\">Funcionalidade<\/td>\n<td width=\"614\">Cookie permanente que lembra se o usu\u00e1rio aceita ou n\u00e3o o uso de cookies neste site<\/td>\n<td width=\"85\">Terceiros<\/td>\n<td width=\"130\">Permanente<\/td>\n<\/tr>\n<tr>\n<td width=\"226\">__utmz<\/td>\n<td width=\"113\">Funcionalidade<\/td>\n<td width=\"614\">Dados de navega\u00e7\u00e3o an\u00f4nima que permitem saber o que \u00e9 consultado e como navegar nas redes.<\/td>\n<td width=\"85\">Terceiros<\/td>\n<td width=\"130\">Sess\u00e3o<\/td>\n<\/tr>\n<tr>\n<td width=\"226\">_ga<\/td>\n<td width=\"113\">An\u00e1lise<\/td>\n<td width=\"614\">Usado para distinguir usu\u00e1rios<\/td>\n<td width=\"85\">Terceiros<\/td>\n<td width=\"130\">2 \u00a0ano<\/td>\n<\/tr>\n<tr>\n<td width=\"226\">ci_session<\/td>\n<td width=\"113\">Funcionalidade<\/td>\n<td width=\"614\">Cookie associado ao Codeigniter para construir aplicativos baseados em PHP. Usado para as pr\u00f3prias aplica\u00e7\u00f5es do Vigilant<\/td>\n<td width=\"85\">Ter<\/td>\n<td width=\"130\">Sess\u00e3o<\/td>\n<\/tr>\n<tr>\n<td width=\"226\">_gid<\/td>\n<td width=\"113\">An\u00e1lise<\/td>\n<td width=\"614\">Usado para distinguir usu\u00e1rios<\/td>\n<td width=\"85\">Terceiros<\/td>\n<td width=\"130\">2 \u00a0ano<\/td>\n<\/tr>\n<tr>\n<td width=\"226\">__hssrc<\/td>\n<td width=\"113\">Funcionalidade<\/td>\n<td width=\"614\">Cada vez que o HubSpot muda o cookie de sess\u00e3o, este cookie tamb\u00e9m \u00e9 definido. \u00c9 usado para determinar se o visitante reiniciou o navegador. Se este cookie n\u00e3o existir quando gerenciamos cookies, presume-se que seja uma nova sess\u00e3o.<\/td>\n<td width=\"85\">Terceiros<\/td>\n<td width=\"130\">Sess\u00e3o<\/td>\n<\/tr>\n<tr>\n<td width=\"226\">hubspotutk<\/td>\n<td width=\"113\">Funcionalidade<\/td>\n<td width=\"614\">Rastreia o visitante. Essas informa\u00e7\u00f5es s\u00e3o transferidas para o Hubspot quando o formul\u00e1rio \u00e9 preenchido para evitar contatos duplicados.<\/td>\n<td width=\"85\">Terceiros<\/td>\n<td width=\"130\">10 \u00a0ano<\/td>\n<\/tr>\n<tr>\n<td width=\"226\">fusionredux_current_tab<\/td>\n<td width=\"113\">Funcionalidade<\/td>\n<td width=\"614\">Cookie para melhorar a usabilidade da web<\/td>\n<td width=\"85\">Terceiros<\/td>\n<td width=\"130\">3 dias<\/td>\n<\/tr>\n<tr>\n<td width=\"226\">__hstc<\/td>\n<td width=\"113\">Funcionalidade<\/td>\n<td width=\"614\">O cookie principal para rastreamento de visitantes. Cont\u00e9m o dom\u00ednio, utk, carimbo de data \/ hora inicial (primeira visita), \u00faltimo carimbo de data \/ hora (\u00faltima visita), carimbo de data \/ hora atual (esta visita) e n\u00famero da sess\u00e3o (incrementos para cada sess\u00e3o subsequente).<\/td>\n<td width=\"85\">Terceiros<\/td>\n<td width=\"130\">2 \u00a0ano<\/td>\n<\/tr>\n<tr>\n<td width=\"226\">_drip_client_6994213<\/td>\n<td width=\"113\">Funcionalidade<\/td>\n<td width=\"614\">Cookie t\u00e9cnico cujo objetivo \u00e9 melhorar a experi\u00eancia de uso do usu\u00e1rio.<\/td>\n<td width=\"85\">Ter<\/td>\n<td width=\"130\">Persistente<\/td>\n<\/tr>\n<tr>\n<td width=\"226\">__hssc<\/td>\n<td width=\"113\">Funcionalidade<\/td>\n<td width=\"614\">Este cookie rastreia as sess\u00f5es. \u00c9 usado para determinar se devemos aumentar o n\u00famero da sess\u00e3o e os carimbos de data \/ hora no cookie __hstc. Cont\u00e9m o dom\u00ednio, viewCount (incrementa cada pageView em uma sess\u00e3o) e o carimbo de data \/ hora de in\u00edcio da sess\u00e3o.<\/td>\n<td width=\"85\">Terceiros<\/td>\n<td width=\"130\">30 minutos<\/td>\n<\/tr>\n<tr>\n<td width=\"226\">_uetsid<\/td>\n<td width=\"113\">An\u00e1lise<\/td>\n<td width=\"614\">\u00c9 usado para distinguir os usu\u00e1rios.<\/td>\n<td width=\"85\">Terceiros<\/td>\n<td width=\"130\">30 minutos<\/td>\n<\/tr>\n<tr>\n<td width=\"226\">wp-settings-time-<\/td>\n<td width=\"113\">Funcionalidade<\/td>\n<td width=\"614\">\u00c9 usado para personalizar a interface do usu\u00e1rio.<\/td>\n<td width=\"85\">Ter<\/td>\n<td width=\"130\">Fim da sess\u00e3o<\/td>\n<\/tr>\n<tr>\n<td width=\"226\">pll_language<\/td>\n<td width=\"113\">Funcionalidade<\/td>\n<td width=\"614\">Polylang \u00e9 uma extens\u00e3o para fazer sites multil\u00edngues em WordPress.<\/td>\n<td width=\"85\">Ter<\/td>\n<td width=\"130\">1 \u00a0ano<\/td>\n<\/tr>\n<tr>\n<td width=\"226\">fr<\/td>\n<td width=\"113\">An\u00e1lise<\/td>\n<td width=\"614\">Cookie para medir campanhas no Facebook.<\/td>\n<td width=\"85\">Terceiros<\/td>\n<td width=\"130\">3 meses<\/td>\n<\/tr>\n<tr>\n<td width=\"226\">driftt_aid<\/td>\n<td width=\"113\">Funcionalidade<\/td>\n<td width=\"614\">Cookie usado por Drift, servi\u00e7o de chat<\/td>\n<td width=\"85\">Terceiros<\/td>\n<td width=\"130\">2 \u00a0ano<\/td>\n<\/tr>\n<tr>\n<td width=\"226\">_fbp<\/td>\n<td width=\"113\">Funcionalidade<\/td>\n<td width=\"614\">Cookie do Facebook usado para rastrear visitas a sites<\/td>\n<td width=\"85\">Terceiros<\/td>\n<td width=\"130\">3 meses<\/td>\n<\/tr>\n<tr>\n<td width=\"226\">driftt_eid<\/td>\n<td width=\"113\">Funcionalidade<\/td>\n<td width=\"614\">Cookie usado por Drift, servi\u00e7o de chat<\/td>\n<td width=\"85\">Terceiros<\/td>\n<td width=\"130\">Fim da sess\u00e3o<\/td>\n<\/tr>\n<tr>\n<td width=\"226\">chat_user_token<\/td>\n<td width=\"113\">Funcionalidade<\/td>\n<td width=\"614\">Cookie 1MillionBot que cria um ID \u00fanico gerado aleatoriamente que permite que um usu\u00e1rio seja identificado e relacionado \u00e0s suas informa\u00e7\u00f5es armazenadas no banco de dados do chatbot em quest\u00e3o.<\/td>\n<td width=\"85\">Terceiros<\/td>\n<td width=\"130\">5 \u00a0ano<\/td>\n<\/tr>\n<tr>\n<td width=\"226\">et_bloom_unlockedoptin<\/td>\n<td width=\"113\">Funcionalidade<\/td>\n<td width=\"614\">Esses cookies s\u00e3o armazenados quando um usu\u00e1rio fornece seu e-mail para visualiza\u00e7\u00e3o de conte\u00fado privado, de forma que, se esse usu\u00e1rio retornar ao site, n\u00e3o precise inserir suas informa\u00e7\u00f5es novamente para visualizar o mesmo conte\u00fado.<\/td>\n<td width=\"85\">Terceiros<\/td>\n<td width=\"130\">1 \u00a0ano<\/td>\n<\/tr>\n<tr>\n<td width=\"226\">et_bloom_optin_optin_2_mailchimp<\/td>\n<td width=\"113\">Funcionalidade<\/td>\n<td width=\"614\">Cookie Bloom usado para coletar e-mail para assinaturas de visitantes e vincul\u00e1-los ao servi\u00e7o Mailchimp<\/td>\n<td width=\"85\">Terceiros<\/td>\n<td width=\"130\">Sess\u00e3o<\/td>\n<\/tr>\n<tr>\n<td width=\"226\">et_bloom_optin_optin_2<\/td>\n<td width=\"113\">Funcionalidade<\/td>\n<td width=\"614\">Cookie Bloom usado para coletar e-mail para assinaturas de visitantes<\/td>\n<td width=\"85\">Terceiros<\/td>\n<td width=\"130\">Sess\u00e3o<\/td>\n<\/tr>\n<\/tbody>\n<\/table>\n<p>&nbsp;<\/p>\n<p>Esta Pol\u00edtica de Cookies pode ser modificada de acordo com os requisitos legislativos e regulamentares, ou para adaptar a referida pol\u00edtica \u00e0s instru\u00e7\u00f5es da Ag\u00eancia Espanhola de Prote\u00e7\u00e3o de Dados, pelo que os Utilizadores s\u00e3o aconselhados a visit\u00e1-la periodicamente.<\/p>\n<p>&nbsp;<\/p>\n<p>Quando ocorrerem mudan\u00e7as significativas nesta Pol\u00edtica de Cookies, os Usu\u00e1rios ser\u00e3o notificados atrav\u00e9s da web ou por e-mail para os Usu\u00e1rios registrados.<\/p>\n","protected":false},"excerpt":{"rendered":"<p>No site https:\/\/vigilant.es utilizamos cookies para facilitar a rela\u00e7\u00e3o dos visitantes com o nosso conte\u00fado e  [&#8230;]<\/p>\n","protected":false},"author":21,"featured_media":0,"parent":0,"menu_order":100,"comment_status":"closed","ping_status":"closed","template":"","meta":{"content-type":"","footnotes":""},"casos_de_exito":[],"class_list":["post-1386","page","type-page","status-publish","hentry"],"yoast_head":"<!-- This site is optimized with the Yoast SEO plugin v27.4 - https:\/\/yoast.com\/product\/yoast-seo-wordpress\/ -->\n<title>Pol\u00edtica de Cookies - Vigilant | Control Horario<\/title>\n<meta name=\"robots\" content=\"noindex, nofollow\" \/>\n<meta property=\"og:locale\" content=\"pt_PT\" \/>\n<meta property=\"og:type\" content=\"article\" \/>\n<meta property=\"og:title\" content=\"Pol\u00edtica de Cookies - Vigilant | Control Horario\" \/>\n<meta property=\"og:description\" content=\"No site https:\/\/vigilant.es utilizamos cookies para facilitar a rela\u00e7\u00e3o dos visitantes com o nosso conte\u00fado e [...]\" \/>\n<meta property=\"og:url\" content=\"https:\/\/vigilant.es\/pt\/politica-de-cookies-2\/\" \/>\n<meta property=\"og:site_name\" content=\"Vigilant | Control Horario\" \/>\n<meta property=\"article:modified_time\" content=\"2021-12-22T11:11:43+00:00\" \/>\n<meta name=\"twitter:card\" content=\"summary_large_image\" \/>\n<meta name=\"twitter:label1\" content=\"Tempo estimado de leitura\" \/>\n\t<meta name=\"twitter:data1\" content=\"6 minutos\" \/>\n<script type=\"application\/ld+json\" class=\"yoast-schema-graph\">{\"@context\":\"https:\\\/\\\/schema.org\",\"@graph\":[{\"@type\":\"WebPage\",\"@id\":\"https:\\\/\\\/vigilant.es\\\/pt\\\/politica-de-cookies-2\\\/\",\"url\":\"https:\\\/\\\/vigilant.es\\\/pt\\\/politica-de-cookies-2\\\/\",\"name\":\"Pol\u00edtica de Cookies - Vigilant | Control Horario\",\"isPartOf\":{\"@id\":\"https:\\\/\\\/vigilant.es\\\/pt\\\/#website\"},\"datePublished\":\"2019-01-24T10:33:21+00:00\",\"dateModified\":\"2021-12-22T11:11:43+00:00\",\"breadcrumb\":{\"@id\":\"https:\\\/\\\/vigilant.es\\\/pt\\\/politica-de-cookies-2\\\/#breadcrumb\"},\"inLanguage\":\"pt-PT\",\"potentialAction\":[{\"@type\":\"ReadAction\",\"target\":[\"https:\\\/\\\/vigilant.es\\\/pt\\\/politica-de-cookies-2\\\/\"]}]},{\"@type\":\"BreadcrumbList\",\"@id\":\"https:\\\/\\\/vigilant.es\\\/pt\\\/politica-de-cookies-2\\\/#breadcrumb\",\"itemListElement\":[{\"@type\":\"ListItem\",\"position\":1,\"name\":\"Portada\",\"item\":\"https:\\\/\\\/vigilant.es\\\/pt\\\/\"},{\"@type\":\"ListItem\",\"position\":2,\"name\":\"Pol\u00edtica de Cookies\"}]},{\"@type\":\"WebSite\",\"@id\":\"https:\\\/\\\/vigilant.es\\\/pt\\\/#website\",\"url\":\"https:\\\/\\\/vigilant.es\\\/pt\\\/\",\"name\":\"Vigilant | Control Horario\",\"description\":\"Control Horario | Control Horas Empleados\",\"potentialAction\":[{\"@type\":\"SearchAction\",\"target\":{\"@type\":\"EntryPoint\",\"urlTemplate\":\"https:\\\/\\\/vigilant.es\\\/pt\\\/?s={search_term_string}\"},\"query-input\":{\"@type\":\"PropertyValueSpecification\",\"valueRequired\":true,\"valueName\":\"search_term_string\"}}],\"inLanguage\":\"pt-PT\"}]}<\/script>\n<!-- \/ Yoast SEO plugin. -->","yoast_head_json":{"title":"Pol\u00edtica de Cookies - Vigilant | Control Horario","robots":{"index":"noindex","follow":"nofollow"},"og_locale":"pt_PT","og_type":"article","og_title":"Pol\u00edtica de Cookies - Vigilant | Control Horario","og_description":"No site https:\/\/vigilant.es utilizamos cookies para facilitar a rela\u00e7\u00e3o dos visitantes com o nosso conte\u00fado e [...]","og_url":"https:\/\/vigilant.es\/pt\/politica-de-cookies-2\/","og_site_name":"Vigilant | Control Horario","article_modified_time":"2021-12-22T11:11:43+00:00","twitter_card":"summary_large_image","twitter_misc":{"Tempo estimado de leitura":"6 minutos"},"schema":{"@context":"https:\/\/schema.org","@graph":[{"@type":"WebPage","@id":"https:\/\/vigilant.es\/pt\/politica-de-cookies-2\/","url":"https:\/\/vigilant.es\/pt\/politica-de-cookies-2\/","name":"Pol\u00edtica de Cookies - Vigilant | Control Horario","isPartOf":{"@id":"https:\/\/vigilant.es\/pt\/#website"},"datePublished":"2019-01-24T10:33:21+00:00","dateModified":"2021-12-22T11:11:43+00:00","breadcrumb":{"@id":"https:\/\/vigilant.es\/pt\/politica-de-cookies-2\/#breadcrumb"},"inLanguage":"pt-PT","potentialAction":[{"@type":"ReadAction","target":["https:\/\/vigilant.es\/pt\/politica-de-cookies-2\/"]}]},{"@type":"BreadcrumbList","@id":"https:\/\/vigilant.es\/pt\/politica-de-cookies-2\/#breadcrumb","itemListElement":[{"@type":"ListItem","position":1,"name":"Portada","item":"https:\/\/vigilant.es\/pt\/"},{"@type":"ListItem","position":2,"name":"Pol\u00edtica de Cookies"}]},{"@type":"WebSite","@id":"https:\/\/vigilant.es\/pt\/#website","url":"https:\/\/vigilant.es\/pt\/","name":"Vigilant | Control Horario","description":"Control Horario | Control Horas Empleados","potentialAction":[{"@type":"SearchAction","target":{"@type":"EntryPoint","urlTemplate":"https:\/\/vigilant.es\/pt\/?s={search_term_string}"},"query-input":{"@type":"PropertyValueSpecification","valueRequired":true,"valueName":"search_term_string"}}],"inLanguage":"pt-PT"}]}},"_links":{"self":[{"href":"https:\/\/vigilant.es\/pt\/wp-json\/wp\/v2\/pages\/1386","targetHints":{"allow":["GET"]}}],"collection":[{"href":"https:\/\/vigilant.es\/pt\/wp-json\/wp\/v2\/pages"}],"about":[{"href":"https:\/\/vigilant.es\/pt\/wp-json\/wp\/v2\/types\/page"}],"author":[{"embeddable":true,"href":"https:\/\/vigilant.es\/pt\/wp-json\/wp\/v2\/users\/21"}],"replies":[{"embeddable":true,"href":"https:\/\/vigilant.es\/pt\/wp-json\/wp\/v2\/comments?post=1386"}],"version-history":[{"count":3,"href":"https:\/\/vigilant.es\/pt\/wp-json\/wp\/v2\/pages\/1386\/revisions"}],"predecessor-version":[{"id":10738,"href":"https:\/\/vigilant.es\/pt\/wp-json\/wp\/v2\/pages\/1386\/revisions\/10738"}],"wp:attachment":[{"href":"https:\/\/vigilant.es\/pt\/wp-json\/wp\/v2\/media?parent=1386"}],"wp:term":[{"taxonomy":"casos_de_exito","embeddable":true,"href":"https:\/\/vigilant.es\/pt\/wp-json\/wp\/v2\/casos_de_exito?post=1386"}],"curies":[{"name":"wp","href":"https:\/\/api.w.org\/{rel}","templated":true}]}}