{"id":1388,"date":"2019-01-24T10:33:49","date_gmt":"2019-01-24T10:33:49","guid":{"rendered":"http:\/\/serseovalencia.es\/vigilant\/?page_id=1388"},"modified":"2024-10-24T12:55:17","modified_gmt":"2024-10-24T10:55:17","slug":"politica-de-privacidade","status":"publish","type":"page","link":"https:\/\/vigilant.es\/pt\/politica-de-privacidade\/","title":{"rendered":"Pol\u00edtica de Privacidade"},"content":{"rendered":"<div class=\"fusion-fullwidth fullwidth-box fusion-builder-row-1 fusion-flex-container nonhundred-percent-fullwidth non-hundred-percent-height-scrolling\" style=\"--awb-border-radius-top-left:0px;--awb-border-radius-top-right:0px;--awb-border-radius-bottom-right:0px;--awb-border-radius-bottom-left:0px;--awb-flex-wrap:wrap;\" ><div class=\"fusion-builder-row fusion-row fusion-flex-align-items-flex-start fusion-flex-content-wrap\" style=\"max-width:1216.8px;margin-left: calc(-4% \/ 2 );margin-right: calc(-4% \/ 2 );\"><div class=\"fusion-layout-column fusion_builder_column fusion-builder-column-0 fusion_builder_column_1_1 1_1 fusion-flex-column\" style=\"--awb-bg-blend:overlay;--awb-bg-size:cover;--awb-width-large:100%;--awb-margin-top-large:0px;--awb-spacing-right-large:1.92%;--awb-margin-bottom-large:0px;--awb-spacing-left-large:1.92%;--awb-width-medium:100%;--awb-spacing-right-medium:1.92%;--awb-spacing-left-medium:1.92%;--awb-width-small:100%;--awb-spacing-right-small:1.92%;--awb-spacing-left-small:1.92%;\"><div class=\"fusion-column-wrapper fusion-flex-justify-content-flex-start fusion-content-layout-column\"><div class=\"fusion-text fusion-text-1\"><p><strong>POL\u00cdTICA DE PRIVACIDADE<\/strong><\/p>\n<p>O objetivo desta pol\u00edtica \u00e9 informar os titulares dos dados sobre os diferentes tratamentos efetuados por esta organiza\u00e7\u00e3o atrav\u00e9s do site e que afetam os seus dados pessoais de acordo com o disposto no Regulamento (UE) 2016\/679 do Parlamento Europeu e do Conselho, de 27 de abril de 2016, e na Lei Org\u00e2nica 3\/2018.\u00a0 de 5 de dezembro, sobre a Prote\u00e7\u00e3o de Dados Pessoais e garantia dos direitos digitais.<\/p>\n<h3>1.\u00a0\u00a0\u00a0\u00a0 IDENTIFICA\u00c7\u00c3O E CONTACTOS DO RESPONS\u00c1VEL PELO TRATAMENTO<\/h3>\n<p>RADIOBIT SISTEMAS SL, domiciliada em C\/ Relleu 4, esc. 3, local 3 (03502 Benidorm) Alicante, com B03961554 NIF, 965856457 n\u00famero de telefone de contacto e protecciondedatos@vigilant.es <u>\u00a0\u00a0de e-mail<\/u><\/p>\n<p><strong><u>RESPONS\u00c1VEL PELA PROTE\u00c7\u00c3O DE DADOS<\/u><\/strong><\/p>\n<p>SEGURIDAD Y PRIVACIDAD DE DATOS, SL, com o n\u00famero de telefone de contacto <a href=\"tel:+34963122868\">963 122 868<\/a> e e-mail <a href=\"mailto:infodpo@forlopd.es\">infodpo@forlopd.es<\/a><\/p>\n<h3>2.\u00a0\u00a0\u00a0\u00a0 FINALIDADES DO TRATAMENTO DOS SEUS DADOS PESSOAIS<\/h3>\n<ul>\n<li><strong>UTILIZADORES\/NAVEGANTES DO WEBSITE DO RESPONS\u00c1VEL <\/strong>Trataremos os dados pessoais fornecidos para:<\/li>\n<\/ul>\n<ul>\n<li style=\"list-style-type: none;\">\n<ul>\n<li>Para atender solicita\u00e7\u00f5es, reclama\u00e7\u00f5es e incidentes transferidos atrav\u00e9s de nossos canais de contato incorporados ao site.<\/li>\n<li>Para compreender o comportamento do internauta dentro do site, a fim de detetar poss\u00edveis ataques inform\u00e1ticos no nosso site.<\/li>\n<li>Para cumprir com as obriga\u00e7\u00f5es legais que nos s\u00e3o diretamente aplic\u00e1veis e regular a nossa atividade.<\/li>\n<li>Proteger e exercer os nossos direitos ou responder a reclama\u00e7\u00f5es de qualquer tipo.<\/li>\n<li>Quando apropriado, envio de comunica\u00e7\u00f5es comerciais relativas aos bens ou servi\u00e7os que comp\u00f5em a nossa atividade e\/ou not\u00edcias ou newsletters relacionadas com o nosso setor. A sua recusa em fornecer-nos autoriza\u00e7\u00e3o significar\u00e1 que n\u00e3o ser\u00e1 poss\u00edvel \u00e0 entidade enviar-lhe informa\u00e7\u00f5es.<\/li>\n<li>Se for caso disso, gerir a sua participa\u00e7\u00e3o em concursos e promo\u00e7\u00f5es realizadas pela entidade. A sua recusa em fornecer-nos autoriza\u00e7\u00e3o resultar\u00e1 na impossibilidade de participar.<\/li>\n<li>Se for caso disso, enviar inqu\u00e9ritos de satisfa\u00e7\u00e3o e\/ou qualidade. A sua recusa em nos fornecer autoriza\u00e7\u00e3o impossibilitar\u00e1 a avalia\u00e7\u00e3o do servi\u00e7o prestado.<\/li>\n<li>Gerencie, administre, monitore sua atividade no blog\/f\u00f3rum incorporado. A sua recusa em fornecer-nos autoriza\u00e7\u00e3o resultar\u00e1 na impossibilidade de participar.<\/li>\n<\/ul>\n<\/li>\n<\/ul>\n<ul>\n<li><strong>CLIENTES <\/strong><\/li>\n<\/ul>\n<p style=\"padding-left: 40px;\">Em suma, para as finalidades indicadas na sec\u00e7\u00e3o &#8220;utilizadores\/navegadores do website&#8221;, trataremos os seus dados pessoais fornecidos a:<\/p>\n<ul>\n<li style=\"list-style-type: none;\">\n<ul>\n<li>Gerir a rela\u00e7\u00e3o comercial.<\/li>\n<li>Para gerir a presta\u00e7\u00e3o dos servi\u00e7os que contratou.<\/li>\n<li>Procedimentos relacionados com o envio e rece\u00e7\u00e3o do produto adquirido.<\/li>\n<li>Realizar procedimentos administrativos, contabil\u00edsticos e fiscais.<\/li>\n<\/ul>\n<\/li>\n<\/ul>\n<ul>\n<li><strong>FORNECEDORES<\/strong><\/li>\n<\/ul>\n<p style=\"padding-left: 40px;\">Em suma, para as finalidades indicadas na sec\u00e7\u00e3o &#8220;<em>utilizadores\/navegadores do website<\/em>&#8220;, trataremos os seus dados pessoais fornecidos a:<\/p>\n<ul>\n<li style=\"list-style-type: none;\">\n<ul>\n<li>Gerir a rela\u00e7\u00e3o comercial.<\/li>\n<li>Realizar procedimentos administrativos, contabil\u00edsticos e fiscais.<\/li>\n<\/ul>\n<\/li>\n<\/ul>\n<h3>3.\u00a0\u00a0\u00a0\u00a0 BASE JUR\u00cdDICA PARA O TRATAMENTO<\/h3>\n<ul>\n<li><strong>UTILIZADORES\/NAVEGANTES DO WEBSITE DO RESPONS\u00c1VEL<\/strong>\n<ul>\n<li>No consentimento que nos deu para processar os seus dados para as finalidades indicadas. A recusa em fornecer os seus dados pessoais impossibilitar\u00e1 o tratamento dos seus dados para as finalidades acima mencionadas.<\/li>\n<li>Para cumprir as obriga\u00e7\u00f5es legais que se aplicam a n\u00f3s. Neste caso, o titular dos dados n\u00e3o pode opor-se ao tratamento dos dados pessoais.<\/li>\n<li>No nosso interesse leg\u00edtimo de proteger a nossa imagem, neg\u00f3cio e historial, prevenindo ataques ao nosso website. Neste caso, o interessado n\u00e3o pode recusar o tratamento de dados pessoais, embora possa exercer, se for caso disso, os direitos reconhecidos na sec\u00e7\u00e3o &#8220;direitos&#8221; desta pol\u00edtica.<\/li>\n<\/ul>\n<\/li>\n<\/ul>\n<ul>\n<li><strong>CLIENTES <\/strong>\n<ul>\n<li>Execu\u00e7\u00e3o de um contrato no qual \u00e9 parte ou aplica\u00e7\u00e3o de medidas pr\u00e9-contratuais. A recusa em fornecer os seus dados pessoais impossibilitar\u00e1 o tratamento dos seus dados para as finalidades acima mencionadas.<\/li>\n<li>No consentimento que nos deu para processar os seus dados para fins n\u00e3o relacionados com o desenvolvimento ou execu\u00e7\u00e3o do contrato existente. A recusa em fornecer os seus dados pessoais impossibilitar\u00e1 o tratamento dos seus dados para as finalidades acima mencionadas.<\/li>\n<li>Para cumprir as obriga\u00e7\u00f5es legais que se aplicam a n\u00f3s. Neste caso, o titular dos dados n\u00e3o pode opor-se ao tratamento dos dados pessoais.<\/li>\n<li>No nosso interesse leg\u00edtimo de proteger a nossa imagem, neg\u00f3cio e historial, prevenindo ataques ao nosso website. Neste caso, o interessado n\u00e3o pode recusar o tratamento de dados pessoais, embora possa exercer, se for caso disso, os direitos reconhecidos na sec\u00e7\u00e3o &#8220;direitos&#8221; desta pol\u00edtica.<\/li>\n<\/ul>\n<\/li>\n<\/ul>\n<ul>\n<li><strong>FORNECEDORES <\/strong>\n<ul>\n<li>Execu\u00e7\u00e3o de um contrato no qual \u00e9 parte ou aplica\u00e7\u00e3o de medidas pr\u00e9-contratuais. A recusa em fornecer os seus dados pessoais impossibilitar\u00e1 o tratamento dos seus dados para as finalidades acima mencionadas.<\/li>\n<li>No consentimento que nos deu para processar os seus dados para fins n\u00e3o relacionados com o desenvolvimento ou execu\u00e7\u00e3o do contrato existente. A recusa em fornecer os seus dados pessoais impossibilitar\u00e1 o tratamento dos seus dados para as finalidades acima mencionadas.<\/li>\n<li>Para cumprir as obriga\u00e7\u00f5es legais que se aplicam a n\u00f3s. Neste caso, o titular dos dados n\u00e3o pode opor-se ao tratamento dos dados pessoais.<\/li>\n<li>No nosso interesse leg\u00edtimo de proteger a nossa imagem, neg\u00f3cio e historial, prevenindo ataques ao nosso website. Neste caso, o interessado n\u00e3o pode recusar o tratamento de dados pessoais, embora possa exercer, se for caso disso, os direitos reconhecidos na sec\u00e7\u00e3o &#8220;direitos&#8221; desta pol\u00edtica.<\/li>\n<\/ul>\n<\/li>\n<\/ul>\n<h3>4.\u00a0\u00a0\u00a0\u00a0 PLUGINS E FERRAMENTAS PARA WEBSITES<\/h3>\n<ul>\n<li><strong>Pop-up WhatsApp<\/strong><\/li>\n<\/ul>\n<p>O site possui um canal de WhatsApp para permitir a comunica\u00e7\u00e3o com o atendimento ao cliente. No entanto, deve estar ciente de que o nosso fornecedor tem a sua pr\u00f3pria pol\u00edtica de privacidade, pelo que recomendamos que reveja as suas defini\u00e7\u00f5es no servi\u00e7o e leia atentamente a pol\u00edtica de privacidade. Voc\u00ea pode acess\u00e1-lo clicando <a href=\"https:\/\/vigilant.es\/pt\/politica-de-privacidade\/\"><strong>aqui<\/strong><\/a>. <a href=\"https:\/\/www.whatsapp.com\/legal\/privacy-policy-eea\/?locale=es_LA#privacy-policy\u00a0 OUR-GLOBAL-OPERATIONSNM\">https:\/\/www.whatsapp.com\/legal\/privacy-policy-eea\/?locale=es_LA#privacy-policy\u00a0 OUR-GLOBAL-OPERATIONSNM<\/a><\/p>\n<ul>\n<li><strong>Bot de bate-papo<\/strong><\/li>\n<\/ul>\n<p>O site tem um canal de bate-papo de bot para se comunicar com o suporte ao cliente. Para iniciar a conversa, precisaremos que voc\u00ea nos d\u00ea seu consentimento com anteced\u00eancia. No entanto, deve estar ciente de que o nosso fornecedor tem a sua pr\u00f3pria pol\u00edtica de privacidade, pelo que recomendamos que reveja as suas defini\u00e7\u00f5es no servi\u00e7o e leia atentamente a pol\u00edtica de privacidade. Voc\u00ea pode acess\u00e1-lo clicando <a href=\"https:\/\/vigilant.es\/pt\/politica-de-privacidade\/\">aqui<\/a>.<\/p>\n<ul>\n<li><strong>Google reCAPTCHA<\/strong><\/li>\n<\/ul>\n<p>Usamos o servi\u00e7o Google reCAPTCHA para detetar, com base no interesse leg\u00edtimo, se o site est\u00e1 sendo usado por bots, a fim de proteger o portal e evitar pr\u00e1ticas abusivas e fraudulentas, como o envio de spam.<\/p>\n<p>Pode aceder \u00e0 pol\u00edtica de privacidade do nosso fornecedor clicando <a href=\"https:\/\/vigilant.es\/pt\/politica-de-privacidade\/\"><u>aqui\u00a0<\/u><\/a><\/p>\n<p><a href=\"https:\/\/policies.google.com\/privacy?hl=es\">https:\/\/policies.google.com\/privacy?hl=es<\/a>]<\/p>\n<ul>\n<li><strong>V\u00eddeos <\/strong><\/li>\n<\/ul>\n<p>Nosso site usa plug-ins da plataforma YouTube com tecnologia oferecida pelo Google. O Youtube s\u00f3 associar\u00e1 o seu comportamento de navega\u00e7\u00e3o ao seu perfil pessoal se tiver sess\u00e3o iniciada na sua conta. Voc\u00ea pode evitar isso fazendo logout.<\/p>\n<p>Recomendamos que leia atentamente a pol\u00edtica de privacidade do nosso fornecedor clicando <u>aqui<\/u>. [POL\u00cdTICA DE PRIVACIDADE DO PROVEDOR DE HIPERLINKS: \u00a0https:\/\/policies.google.com\/privacy?hl=es]<\/p>\n<h3>5.\u00a0\u00a0\u00a0\u00a0 PRAZOS OU CRIT\u00c9RIOS DE CONSERVA\u00c7\u00c3O DOS DADOS<\/h3>\n<p>Os dados pessoais fornecidos ser\u00e3o conservados pelo tempo necess\u00e1rio para cumprir as finalidades para as quais foram inicialmente recolhidos.<\/p>\n<p>Uma vez que os dados deixem de ser necess\u00e1rios para o tratamento em causa, ser\u00e3o devidamente bloqueados para, se for caso disso, os colocar \u00e0 disposi\u00e7\u00e3o das Administra\u00e7\u00f5es e Organismos P\u00fablicos competentes, Ju\u00edzes e Tribunais ou do Minist\u00e9rio P\u00fablico, durante o prazo de prescri\u00e7\u00e3o para a\u00e7\u00f5es que possam decorrer da rela\u00e7\u00e3o com o cliente e\/ou os prazos de conserva\u00e7\u00e3o previstos na lei.<\/p>\n<h3>6.\u00a0\u00a0\u00a0\u00a0 DECIS\u00d5ES AUTOMATIZADAS E DEFINI\u00c7\u00c3O DE PERFIS<\/h3>\n<p>O site n\u00e3o toma decis\u00f5es automatizadas nem cria perfis.<\/p>\n<h3>7.\u00a0\u00a0\u00a0\u00a0 DESTINAT\u00c1RIOS<\/h3>\n<p>Durante o per\u00edodo de tratamento dos seus dados pessoais, a organiza\u00e7\u00e3o poder\u00e1 transferir os seus dados para os seguintes destinat\u00e1rios:<\/p>\n<ul>\n<li>Ju\u00edzes e Tribunais.<\/li>\n<li>For\u00e7as e Corpo de Seguran\u00e7a do Estado.<\/li>\n<li>Outras autoridades ou organismos p\u00fablicos competentes, quando o respons\u00e1vel pelo tratamento tiver a obriga\u00e7\u00e3o legal de fornecer dados pessoais.<\/li>\n<li>\n<h3>Quando apropriado, aos Processadores de Dados que nos prestam servi\u00e7os.<\/h3>\n<\/li>\n<\/ul>\n<h3>8.\u00a0\u00a0\u00a0\u00a0 TRANSFER\u00caNCIAS INTERNACIONAIS DE DADOS<\/h3>\n<p>A organiza\u00e7\u00e3o n\u00e3o realiza qualquer Transfer\u00eancia Internacional de Dados. No caso de ser posteriormente necess\u00e1rio realizar transfer\u00eancias internacionais de dados, o grau de prote\u00e7\u00e3o do pa\u00eds de destino ser\u00e1 verificado e as garantias exigidas pelos regulamentos ser\u00e3o adotadas.<\/p>\n<h3>9.\u00a0\u00a0\u00a0\u00a0\u00a0\u00a0 REDES SOCIAIS<\/h3>\n<p>Para que fa\u00e7a parte da nossa atividade, e para que possa estar a par das nossas novidades, informamos que a RADIOBIT SISTEMAS SL criou um perfil nas Redes Sociais.<\/p>\n<p>Todos os utilizadores t\u00eam a oportunidade de se juntar \u00e0s nossas redes sociais ou grupos. No entanto, deve ter em conta que, a menos que solicitemos os seus dados diretamente (por exemplo, atrav\u00e9s de a\u00e7\u00f5es de marketing, concursos, promo\u00e7\u00f5es ou qualquer outra forma v\u00e1lida), os seus dados pertencer\u00e3o \u00e0 Rede Social correspondente, pelo que recomendamos que leia atentamente os respetivos termos de utiliza\u00e7\u00e3o e pol\u00edticas de privacidade, bem como certifique-se de configurar as suas prefer\u00eancias relativamente ao tratamento de dados.<\/p>\n<p>Abaixo, detalhamos o link para a pol\u00edtica de privacidade das diferentes Redes Sociais em que estamos presentes, para que possa aceder \u00e0s pol\u00edticas de privacidade em todos os momentos e configurar o seu perfil para garantir a sua privacidade:<\/p>\n<p><strong>Facebook: <\/strong><u>https:\/\/es-es.facebook.com\/privacy\/policy\/?entry_point=facebook_page_footer <\/u><\/p>\n<p><strong>Twitter: <\/strong><u>https:\/\/twitter.com\/es\/privacy<\/u><\/p>\n<p><strong>LinkedIN: <\/strong><a href=\"https:\/\/www.linkedin.com\/legal\/privacy-policy?_l=es_ES\">https:\/\/es.linkedin.com\/legal\/privacy-policy<\/a><\/p>\n<p><strong>Youtube<\/strong>:<a href=\"https:\/\/www.youtube.com\/yt\/policyandsafety\/es\/\">https:\/\/www.youtube.com\/intl\/ALL_es\/howyoutubeworks\/our-commitments\/protecting-user-data\/<\/a><\/p>\n<p><strong>Instagram: <\/strong><a href=\"https:\/\/privacycenter.instagram.com\/\">https:\/\/privacycenter.instagram.com\/<\/a><\/p>\n<h3>10.\u00a0\u00a0\u00a0 DIREITOS<\/h3>\n<p>Os interessados podem solicitar mais informa\u00e7\u00f5es sobre o tratamento dos seus dados pessoais, bem como exercer, a qualquer momento e gratuitamente, os direitos de acesso, retifica\u00e7\u00e3o e elimina\u00e7\u00e3o, bem como solicitar que o tratamento dos seus dados pessoais seja limitado, opor-se-lhe, solicitar a portabilidade dos mesmos (sempre que tecnicamente poss\u00edvel) ou retirar o consentimento dado,\u00a0 Se for caso disso, n\u00e3o ser objeto de uma decis\u00e3o baseada exclusivamente no tratamento automatizado, incluindo a defini\u00e7\u00e3o de perfis.<\/p>\n<p>Para fazer isso, voc\u00ea pode usar os formul\u00e1rios fornecidos pela organiza\u00e7\u00e3o, ou enviar uma carta para o endere\u00e7o postal ou endere\u00e7o de e-mail mencionado no cabe\u00e7alho. Para os devidos fins, informamos que poder\u00e1 ser-lhe pedido o seu bilhete de identidade ou qualquer outro documento semelhante, a fim de comprovar a sua identidade, desde que tal n\u00e3o possa ser feito por outros meios menos intrusivos.<\/p>\n<p>Caso considere que os seus direitos relativos \u00e0 prote\u00e7\u00e3o dos seus dados pessoais foram violados, especialmente quando n\u00e3o obteve satisfa\u00e7\u00e3o no exerc\u00edcio dos seus direitos, pode apresentar uma reclama\u00e7\u00e3o junto da Autoridade Supervisora de Prote\u00e7\u00e3o de Dados competente (Ag\u00eancia Espanhola de Prote\u00e7\u00e3o de Dados), atrav\u00e9s do seu site <u>www.aepd.es <\/u><\/p>\n<h3>11.\u00a0\u00a0\u00a0 VERACIDADE DOS DADOS<\/h3>\n<p>O interessado garante que os dados fornecidos s\u00e3o verdadeiros, exatos, completos e atualizados; comprometendo-se a informar de qualquer altera\u00e7\u00e3o relativa aos dados fornecidos, atrav\u00e9s dos canais habilitados para o efeito e indicados no ponto um da presente pol\u00edtica. Ser\u00e1 respons\u00e1vel por quaisquer danos, diretos e indiretos, que possa causar em resultado do incumprimento desta obriga\u00e7\u00e3o.<\/p>\n<p>No caso de o utilizador fornecer dados de terceiros, declara que tem o consentimento dos interessados e compromete-se a transferir a informa\u00e7\u00e3o contida nesta cl\u00e1usula, isentando a organiza\u00e7\u00e3o de qualquer responsabilidade decorrente do incumprimento desta obriga\u00e7\u00e3o.<\/p>\n<h3>12.\u00a0\u00a0\u00a0 MODIFICA\u00c7\u00d5ES E ATUALIZA\u00c7\u00d5ES<\/h3>\n<p>Esta pol\u00edtica de privacidade pode ser modificada\/atualizada de acordo com os requisitos legais estabelecidos ou para adaptar a referida pol\u00edtica \u00e0s instru\u00e7\u00f5es emitidas pela Ag\u00eancia Espanhola de Prote\u00e7\u00e3o de Dados, ou como resultado de altera\u00e7\u00f5es no nosso site. Por esta raz\u00e3o, aconselhamos os utilizadores a visitar periodicamente a nossa Pol\u00edtica de Privacidade.<\/p>\n<p>Se voc\u00ea tiver alguma d\u00favida sobre esta pol\u00edtica, voc\u00ea pode entrar em contato com a RADIOBIT SISTEMAS SL atrav\u00e9s dos formul\u00e1rios fornecidos pela organiza\u00e7\u00e3o, ou escrever para o endere\u00e7o postal ou endere\u00e7o de e-mail mencionado no cabe\u00e7alho.<\/p>\n<p><em>\u00daltima revis\u00e3o em 26 de mar\u00e7o de 2024<\/em><\/p>\n<\/div><\/div><\/div><\/div><\/div>\n","protected":false},"excerpt":{"rendered":"","protected":false},"author":21,"featured_media":0,"parent":0,"menu_order":100,"comment_status":"closed","ping_status":"closed","template":"","meta":{"content-type":"","footnotes":""},"casos_de_exito":[],"class_list":["post-1388","page","type-page","status-publish","hentry"],"yoast_head":"<!-- This site is optimized with the Yoast SEO plugin v27.4 - https:\/\/yoast.com\/product\/yoast-seo-wordpress\/ -->\n<title>Pol\u00edtica de Privacidade - Vigilant | Control Horario<\/title>\n<meta name=\"robots\" content=\"noindex, nofollow\" \/>\n<meta property=\"og:locale\" content=\"pt_PT\" \/>\n<meta property=\"og:type\" content=\"article\" \/>\n<meta property=\"og:title\" content=\"Pol\u00edtica de Privacidade - Vigilant | Control Horario\" \/>\n<meta property=\"og:url\" content=\"https:\/\/vigilant.es\/pt\/politica-de-privacidade\/\" \/>\n<meta property=\"og:site_name\" content=\"Vigilant | Control Horario\" \/>\n<meta property=\"article:modified_time\" content=\"2024-10-24T10:55:17+00:00\" \/>\n<meta name=\"twitter:card\" content=\"summary_large_image\" \/>\n<meta name=\"twitter:label1\" content=\"Tempo estimado de leitura\" \/>\n\t<meta name=\"twitter:data1\" content=\"11 minutos\" \/>\n<script type=\"application\/ld+json\" class=\"yoast-schema-graph\">{\"@context\":\"https:\\\/\\\/schema.org\",\"@graph\":[{\"@type\":\"WebPage\",\"@id\":\"https:\\\/\\\/vigilant.es\\\/pt\\\/politica-de-privacidade\\\/\",\"url\":\"https:\\\/\\\/vigilant.es\\\/pt\\\/politica-de-privacidade\\\/\",\"name\":\"Pol\u00edtica de Privacidade - Vigilant | Control Horario\",\"isPartOf\":{\"@id\":\"https:\\\/\\\/vigilant.es\\\/pt\\\/#website\"},\"datePublished\":\"2019-01-24T10:33:49+00:00\",\"dateModified\":\"2024-10-24T10:55:17+00:00\",\"breadcrumb\":{\"@id\":\"https:\\\/\\\/vigilant.es\\\/pt\\\/politica-de-privacidade\\\/#breadcrumb\"},\"inLanguage\":\"pt-PT\",\"potentialAction\":[{\"@type\":\"ReadAction\",\"target\":[\"https:\\\/\\\/vigilant.es\\\/pt\\\/politica-de-privacidade\\\/\"]}]},{\"@type\":\"BreadcrumbList\",\"@id\":\"https:\\\/\\\/vigilant.es\\\/pt\\\/politica-de-privacidade\\\/#breadcrumb\",\"itemListElement\":[{\"@type\":\"ListItem\",\"position\":1,\"name\":\"Portada\",\"item\":\"https:\\\/\\\/vigilant.es\\\/pt\\\/\"},{\"@type\":\"ListItem\",\"position\":2,\"name\":\"Pol\u00edtica de Privacidade\"}]},{\"@type\":\"WebSite\",\"@id\":\"https:\\\/\\\/vigilant.es\\\/pt\\\/#website\",\"url\":\"https:\\\/\\\/vigilant.es\\\/pt\\\/\",\"name\":\"Vigilant | Control Horario\",\"description\":\"Control Horario | Control Horas Empleados\",\"potentialAction\":[{\"@type\":\"SearchAction\",\"target\":{\"@type\":\"EntryPoint\",\"urlTemplate\":\"https:\\\/\\\/vigilant.es\\\/pt\\\/?s={search_term_string}\"},\"query-input\":{\"@type\":\"PropertyValueSpecification\",\"valueRequired\":true,\"valueName\":\"search_term_string\"}}],\"inLanguage\":\"pt-PT\"}]}<\/script>\n<!-- \/ Yoast SEO plugin. -->","yoast_head_json":{"title":"Pol\u00edtica de Privacidade - Vigilant | Control Horario","robots":{"index":"noindex","follow":"nofollow"},"og_locale":"pt_PT","og_type":"article","og_title":"Pol\u00edtica de Privacidade - Vigilant | Control Horario","og_url":"https:\/\/vigilant.es\/pt\/politica-de-privacidade\/","og_site_name":"Vigilant | Control Horario","article_modified_time":"2024-10-24T10:55:17+00:00","twitter_card":"summary_large_image","twitter_misc":{"Tempo estimado de leitura":"11 minutos"},"schema":{"@context":"https:\/\/schema.org","@graph":[{"@type":"WebPage","@id":"https:\/\/vigilant.es\/pt\/politica-de-privacidade\/","url":"https:\/\/vigilant.es\/pt\/politica-de-privacidade\/","name":"Pol\u00edtica de Privacidade - Vigilant | Control Horario","isPartOf":{"@id":"https:\/\/vigilant.es\/pt\/#website"},"datePublished":"2019-01-24T10:33:49+00:00","dateModified":"2024-10-24T10:55:17+00:00","breadcrumb":{"@id":"https:\/\/vigilant.es\/pt\/politica-de-privacidade\/#breadcrumb"},"inLanguage":"pt-PT","potentialAction":[{"@type":"ReadAction","target":["https:\/\/vigilant.es\/pt\/politica-de-privacidade\/"]}]},{"@type":"BreadcrumbList","@id":"https:\/\/vigilant.es\/pt\/politica-de-privacidade\/#breadcrumb","itemListElement":[{"@type":"ListItem","position":1,"name":"Portada","item":"https:\/\/vigilant.es\/pt\/"},{"@type":"ListItem","position":2,"name":"Pol\u00edtica de Privacidade"}]},{"@type":"WebSite","@id":"https:\/\/vigilant.es\/pt\/#website","url":"https:\/\/vigilant.es\/pt\/","name":"Vigilant | Control Horario","description":"Control Horario | Control Horas Empleados","potentialAction":[{"@type":"SearchAction","target":{"@type":"EntryPoint","urlTemplate":"https:\/\/vigilant.es\/pt\/?s={search_term_string}"},"query-input":{"@type":"PropertyValueSpecification","valueRequired":true,"valueName":"search_term_string"}}],"inLanguage":"pt-PT"}]}},"_links":{"self":[{"href":"https:\/\/vigilant.es\/pt\/wp-json\/wp\/v2\/pages\/1388","targetHints":{"allow":["GET"]}}],"collection":[{"href":"https:\/\/vigilant.es\/pt\/wp-json\/wp\/v2\/pages"}],"about":[{"href":"https:\/\/vigilant.es\/pt\/wp-json\/wp\/v2\/types\/page"}],"author":[{"embeddable":true,"href":"https:\/\/vigilant.es\/pt\/wp-json\/wp\/v2\/users\/21"}],"replies":[{"embeddable":true,"href":"https:\/\/vigilant.es\/pt\/wp-json\/wp\/v2\/comments?post=1388"}],"version-history":[{"count":8,"href":"https:\/\/vigilant.es\/pt\/wp-json\/wp\/v2\/pages\/1388\/revisions"}],"predecessor-version":[{"id":19053,"href":"https:\/\/vigilant.es\/pt\/wp-json\/wp\/v2\/pages\/1388\/revisions\/19053"}],"wp:attachment":[{"href":"https:\/\/vigilant.es\/pt\/wp-json\/wp\/v2\/media?parent=1388"}],"wp:term":[{"taxonomy":"casos_de_exito","embeddable":true,"href":"https:\/\/vigilant.es\/pt\/wp-json\/wp\/v2\/casos_de_exito?post=1388"}],"curies":[{"name":"wp","href":"https:\/\/api.w.org\/{rel}","templated":true}]}}